{"id":1887,"date":"2024-05-07T12:45:35","date_gmt":"2024-05-07T12:45:35","guid":{"rendered":"https:\/\/pazustpriedes.lv\/?post_type=product&#038;p=1887"},"modified":"2024-08-19T07:12:28","modified_gmt":"2024-08-19T07:12:28","slug":"pazust-priedes-davanu-karte","status":"publish","type":"product","link":"https:\/\/pazustpriedes.lv\/en\/product\/pazust-priedes-davanu-karte\/","title":{"rendered":"Pazust Pried\u0113s gift card"},"content":{"rendered":"<div class=\"elementor-element elementor-element-62bd58c9 elementor-widget elementor-widget-heading\" data-id=\"62bd58c9\" data-element_type=\"widget\" data-widget_type=\"heading.default\">\n<div class=\"elementor-widget-container\">\n<h2 class=\"elementor-heading-title elementor-size-default\">Gift card<\/h2>\n<\/div>\n<\/div>\n<div class=\"elementor-element elementor-element-24380896 elementor-widget elementor-widget-text-editor\" data-id=\"24380896\" data-element_type=\"widget\" data-widget_type=\"text-editor.default\">\n<div class=\"elementor-widget-container\">\n<p>Iepriecini savus tuvos un uzd\u0101vini tiem jau sen peln\u012btu atp\u016btu! Lielisks veids k\u0101 rad\u012bt neaizmirstamas atmi\u0146as un pasl\u0113pties no ikdienas steigas, \u013caujoties \u201cPazust Pried\u0113s\u201d.<\/p>\n<p>A gift card can be purchased from the amount of 70.00 EUR.<\/p>\n<p>&nbsp;<\/p>\n<p><strong>Gift card options:<\/strong><\/p>\n<p>1. Electronic format. It will be sent to the e-mail address you provide us;<\/p>\n<p>2. Fiziski druk\u0101t\u0101 veid\u0101, iesai\u0146ota aploksn\u0113 ar sat\u012bna lenti (+2.50 EUR par druk\u0101to variantu). Tiek izs\u016bt\u012bta ar pakom\u0101tu starpniec\u012bbu (+3.00 EUR).<\/p>\n<p>&nbsp;<\/p>\n<p>Ja izv\u0113lies druk\u0101to variantu, pas\u016bt\u012bjuma deta\u013c\u0101s, l\u016bdzu, nor\u0101di uz kuru pakom\u0101tu d\u0101vanu karti s\u016bt\u012bt.<\/p>\n<p>The gift card is valid for any \"Pazust Pried\u0113s\" service.<br \/>\nIt is possible for the guest to add an additional amount to the amount of the gift card by prior agreement, if there is a desire to use services that cost more than the amount included in the gift card.<\/p>\n<p><strong>D\u0101vanu kartes der\u012bguma termi\u0146\u0161: 12 m\u0113ne\u0161i (ja nav nor\u0101d\u012bts cit\u0101d\u0101k).\u00a0<\/strong><\/p>\n<\/div>\n<\/div>","protected":false},"excerpt":{"rendered":"<p>D\u0101vanu karte Iepriecini savus tuvos un uzd\u0101vini tiem jau sen peln\u012btu atp\u016btu! Lielisks veids k\u0101 rad\u012bt neaizmirstamas atmi\u0146as un pasl\u0113pties no ikdienas steigas, \u013caujoties \u201cPazust Pried\u0113s\u201d. D\u0101vanu karti iesp\u0113jams ieg\u0101d\u0101ties s\u0101kot no 70.00 EUR summas. &nbsp; D\u0101vanu kartes form\u0101ti: 1. Elektronisk\u0101 form\u0101t\u0101. Tiek nos\u016bt\u012bta uz J\u016bsu nor\u0101d\u012bto e-pasta adresi; 2. Fiziski druk\u0101t\u0101 veid\u0101, iesai\u0146ota aploksn\u0113 &hellip;<\/p>\n<p class=\"read-more\"> <a class=\"\" href=\"https:\/\/pazustpriedes.lv\/en\/product\/pazust-priedes-davanu-karte\/\"> <span class=\"screen-reader-text\">Pazust Pried\u0113s gift card<\/span> Read More &raquo;<\/a><\/p>","protected":false},"featured_media":2235,"template":"","meta":{"site-sidebar-layout":"default","site-content-layout":"default","ast-global-header-display":"","ast-main-header-display":"","ast-hfb-above-header-display":"","ast-hfb-below-header-display":"","ast-hfb-mobile-header-display":"","site-post-title":"","ast-breadcrumbs-content":"","ast-featured-img":"","footer-sml-layout":"","theme-transparent-header-meta":"default","adv-header-id-meta":"","stick-header-meta":"","header-above-stick-meta":"","header-main-stick-meta":"","header-below-stick-meta":""},"product_cat":[20],"product_tag":[],"class_list":{"0":"post-1887","1":"product","2":"type-product","3":"status-publish","4":"has-post-thumbnail","6":"product_cat-uncategorized","7":"yith_booking_service-drukata-versija-tiek-izsutita-ar-omnivu","8":"desktop-align-left","9":"tablet-align-left","10":"mobile-align-left","12":"first","13":"instock","14":"taxable","15":"shipping-taxable","16":"purchasable","17":"product-type-variable"},"yoast_head":"<!-- This site is optimized with the Yoast SEO plugin v24.0 - https:\/\/yoast.com\/wordpress\/plugins\/seo\/ -->\n<title>Pazust Pried\u0113s d\u0101vanu karte - Atp\u016btas komplekss Pazust Pried\u0113s<\/title>\n<meta name=\"robots\" content=\"index, follow, max-snippet:-1, max-image-preview:large, max-video-preview:-1\" \/>\n<link rel=\"canonical\" href=\"https:\/\/pazustpriedes.lv\/en\/product\/pazust-priedes-davanu-karte\/\" \/>\n<meta property=\"og:locale\" content=\"en_GB\" \/>\n<meta property=\"og:type\" content=\"article\" \/>\n<meta property=\"og:title\" content=\"Pazust Pried\u0113s d\u0101vanu karte - Atp\u016btas komplekss Pazust Pried\u0113s\" \/>\n<meta property=\"og:description\" content=\"D\u0101vanu karte Iepriecini savus tuvos un uzd\u0101vini tiem jau sen peln\u012btu atp\u016btu! Lielisks veids k\u0101 rad\u012bt neaizmirstamas atmi\u0146as un pasl\u0113pties no ikdienas steigas, \u013caujoties \u201cPazust Pried\u0113s\u201d. D\u0101vanu karti iesp\u0113jams ieg\u0101d\u0101ties s\u0101kot no 70.00 EUR summas. &nbsp; D\u0101vanu kartes form\u0101ti: 1. Elektronisk\u0101 form\u0101t\u0101. Tiek nos\u016bt\u012bta uz J\u016bsu nor\u0101d\u012bto e-pasta adresi; 2. Fiziski druk\u0101t\u0101 veid\u0101, iesai\u0146ota aploksn\u0113 &hellip; Pazust Pried\u0113s d\u0101vanu karte Read More &raquo;\" \/>\n<meta property=\"og:url\" content=\"https:\/\/pazustpriedes.lv\/en\/product\/pazust-priedes-davanu-karte\/\" \/>\n<meta property=\"og:site_name\" content=\"Atp\u016btas komplekss Pazust Pried\u0113s\" \/>\n<meta property=\"article:modified_time\" content=\"2024-08-19T07:12:28+00:00\" \/>\n<meta property=\"og:image\" content=\"https:\/\/pazustpriedes.lv\/wp-content\/uploads\/2024\/08\/FotoValtersPelns_web-0022.jpg\" \/>\n\t<meta property=\"og:image:width\" content=\"1365\" \/>\n\t<meta property=\"og:image:height\" content=\"2048\" \/>\n\t<meta property=\"og:image:type\" content=\"image\/jpeg\" \/>\n<meta name=\"twitter:card\" content=\"summary_large_image\" \/>\n<meta name=\"twitter:label1\" content=\"Estimated reading time\" \/>\n\t<meta name=\"twitter:data1\" content=\"1 minute\" \/>\n<script type=\"application\/ld+json\" class=\"yoast-schema-graph\">{\"@context\":\"https:\/\/schema.org\",\"@graph\":[{\"@type\":\"WebPage\",\"@id\":\"https:\/\/pazustpriedes.lv\/product\/pazust-priedes-davanu-karte\/\",\"url\":\"https:\/\/pazustpriedes.lv\/product\/pazust-priedes-davanu-karte\/\",\"name\":\"Pazust Pried\u0113s d\u0101vanu karte - Atp\u016btas komplekss Pazust Pried\u0113s\",\"isPartOf\":{\"@id\":\"https:\/\/pazustpriedes.lv\/#website\"},\"primaryImageOfPage\":{\"@id\":\"https:\/\/pazustpriedes.lv\/product\/pazust-priedes-davanu-karte\/#primaryimage\"},\"image\":{\"@id\":\"https:\/\/pazustpriedes.lv\/product\/pazust-priedes-davanu-karte\/#primaryimage\"},\"thumbnailUrl\":\"https:\/\/pazustpriedes.lv\/wp-content\/uploads\/2024\/08\/FotoValtersPelns_web-0022.jpg\",\"datePublished\":\"2024-05-07T12:45:35+00:00\",\"dateModified\":\"2024-08-19T07:12:28+00:00\",\"breadcrumb\":{\"@id\":\"https:\/\/pazustpriedes.lv\/product\/pazust-priedes-davanu-karte\/#breadcrumb\"},\"inLanguage\":\"en-GB\",\"potentialAction\":[{\"@type\":\"ReadAction\",\"target\":[\"https:\/\/pazustpriedes.lv\/product\/pazust-priedes-davanu-karte\/\"]}]},{\"@type\":\"ImageObject\",\"inLanguage\":\"en-GB\",\"@id\":\"https:\/\/pazustpriedes.lv\/product\/pazust-priedes-davanu-karte\/#primaryimage\",\"url\":\"https:\/\/pazustpriedes.lv\/wp-content\/uploads\/2024\/08\/FotoValtersPelns_web-0022.jpg\",\"contentUrl\":\"https:\/\/pazustpriedes.lv\/wp-content\/uploads\/2024\/08\/FotoValtersPelns_web-0022.jpg\",\"width\":1365,\"height\":2048},{\"@type\":\"BreadcrumbList\",\"@id\":\"https:\/\/pazustpriedes.lv\/product\/pazust-priedes-davanu-karte\/#breadcrumb\",\"itemListElement\":[{\"@type\":\"ListItem\",\"position\":1,\"name\":\"Home\",\"item\":\"https:\/\/pazustpriedes.lv\/\"},{\"@type\":\"ListItem\",\"position\":2,\"name\":\"Rezerv\u0101cija\",\"item\":\"https:\/\/pazustpriedes.lv\/rezervacija\/\"},{\"@type\":\"ListItem\",\"position\":3,\"name\":\"Pazust Pried\u0113s d\u0101vanu karte\"}]},{\"@type\":\"WebSite\",\"@id\":\"https:\/\/pazustpriedes.lv\/#website\",\"url\":\"https:\/\/pazustpriedes.lv\/\",\"name\":\"Pazust Pried\u0113s\",\"description\":\"\",\"publisher\":{\"@id\":\"https:\/\/pazustpriedes.lv\/#organization\"},\"potentialAction\":[{\"@type\":\"SearchAction\",\"target\":{\"@type\":\"EntryPoint\",\"urlTemplate\":\"https:\/\/pazustpriedes.lv\/?s={search_term_string}\"},\"query-input\":{\"@type\":\"PropertyValueSpecification\",\"valueRequired\":true,\"valueName\":\"search_term_string\"}}],\"inLanguage\":\"en-GB\"},{\"@type\":\"Organization\",\"@id\":\"https:\/\/pazustpriedes.lv\/#organization\",\"name\":\"Pazust Pried\u0113s\",\"url\":\"https:\/\/pazustpriedes.lv\/\",\"logo\":{\"@type\":\"ImageObject\",\"inLanguage\":\"en-GB\",\"@id\":\"https:\/\/pazustpriedes.lv\/#\/schema\/logo\/image\/\",\"url\":\"https:\/\/pazustpriedes.lv\/wp-content\/uploads\/2023\/03\/PazustPriedes_logo_b-1-1.png\",\"contentUrl\":\"https:\/\/pazustpriedes.lv\/wp-content\/uploads\/2023\/03\/PazustPriedes_logo_b-1-1.png\",\"width\":2000,\"height\":2000,\"caption\":\"Pazust Pried\u0113s\"},\"image\":{\"@id\":\"https:\/\/pazustpriedes.lv\/#\/schema\/logo\/image\/\"}}]}<\/script>\n<!-- \/ Yoast SEO plugin. -->","yoast_head_json":{"title":"Pazust Pried\u0113s d\u0101vanu karte - Atp\u016btas komplekss Pazust Pried\u0113s","robots":{"index":"index","follow":"follow","max-snippet":"max-snippet:-1","max-image-preview":"max-image-preview:large","max-video-preview":"max-video-preview:-1"},"canonical":"https:\/\/pazustpriedes.lv\/en\/product\/pazust-priedes-davanu-karte\/","og_locale":"en_GB","og_type":"article","og_title":"Pazust Pried\u0113s d\u0101vanu karte - Atp\u016btas komplekss Pazust Pried\u0113s","og_description":"D\u0101vanu karte Iepriecini savus tuvos un uzd\u0101vini tiem jau sen peln\u012btu atp\u016btu! Lielisks veids k\u0101 rad\u012bt neaizmirstamas atmi\u0146as un pasl\u0113pties no ikdienas steigas, \u013caujoties \u201cPazust Pried\u0113s\u201d. D\u0101vanu karti iesp\u0113jams ieg\u0101d\u0101ties s\u0101kot no 70.00 EUR summas. &nbsp; D\u0101vanu kartes form\u0101ti: 1. Elektronisk\u0101 form\u0101t\u0101. Tiek nos\u016bt\u012bta uz J\u016bsu nor\u0101d\u012bto e-pasta adresi; 2. Fiziski druk\u0101t\u0101 veid\u0101, iesai\u0146ota aploksn\u0113 &hellip; Pazust Pried\u0113s d\u0101vanu karte Read More &raquo;","og_url":"https:\/\/pazustpriedes.lv\/en\/product\/pazust-priedes-davanu-karte\/","og_site_name":"Atp\u016btas komplekss Pazust Pried\u0113s","article_modified_time":"2024-08-19T07:12:28+00:00","og_image":[{"width":1365,"height":2048,"url":"https:\/\/pazustpriedes.lv\/wp-content\/uploads\/2024\/08\/FotoValtersPelns_web-0022.jpg","type":"image\/jpeg"}],"twitter_card":"summary_large_image","twitter_misc":{"Estimated reading time":"1 minute"},"schema":{"@context":"https:\/\/schema.org","@graph":[{"@type":"WebPage","@id":"https:\/\/pazustpriedes.lv\/product\/pazust-priedes-davanu-karte\/","url":"https:\/\/pazustpriedes.lv\/product\/pazust-priedes-davanu-karte\/","name":"Pazust Pried\u0113s d\u0101vanu karte - Atp\u016btas komplekss Pazust Pried\u0113s","isPartOf":{"@id":"https:\/\/pazustpriedes.lv\/#website"},"primaryImageOfPage":{"@id":"https:\/\/pazustpriedes.lv\/product\/pazust-priedes-davanu-karte\/#primaryimage"},"image":{"@id":"https:\/\/pazustpriedes.lv\/product\/pazust-priedes-davanu-karte\/#primaryimage"},"thumbnailUrl":"https:\/\/pazustpriedes.lv\/wp-content\/uploads\/2024\/08\/FotoValtersPelns_web-0022.jpg","datePublished":"2024-05-07T12:45:35+00:00","dateModified":"2024-08-19T07:12:28+00:00","breadcrumb":{"@id":"https:\/\/pazustpriedes.lv\/product\/pazust-priedes-davanu-karte\/#breadcrumb"},"inLanguage":"en-GB","potentialAction":[{"@type":"ReadAction","target":["https:\/\/pazustpriedes.lv\/product\/pazust-priedes-davanu-karte\/"]}]},{"@type":"ImageObject","inLanguage":"en-GB","@id":"https:\/\/pazustpriedes.lv\/product\/pazust-priedes-davanu-karte\/#primaryimage","url":"https:\/\/pazustpriedes.lv\/wp-content\/uploads\/2024\/08\/FotoValtersPelns_web-0022.jpg","contentUrl":"https:\/\/pazustpriedes.lv\/wp-content\/uploads\/2024\/08\/FotoValtersPelns_web-0022.jpg","width":1365,"height":2048},{"@type":"BreadcrumbList","@id":"https:\/\/pazustpriedes.lv\/product\/pazust-priedes-davanu-karte\/#breadcrumb","itemListElement":[{"@type":"ListItem","position":1,"name":"Home","item":"https:\/\/pazustpriedes.lv\/"},{"@type":"ListItem","position":2,"name":"Rezerv\u0101cija","item":"https:\/\/pazustpriedes.lv\/rezervacija\/"},{"@type":"ListItem","position":3,"name":"Pazust Pried\u0113s d\u0101vanu karte"}]},{"@type":"WebSite","@id":"https:\/\/pazustpriedes.lv\/#website","url":"https:\/\/pazustpriedes.lv\/","name":"Pazust Pried\u0113s","description":"","publisher":{"@id":"https:\/\/pazustpriedes.lv\/#organization"},"potentialAction":[{"@type":"SearchAction","target":{"@type":"EntryPoint","urlTemplate":"https:\/\/pazustpriedes.lv\/?s={search_term_string}"},"query-input":{"@type":"PropertyValueSpecification","valueRequired":true,"valueName":"search_term_string"}}],"inLanguage":"en-GB"},{"@type":"Organization","@id":"https:\/\/pazustpriedes.lv\/#organization","name":"Pazust Pried\u0113s","url":"https:\/\/pazustpriedes.lv\/","logo":{"@type":"ImageObject","inLanguage":"en-GB","@id":"https:\/\/pazustpriedes.lv\/#\/schema\/logo\/image\/","url":"https:\/\/pazustpriedes.lv\/wp-content\/uploads\/2023\/03\/PazustPriedes_logo_b-1-1.png","contentUrl":"https:\/\/pazustpriedes.lv\/wp-content\/uploads\/2023\/03\/PazustPriedes_logo_b-1-1.png","width":2000,"height":2000,"caption":"Pazust Pried\u0113s"},"image":{"@id":"https:\/\/pazustpriedes.lv\/#\/schema\/logo\/image\/"}}]}},"_links":{"self":[{"href":"https:\/\/pazustpriedes.lv\/en\/wp-json\/wp\/v2\/product\/1887"}],"collection":[{"href":"https:\/\/pazustpriedes.lv\/en\/wp-json\/wp\/v2\/product"}],"about":[{"href":"https:\/\/pazustpriedes.lv\/en\/wp-json\/wp\/v2\/types\/product"}],"wp:featuredmedia":[{"embeddable":true,"href":"https:\/\/pazustpriedes.lv\/en\/wp-json\/wp\/v2\/media\/2235"}],"wp:attachment":[{"href":"https:\/\/pazustpriedes.lv\/en\/wp-json\/wp\/v2\/media?parent=1887"}],"wp:term":[{"taxonomy":"product_cat","embeddable":true,"href":"https:\/\/pazustpriedes.lv\/en\/wp-json\/wp\/v2\/product_cat?post=1887"},{"taxonomy":"product_tag","embeddable":true,"href":"https:\/\/pazustpriedes.lv\/en\/wp-json\/wp\/v2\/product_tag?post=1887"}],"curies":[{"name":"wp","href":"https:\/\/api.w.org\/{rel}","templated":true}]}}