{"id":1745,"date":"2024-05-06T18:07:52","date_gmt":"2024-05-06T18:07:52","guid":{"rendered":"https:\/\/pazustpriedes.lv\/?post_type=product&#038;p=1745"},"modified":"2026-03-26T09:58:45","modified_gmt":"2026-03-26T09:58:45","slug":"auroras-maja","status":"publish","type":"product","link":"https:\/\/pazustpriedes.lv\/en\/product\/auroras-maja\/","title":{"rendered":"Aurora house"},"content":{"rendered":"<div class=\"_w61jw8\">\n<h2 class=\"hpipapi atm_7l_1kw7nm4 atm_c8_1x4eueo atm_cs_1kw7nm4 atm_g3_1kw7nm4 atm_gi_idpfg4 atm_l8_idpfg4 atm_kd_idpfg4_pfnrn2 dir dir-ltr\" tabindex=\"-1\"><img fetchpriority=\"high\" decoding=\"async\" class=\"alignnone wp-image-2674 size-full\" style=\"font-size: 16px; font-style: inherit; font-weight: inherit;\" src=\"https:\/\/pazustpriedes.lv\/wp-content\/uploads\/2024\/11\/PP-Aurora.gif\" alt=\"\" width=\"768\" height=\"797\" \/><\/h2>\n<h2 class=\"hpipapi atm_7l_1kw7nm4 atm_c8_1x4eueo atm_cs_1kw7nm4 atm_g3_1kw7nm4 atm_gi_idpfg4 atm_l8_idpfg4 atm_kd_idpfg4_pfnrn2 dir dir-ltr\" tabindex=\"-1\">Aurora \u2013 holiday house<\/h2>\n<p>Opened on July 16, 2024<\/p>\n<\/div>\n<div class=\"_tp3sbt\">\n<div><span class=\"lrl13de atm_kd_19r6f69_24z95b atm_kd_19r6f69_1xbvphn_1oszvuo dir dir-ltr\">The location is one step away from the Baltic Sea (500 meters), in a grove of pine trees. There is a sense of privacy, peace and harmony, and the touch of nature is especially noticable here. The holiday house host guests all year round (both in winter and summer), it is comfortable, with a cozy living room, a fully equipped kitchen, a modern bathroom, a spacious loft floor for additional person. The house is built in such a way that nothing is missing in it, whether for a one-night visit or a two-week vacation. Carefully pampered with every detail. The house is characterized by a modern, restrained style and arrangement, as well as being as close to nature as possible.<\/span><\/div>\n<div><\/div>\n<div><strong>House specification and equipment:<\/strong><\/div>\n<ul>\n<li>House area 40 m2, total area 55 m2 (with external dimensions);<\/li>\n<li>2 sleeping places options (loft floor - mezzanine, sofa bed in the living room);<\/li>\n<li>Fully equipped kitchen for preparing a meal (all necessary utensils, stove, refrigerator, spices, olive oil, capsule coffee machine, tea, etc.);<\/li>\n<li>Bed linen, robes, towels, hygiene accessories, shampoo, shower gel, hair dryer;<\/li>\n<li>Living room equipped with heat pump \/ A\/C, Smart projector with Netflix options;<\/li>\n<li>You can feel the touch of nature in the house, wide and large panoramic windows;<\/li>\n<li>Wi-Fi;<\/li>\n<li>You will have the opportunity to read various reading materials about mental health and its improvement;<\/li>\n<li>The whole house is equipped with warm floors;<\/li>\n<li>Modern bathroom, equipped with warm floors, shower, \"smart\" mirror;<\/li>\n<li>The house has a spacious outdoor terrace with garden furniture to enjoy special moments;<\/li>\n<li>Private entrance;<\/li>\n<li>Contactless check-in\/check-out system, 24\/7.<\/li>\n<\/ul>\n<\/div>\n<div><strong>Room layout and capacity<\/strong><\/div>\n<div><span class=\"lrl13de atm_kd_19r6f69_24z95b atm_kd_19r6f69_1xbvphn_1oszvuo dir dir-ltr\">Loft floor - mezzanine (designed for 2 adults, Queen size mattress), sofa bed in the living room (designed for up to 1-2 adults or 2 children).<br \/>\nThe house can accommodate a maximum of 4 persons, most comfortably up to 2 adults + 2 children.\u00a0<\/span><\/div>\n<div><\/div>\n<div><strong>Location in the territory<\/strong><\/div>\n<div class=\"_tp3sbt\">\n<p><span class=\"lrl13de atm_kd_19r6f69_24z95b atm_kd_19r6f69_1xbvphn_1oszvuo dir dir-ltr\">Aurora house is located in the area further from the pond, but very close to the SPA area. It has its own corner where you can enjoy undisturbed rest.\u00a0<\/span><\/p>\n<\/div>\n<div class=\"_tp3sbt\">\n<p><strong>Papildus iesp\u0113jas \/ \u012bpa\u0161\u012bbas<\/strong><\/p>\n<\/div>\n<div class=\"_tp3sbt\">\n<ul>\n<li><span class=\"lrl13de atm_kd_19r6f69_24z95b atm_kd_19r6f69_1xbvphn_1oszvuo dir dir-ltr\">Private territory surrounded by nature (3 ha);<\/span><\/li>\n<li><span class=\"lrl13de atm_kd_19r6f69_24z95b atm_kd_19r6f69_1xbvphn_1oszvuo dir dir-ltr\">Free parking;<\/span><\/li>\n<li><span class=\"lrl13de atm_kd_19r6f69_24z95b atm_kd_19r6f69_1xbvphn_1oszvuo dir dir-ltr\">SPA area: Sauna house (extra charge), equipped with meditative instruments - You will have the opportunity to get to know the Gong yourself. A selection of essential oils, a separate bathroom, a rest room, the ability to regulate the temperature, direct access to the water body for summer and winter swimming, panoramic windows with a view of the territory;<\/span><\/li>\n<li><span class=\"lrl13de atm_kd_19r6f69_24z95b atm_kd_19r6f69_1xbvphn_1oszvuo dir dir-ltr\">SPA area: Hot tub (extra charge), designed for a capacity of up to 8 adults, equipped with LED lights, massage system, maintains its own temperature, spacious, with the possibility to observe the stars while in it;\u00a0<\/span><\/li>\n<li><span class=\"lrl13de atm_kd_19r6f69_24z95b atm_kd_19r6f69_1xbvphn_1oszvuo dir dir-ltr\">Children's playground;<\/span><\/li>\n<li><span class=\"lrl13de atm_kd_19r6f69_24z95b atm_kd_19r6f69_1xbvphn_1oszvuo dir dir-ltr\">Bicycle rental (for an additional fee): 4 pcs. new bicycles available for rent, possibility to get to know our pride even better - Bern\u0101tu Nature Park;\u00a0<\/span><\/li>\n<li><span class=\"lrl13de atm_kd_19r6f69_24z95b atm_kd_19r6f69_1xbvphn_1oszvuo dir dir-ltr\">Hammock area (in the summer season);<\/span><\/li>\n<li>Possibility to rent yoga mats (extra charge);<\/li>\n<li><span class=\"lrl13de atm_kd_19r6f69_24z95b atm_kd_19r6f69_1xbvphn_1oszvuo dir dir-ltr\">Pond for summer and winter swimming \u2013 a pond in the shape of an hourglass;<\/span><\/li>\n<li>Smoke detector and fire extinguisher;<\/li>\n<li>Possibility to come with a pet (additional charge);<\/li>\n<li>An opportunity to surprise someone special - flowers, treats, balloons, etc. (additional charge);<\/li>\n<li><span class=\"lrl13de atm_kd_19r6f69_24z95b atm_kd_19r6f69_1xbvphn_1oszvuo dir dir-ltr\">Garden furniture, for relaxing or having dinner with the family outside the house; <\/span><\/li>\n<li><span class=\"lrl13de atm_kd_19r6f69_24z95b atm_kd_19r6f69_1xbvphn_1oszvuo dir dir-ltr\">BBQ grill with grill accessories;<\/span><\/li>\n<li><span class=\"lrl13de atm_kd_19r6f69_24z95b atm_kd_19r6f69_1xbvphn_1oszvuo dir dir-ltr\">Firewood for grilling (extra charge);\u00a0<\/span><\/li>\n<li><span class=\"lrl13de atm_kd_19r6f69_24z95b atm_kd_19r6f69_1xbvphn_1oszvuo dir dir-ltr\">The sea is only 500m away.<\/span><\/li>\n<\/ul>\n<\/div>","protected":false},"excerpt":{"rendered":"<p>Aurora \u2013 br\u012bvdienu m\u0101ja Atv\u0113rta 2024.gada 16.j\u016blij\u0101 Atra\u0161an\u0101s vieta atrodas viena so\u013ca att\u0101lum\u0101 no Baltijas j\u016bras (500-600 metri, 7-10 min g\u0101jiens), prie\u017eu ielok\u0101. \u0160eit ir priv\u0101tuma, miera un harmonijas izj\u016bta, un it \u012bpa\u0161i j\u016btams ir dabas piesk\u0101riens. Br\u012bvdienu m\u0101ja ir apdz\u012bvojama visa gada garum\u0101 (k\u0101 ziem\u0101, t\u0101 vasar\u0101), t\u0101 ir \u0113rta, ar m\u0101j\u012bgu viesistabu, piln\u012bb\u0101 &hellip;<\/p>\n<p class=\"read-more\"> <a class=\"\" href=\"https:\/\/pazustpriedes.lv\/en\/product\/auroras-maja\/\"> <span class=\"screen-reader-text\">Aurora house<\/span> Read More &raquo;<\/a><\/p>","protected":false},"featured_media":2384,"template":"","meta":{"site-sidebar-layout":"default","site-content-layout":"default","ast-global-header-display":"","ast-main-header-display":"","ast-hfb-above-header-display":"","ast-hfb-below-header-display":"","ast-hfb-mobile-header-display":"","site-post-title":"","ast-breadcrumbs-content":"","ast-featured-img":"","footer-sml-layout":"","theme-transparent-header-meta":"default","adv-header-id-meta":"","stick-header-meta":"","header-above-stick-meta":"","header-main-stick-meta":"","header-below-stick-meta":""},"product_cat":[25],"product_tag":[],"class_list":{"0":"post-1745","1":"product","2":"type-product","3":"status-publish","4":"has-post-thumbnail","6":"product_cat-brivdienu-majas","7":"yith_booking_service-auglu-plate","8":"yith_booking_service-jogas-paklajinu-ire","9":"yith_booking_service-malka-grillesnai","10":"yith_booking_service-naksnosim-ar-majdzivnieku","11":"yith_booking_service-sagaidisanas-parsteiguma-ziedi-maja","12":"yith_booking_service-spa-zona-saunas-seanss","13":"yith_booking_service-vela-izrakstisanas-lidz-plkst-1200","14":"yith_booking_service-velosipedu-ire","15":"desktop-align-left","16":"tablet-align-left","17":"mobile-align-left","19":"first","20":"instock","21":"virtual","22":"sold-individually","23":"taxable","24":"purchasable","25":"product-type-booking"},"yoast_head":"<!-- This site is optimized with the Yoast SEO plugin v24.0 - https:\/\/yoast.com\/wordpress\/plugins\/seo\/ -->\n<title>Aurora - Aurora house - Atp\u016btas komplekss Pazust Pried\u0113s<\/title>\n<meta name=\"robots\" content=\"index, follow, max-snippet:-1, max-image-preview:large, max-video-preview:-1\" \/>\n<link rel=\"canonical\" href=\"https:\/\/pazustpriedes.lv\/en\/product\/auroras-maja\/\" \/>\n<meta property=\"og:locale\" content=\"en_GB\" \/>\n<meta property=\"og:type\" content=\"article\" \/>\n<meta property=\"og:title\" content=\"Aurora - Aurora house - Atp\u016btas komplekss Pazust Pried\u0113s\" \/>\n<meta property=\"og:description\" content=\"Aurora \u2013 br\u012bvdienu m\u0101ja Atv\u0113rta 2024.gada 16.j\u016blij\u0101 Atra\u0161an\u0101s vieta atrodas viena so\u013ca att\u0101lum\u0101 no Baltijas j\u016bras (500-600 metri, 7-10 min g\u0101jiens), prie\u017eu ielok\u0101. \u0160eit ir priv\u0101tuma, miera un harmonijas izj\u016bta, un it \u012bpa\u0161i j\u016btams ir dabas piesk\u0101riens. Br\u012bvdienu m\u0101ja ir apdz\u012bvojama visa gada garum\u0101 (k\u0101 ziem\u0101, t\u0101 vasar\u0101), t\u0101 ir \u0113rta, ar m\u0101j\u012bgu viesistabu, piln\u012bb\u0101 &hellip; Aurora &#8211; Aurora house Read More &raquo;\" \/>\n<meta property=\"og:url\" content=\"https:\/\/pazustpriedes.lv\/en\/product\/auroras-maja\/\" \/>\n<meta property=\"og:site_name\" content=\"Atp\u016btas komplekss Pazust Pried\u0113s\" \/>\n<meta property=\"article:modified_time\" content=\"2026-03-26T09:58:45+00:00\" \/>\n<meta property=\"og:image\" content=\"https:\/\/pazustpriedes.lv\/wp-content\/uploads\/2024\/05\/FotoValtersPelns_web-0096.jpg\" \/>\n\t<meta property=\"og:image:width\" content=\"2048\" \/>\n\t<meta property=\"og:image:height\" content=\"1365\" \/>\n\t<meta property=\"og:image:type\" content=\"image\/jpeg\" \/>\n<meta name=\"twitter:card\" content=\"summary_large_image\" \/>\n<meta name=\"twitter:label1\" content=\"Estimated reading time\" \/>\n\t<meta name=\"twitter:data1\" content=\"3 minutes\" \/>\n<script type=\"application\/ld+json\" class=\"yoast-schema-graph\">{\"@context\":\"https:\/\/schema.org\",\"@graph\":[{\"@type\":\"WebPage\",\"@id\":\"https:\/\/pazustpriedes.lv\/product\/auroras-maja\/\",\"url\":\"https:\/\/pazustpriedes.lv\/product\/auroras-maja\/\",\"name\":\"Aurora - Aurora house - Atp\u016btas komplekss Pazust Pried\u0113s\",\"isPartOf\":{\"@id\":\"https:\/\/pazustpriedes.lv\/#website\"},\"primaryImageOfPage\":{\"@id\":\"https:\/\/pazustpriedes.lv\/product\/auroras-maja\/#primaryimage\"},\"image\":{\"@id\":\"https:\/\/pazustpriedes.lv\/product\/auroras-maja\/#primaryimage\"},\"thumbnailUrl\":\"https:\/\/pazustpriedes.lv\/wp-content\/uploads\/2024\/05\/FotoValtersPelns_web-0096.jpg\",\"datePublished\":\"2024-05-06T18:07:52+00:00\",\"dateModified\":\"2026-03-26T09:58:45+00:00\",\"breadcrumb\":{\"@id\":\"https:\/\/pazustpriedes.lv\/product\/auroras-maja\/#breadcrumb\"},\"inLanguage\":\"en-GB\",\"potentialAction\":[{\"@type\":\"ReadAction\",\"target\":[\"https:\/\/pazustpriedes.lv\/product\/auroras-maja\/\"]}]},{\"@type\":\"ImageObject\",\"inLanguage\":\"en-GB\",\"@id\":\"https:\/\/pazustpriedes.lv\/product\/auroras-maja\/#primaryimage\",\"url\":\"https:\/\/pazustpriedes.lv\/wp-content\/uploads\/2024\/05\/FotoValtersPelns_web-0096.jpg\",\"contentUrl\":\"https:\/\/pazustpriedes.lv\/wp-content\/uploads\/2024\/05\/FotoValtersPelns_web-0096.jpg\",\"width\":2048,\"height\":1365},{\"@type\":\"BreadcrumbList\",\"@id\":\"https:\/\/pazustpriedes.lv\/product\/auroras-maja\/#breadcrumb\",\"itemListElement\":[{\"@type\":\"ListItem\",\"position\":1,\"name\":\"Home\",\"item\":\"https:\/\/pazustpriedes.lv\/\"},{\"@type\":\"ListItem\",\"position\":2,\"name\":\"Rezerv\u0101cija\",\"item\":\"https:\/\/pazustpriedes.lv\/rezervacija\/\"},{\"@type\":\"ListItem\",\"position\":3,\"name\":\"Aurora &#8211; Aurora house\"}]},{\"@type\":\"WebSite\",\"@id\":\"https:\/\/pazustpriedes.lv\/#website\",\"url\":\"https:\/\/pazustpriedes.lv\/\",\"name\":\"Pazust Pried\u0113s\",\"description\":\"\",\"publisher\":{\"@id\":\"https:\/\/pazustpriedes.lv\/#organization\"},\"potentialAction\":[{\"@type\":\"SearchAction\",\"target\":{\"@type\":\"EntryPoint\",\"urlTemplate\":\"https:\/\/pazustpriedes.lv\/?s={search_term_string}\"},\"query-input\":{\"@type\":\"PropertyValueSpecification\",\"valueRequired\":true,\"valueName\":\"search_term_string\"}}],\"inLanguage\":\"en-GB\"},{\"@type\":\"Organization\",\"@id\":\"https:\/\/pazustpriedes.lv\/#organization\",\"name\":\"Pazust Pried\u0113s\",\"url\":\"https:\/\/pazustpriedes.lv\/\",\"logo\":{\"@type\":\"ImageObject\",\"inLanguage\":\"en-GB\",\"@id\":\"https:\/\/pazustpriedes.lv\/#\/schema\/logo\/image\/\",\"url\":\"https:\/\/pazustpriedes.lv\/wp-content\/uploads\/2023\/03\/PazustPriedes_logo_b-1-1.png\",\"contentUrl\":\"https:\/\/pazustpriedes.lv\/wp-content\/uploads\/2023\/03\/PazustPriedes_logo_b-1-1.png\",\"width\":2000,\"height\":2000,\"caption\":\"Pazust Pried\u0113s\"},\"image\":{\"@id\":\"https:\/\/pazustpriedes.lv\/#\/schema\/logo\/image\/\"}}]}<\/script>\n<!-- \/ Yoast SEO plugin. -->","yoast_head_json":{"title":"Aurora - Aurora house - Atp\u016btas komplekss Pazust Pried\u0113s","robots":{"index":"index","follow":"follow","max-snippet":"max-snippet:-1","max-image-preview":"max-image-preview:large","max-video-preview":"max-video-preview:-1"},"canonical":"https:\/\/pazustpriedes.lv\/en\/product\/auroras-maja\/","og_locale":"en_GB","og_type":"article","og_title":"Aurora - Aurora house - Atp\u016btas komplekss Pazust Pried\u0113s","og_description":"Aurora \u2013 br\u012bvdienu m\u0101ja Atv\u0113rta 2024.gada 16.j\u016blij\u0101 Atra\u0161an\u0101s vieta atrodas viena so\u013ca att\u0101lum\u0101 no Baltijas j\u016bras (500-600 metri, 7-10 min g\u0101jiens), prie\u017eu ielok\u0101. \u0160eit ir priv\u0101tuma, miera un harmonijas izj\u016bta, un it \u012bpa\u0161i j\u016btams ir dabas piesk\u0101riens. Br\u012bvdienu m\u0101ja ir apdz\u012bvojama visa gada garum\u0101 (k\u0101 ziem\u0101, t\u0101 vasar\u0101), t\u0101 ir \u0113rta, ar m\u0101j\u012bgu viesistabu, piln\u012bb\u0101 &hellip; Aurora &#8211; Aurora house Read More &raquo;","og_url":"https:\/\/pazustpriedes.lv\/en\/product\/auroras-maja\/","og_site_name":"Atp\u016btas komplekss Pazust Pried\u0113s","article_modified_time":"2026-03-26T09:58:45+00:00","og_image":[{"width":2048,"height":1365,"url":"https:\/\/pazustpriedes.lv\/wp-content\/uploads\/2024\/05\/FotoValtersPelns_web-0096.jpg","type":"image\/jpeg"}],"twitter_card":"summary_large_image","twitter_misc":{"Estimated reading time":"3 minutes"},"schema":{"@context":"https:\/\/schema.org","@graph":[{"@type":"WebPage","@id":"https:\/\/pazustpriedes.lv\/product\/auroras-maja\/","url":"https:\/\/pazustpriedes.lv\/product\/auroras-maja\/","name":"Aurora - Aurora house - Atp\u016btas komplekss Pazust Pried\u0113s","isPartOf":{"@id":"https:\/\/pazustpriedes.lv\/#website"},"primaryImageOfPage":{"@id":"https:\/\/pazustpriedes.lv\/product\/auroras-maja\/#primaryimage"},"image":{"@id":"https:\/\/pazustpriedes.lv\/product\/auroras-maja\/#primaryimage"},"thumbnailUrl":"https:\/\/pazustpriedes.lv\/wp-content\/uploads\/2024\/05\/FotoValtersPelns_web-0096.jpg","datePublished":"2024-05-06T18:07:52+00:00","dateModified":"2026-03-26T09:58:45+00:00","breadcrumb":{"@id":"https:\/\/pazustpriedes.lv\/product\/auroras-maja\/#breadcrumb"},"inLanguage":"en-GB","potentialAction":[{"@type":"ReadAction","target":["https:\/\/pazustpriedes.lv\/product\/auroras-maja\/"]}]},{"@type":"ImageObject","inLanguage":"en-GB","@id":"https:\/\/pazustpriedes.lv\/product\/auroras-maja\/#primaryimage","url":"https:\/\/pazustpriedes.lv\/wp-content\/uploads\/2024\/05\/FotoValtersPelns_web-0096.jpg","contentUrl":"https:\/\/pazustpriedes.lv\/wp-content\/uploads\/2024\/05\/FotoValtersPelns_web-0096.jpg","width":2048,"height":1365},{"@type":"BreadcrumbList","@id":"https:\/\/pazustpriedes.lv\/product\/auroras-maja\/#breadcrumb","itemListElement":[{"@type":"ListItem","position":1,"name":"Home","item":"https:\/\/pazustpriedes.lv\/"},{"@type":"ListItem","position":2,"name":"Rezerv\u0101cija","item":"https:\/\/pazustpriedes.lv\/rezervacija\/"},{"@type":"ListItem","position":3,"name":"Aurora &#8211; Aurora house"}]},{"@type":"WebSite","@id":"https:\/\/pazustpriedes.lv\/#website","url":"https:\/\/pazustpriedes.lv\/","name":"Pazust Pried\u0113s","description":"","publisher":{"@id":"https:\/\/pazustpriedes.lv\/#organization"},"potentialAction":[{"@type":"SearchAction","target":{"@type":"EntryPoint","urlTemplate":"https:\/\/pazustpriedes.lv\/?s={search_term_string}"},"query-input":{"@type":"PropertyValueSpecification","valueRequired":true,"valueName":"search_term_string"}}],"inLanguage":"en-GB"},{"@type":"Organization","@id":"https:\/\/pazustpriedes.lv\/#organization","name":"Pazust Pried\u0113s","url":"https:\/\/pazustpriedes.lv\/","logo":{"@type":"ImageObject","inLanguage":"en-GB","@id":"https:\/\/pazustpriedes.lv\/#\/schema\/logo\/image\/","url":"https:\/\/pazustpriedes.lv\/wp-content\/uploads\/2023\/03\/PazustPriedes_logo_b-1-1.png","contentUrl":"https:\/\/pazustpriedes.lv\/wp-content\/uploads\/2023\/03\/PazustPriedes_logo_b-1-1.png","width":2000,"height":2000,"caption":"Pazust Pried\u0113s"},"image":{"@id":"https:\/\/pazustpriedes.lv\/#\/schema\/logo\/image\/"}}]}},"_links":{"self":[{"href":"https:\/\/pazustpriedes.lv\/en\/wp-json\/wp\/v2\/product\/1745"}],"collection":[{"href":"https:\/\/pazustpriedes.lv\/en\/wp-json\/wp\/v2\/product"}],"about":[{"href":"https:\/\/pazustpriedes.lv\/en\/wp-json\/wp\/v2\/types\/product"}],"wp:featuredmedia":[{"embeddable":true,"href":"https:\/\/pazustpriedes.lv\/en\/wp-json\/wp\/v2\/media\/2384"}],"wp:attachment":[{"href":"https:\/\/pazustpriedes.lv\/en\/wp-json\/wp\/v2\/media?parent=1745"}],"wp:term":[{"taxonomy":"product_cat","embeddable":true,"href":"https:\/\/pazustpriedes.lv\/en\/wp-json\/wp\/v2\/product_cat?post=1745"},{"taxonomy":"product_tag","embeddable":true,"href":"https:\/\/pazustpriedes.lv\/en\/wp-json\/wp\/v2\/product_tag?post=1745"}],"curies":[{"name":"wp","href":"https:\/\/api.w.org\/{rel}","templated":true}]}}