{"id":1744,"date":"2024-05-06T18:07:52","date_gmt":"2024-05-06T18:07:52","guid":{"rendered":"https:\/\/pazustpriedes.lv\/?post_type=product&#038;p=1744"},"modified":"2026-04-09T14:11:29","modified_gmt":"2026-04-09T14:11:29","slug":"saullekta-maja","status":"publish","type":"product","link":"https:\/\/pazustpriedes.lv\/en\/product\/saullekta-maja\/","title":{"rendered":"Sunrise house"},"content":{"rendered":"<div class=\"_w61jw8\">\n<h2 class=\"hpipapi atm_7l_1kw7nm4 atm_c8_1x4eueo atm_cs_1kw7nm4 atm_g3_1kw7nm4 atm_gi_idpfg4 atm_l8_idpfg4 atm_kd_idpfg4_pfnrn2 dir dir-ltr\" tabindex=\"-1\"><img fetchpriority=\"high\" decoding=\"async\" class=\"alignnone wp-image-2676 size-full\" style=\"font-size: 16px; font-style: inherit; font-weight: inherit;\" src=\"https:\/\/pazustpriedes.lv\/wp-content\/uploads\/2024\/11\/PP-Saullekta.gif\" alt=\"\" width=\"768\" height=\"797\" \/><\/h2>\n<h2 class=\"hpipapi atm_7l_1kw7nm4 atm_c8_1x4eueo atm_cs_1kw7nm4 atm_g3_1kw7nm4 atm_gi_idpfg4 atm_l8_idpfg4 atm_kd_idpfg4_pfnrn2 dir dir-ltr\" tabindex=\"-1\">Sunrise - holiday house<\/h2>\n<\/div>\n<div class=\"_tp3sbt\">\n<div><span class=\"lrl13de atm_kd_19r6f69_24z95b atm_kd_19r6f69_1xbvphn_1oszvuo dir dir-ltr\">The location is one step away from the Baltic Sea (500 meters), in a grove of pine trees. There is a sense of privacy, peace and harmony, and the touch of nature is especially noticable here. The holiday house host guests all year round (both in winter and summer), it is comfortable, with a cozy living room, a fully equipped kitchen, a modern bathroom, a spacious loft floor for additional person. The house is built in such a way that nothing is missing in it, whether for a one-night visit or a two-week vacation. Carefully pampered with every detail. The house is characterized by a modern, restrained style and arrangement, as well as being as close to nature as possible.<\/span><\/div>\n<div><\/div>\n<div><strong>House specification and equipment:<\/strong><\/div>\n<ul>\n<li>House area 45m2, total area 70m2 (with external dimensions);<\/li>\n<li>3 sleeping places options (bedroom, loft floor, sofa bed);<\/li>\n<li>Fully equipped kitchen for preparing a meal (all necessary utensils, stove, refrigerator, spices, olive oil, capsule coffee machine, tea, etc.);<\/li>\n<li>Bed linen, robes, towels, hygiene accessories, shampoo, shower gel, hair dryer;<\/li>\n<li>A small wardrobe;<\/li>\n<li>Living room equipped with A\/C, Smart TV with Netflix;<\/li>\n<li>You can feel the touch of nature in the house, wide and large panoramic windows;<\/li>\n<li>Wi-Fi;<\/li>\n<li>You will have the opportunity to read various reading materials about mental health and its improvement;<\/li>\n<li>Modern bathroom equipped with warm floors, shower, \"smart\" mirror with lighting brightness adjustment;<\/li>\n<li>The house is equipped with a wide outdoor terrace, where you can enjoy special moments;<\/li>\n<li>Private entrance;<\/li>\n<li>Contactless check-in\/check-out system, 24\/7.<\/li>\n<\/ul>\n<\/div>\n<div><strong>Room layout and capacity<\/strong><\/div>\n<div class=\"_tp3sbt\">\n<p><span class=\"lrl13de atm_kd_19r6f69_24z95b atm_kd_19r6f69_1xbvphn_1oszvuo dir dir-ltr\">Separate bedroom (designed for 2 adults, Queen size), sofa bed in the living room (designed for up to 1-2 adults), loft floor as mezzanine (designed for up to 2 adults).<br \/>\nThe house can accommodate a maximum of 6 people, most comfortably up to 4 adults + 2 children.\u00a0<\/span><\/p>\n<\/div>\n<div><strong>Location in the territory<\/strong><\/div>\n<div class=\"_tp3sbt\">\n<p><span class=\"lrl13de atm_kd_19r6f69_24z95b atm_kd_19r6f69_1xbvphn_1oszvuo dir dir-ltr\">The Sunrise house is located in the area further from the pond. It has its own corner where you can enjoy undisturbed rest.\u00a0<\/span><\/p>\n<\/div>\n<div class=\"_tp3sbt\">\n<p><strong>Additional options and benefits<\/strong><\/p>\n<\/div>\n<div class=\"_tp3sbt\">\n<ul>\n<li><span class=\"lrl13de atm_kd_19r6f69_24z95b atm_kd_19r6f69_1xbvphn_1oszvuo dir dir-ltr\">Private territory surrounded by nature (3 ha);<\/span><\/li>\n<li><span class=\"lrl13de atm_kd_19r6f69_24z95b atm_kd_19r6f69_1xbvphn_1oszvuo dir dir-ltr\">Free parking; <\/span><\/li>\n<li><span class=\"lrl13de atm_kd_19r6f69_24z95b atm_kd_19r6f69_1xbvphn_1oszvuo dir dir-ltr\">SPA area: Sauna house (extra charge), equipped with meditative instruments - You will have the opportunity to get to know the Gong yourself. A selection of essential oils, a separate bathroom, a rest room, the ability to regulate the temperature, direct access to the water body for summer and winter swimming, panoramic windows with a view of the territory;<\/span><\/li>\n<li><span class=\"lrl13de atm_kd_19r6f69_24z95b atm_kd_19r6f69_1xbvphn_1oszvuo dir dir-ltr\">SPA area: Hot tub (extra charge), designed for a capacity of up to 8 adults, equipped with LED lights, massage system, maintains its own temperature, spacious, with the possibility to observe the stars while in it;\u00a0<\/span><\/li>\n<li><span class=\"lrl13de atm_kd_19r6f69_24z95b atm_kd_19r6f69_1xbvphn_1oszvuo dir dir-ltr\">Children's playground; <\/span><\/li>\n<li><span class=\"lrl13de atm_kd_19r6f69_24z95b atm_kd_19r6f69_1xbvphn_1oszvuo dir dir-ltr\">Bicycle rental (for an additional fee): 4 pcs. new bicycles available for rent, possibility to get to know our pride even better - Bern\u0101tu Nature Park;\u00a0<\/span><\/li>\n<li><span class=\"lrl13de atm_kd_19r6f69_24z95b atm_kd_19r6f69_1xbvphn_1oszvuo dir dir-ltr\">Hammock area (in the summer season);<\/span><\/li>\n<li>Possibility to rent yoga mats (extra charge);<\/li>\n<li><span class=\"lrl13de atm_kd_19r6f69_24z95b atm_kd_19r6f69_1xbvphn_1oszvuo dir dir-ltr\">Pond for summer and winter swimming;<\/span><\/li>\n<li>Smoke detector and fire extinguisher;<\/li>\n<li>Possibility to come with a pet (extra charge);<\/li>\n<li><span class=\"lrl13de atm_kd_19r6f69_24z95b atm_kd_19r6f69_1xbvphn_1oszvuo dir dir-ltr\">Garden furniture, for relaxing or having dinner with the family outside the house; <\/span><\/li>\n<li><span class=\"lrl13de atm_kd_19r6f69_24z95b atm_kd_19r6f69_1xbvphn_1oszvuo dir dir-ltr\">BBQ grill with grill accessories;<\/span><\/li>\n<li><span class=\"lrl13de atm_kd_19r6f69_24z95b atm_kd_19r6f69_1xbvphn_1oszvuo dir dir-ltr\">Firewood for grilling (extra charge);\u00a0<\/span><\/li>\n<li><span class=\"lrl13de atm_kd_19r6f69_24z95b atm_kd_19r6f69_1xbvphn_1oszvuo dir dir-ltr\">The sea is only 500m away.<\/span><\/li>\n<\/ul>\n<\/div>","protected":false},"excerpt":{"rendered":"<p>Saull\u0113kta \u2013 br\u012bvdienu m\u0101ja Atra\u0161an\u0101s vieta atrodas viena so\u013ca att\u0101lum\u0101 no Baltijas j\u016bras (500 metri), prie\u017eu ielok\u0101. \u0160eit ir priv\u0101tuma, miera un harmonijas izj\u016bta, un it \u012bpa\u0161i j\u016btams ir dabas piesk\u0101riens. Br\u012bvdienu m\u0101ja ir apdz\u012bvojama visa gada garum\u0101 (k\u0101 ziem\u0101, t\u0101 vasar\u0101), t\u0101 ir \u0113rta, ar m\u0101j\u012bgu viesistabu, piln\u012bb\u0101 apr\u012bkotu virtuvi, modernu vannasistabu, pla\u0161u lofta &hellip;<\/p>\n<p class=\"read-more\"> <a class=\"\" href=\"https:\/\/pazustpriedes.lv\/en\/product\/saullekta-maja\/\"> <span class=\"screen-reader-text\">Sunrise house<\/span> Read More &raquo;<\/a><\/p>","protected":false},"featured_media":2841,"template":"","meta":{"site-sidebar-layout":"default","site-content-layout":"default","ast-global-header-display":"","ast-main-header-display":"","ast-hfb-above-header-display":"","ast-hfb-below-header-display":"","ast-hfb-mobile-header-display":"","site-post-title":"","ast-breadcrumbs-content":"","ast-featured-img":"","footer-sml-layout":"","theme-transparent-header-meta":"default","adv-header-id-meta":"","stick-header-meta":"","header-above-stick-meta":"","header-main-stick-meta":"","header-below-stick-meta":""},"product_cat":[25],"product_tag":[],"class_list":{"0":"post-1744","1":"product","2":"type-product","3":"status-publish","4":"has-post-thumbnail","6":"product_cat-brivdienu-majas","7":"yith_booking_service-auglu-plate","8":"yith_booking_service-bezmaksas-autostavvieta","9":"yith_booking_service-bezmaksas-bezvada-internets","10":"yith_booking_service-dzakuzi-privats-bez-laika-ierobezojuma","11":"yith_booking_service-jogas-paklajinu-ire","12":"yith_booking_service-malka-grillesnai","13":"yith_booking_service-naksnosim-ar-majdzivnieku","14":"yith_booking_service-sagaidisanas-parsteiguma-ziedi-maja","15":"yith_booking_service-spa-zona-saunas-seanss","16":"yith_booking_service-vela-izrakstisanas-lidz-plkst-1200","17":"yith_booking_service-velosipedu-ire","18":"desktop-align-left","19":"tablet-align-left","20":"mobile-align-left","22":"first","23":"instock","24":"virtual","25":"sold-individually","26":"taxable","27":"purchasable","28":"product-type-booking"},"yoast_head":"<!-- This site is optimized with the Yoast SEO plugin v24.0 - https:\/\/yoast.com\/wordpress\/plugins\/seo\/ -->\n<title>Saull\u0113kta - Sunrise house - Atp\u016btas komplekss Pazust Pried\u0113s<\/title>\n<meta name=\"robots\" content=\"index, follow, max-snippet:-1, max-image-preview:large, max-video-preview:-1\" \/>\n<link rel=\"canonical\" href=\"https:\/\/pazustpriedes.lv\/en\/product\/saullekta-maja\/\" \/>\n<meta property=\"og:locale\" content=\"en_GB\" \/>\n<meta property=\"og:type\" content=\"article\" \/>\n<meta property=\"og:title\" content=\"Saull\u0113kta - Sunrise house - Atp\u016btas komplekss Pazust Pried\u0113s\" \/>\n<meta property=\"og:description\" content=\"Saull\u0113kta \u2013 br\u012bvdienu m\u0101ja Atra\u0161an\u0101s vieta atrodas viena so\u013ca att\u0101lum\u0101 no Baltijas j\u016bras (500 metri), prie\u017eu ielok\u0101. \u0160eit ir priv\u0101tuma, miera un harmonijas izj\u016bta, un it \u012bpa\u0161i j\u016btams ir dabas piesk\u0101riens. Br\u012bvdienu m\u0101ja ir apdz\u012bvojama visa gada garum\u0101 (k\u0101 ziem\u0101, t\u0101 vasar\u0101), t\u0101 ir \u0113rta, ar m\u0101j\u012bgu viesistabu, piln\u012bb\u0101 apr\u012bkotu virtuvi, modernu vannasistabu, pla\u0161u lofta &hellip; Saull\u0113kta &#8211; Sunrise house Read More &raquo;\" \/>\n<meta property=\"og:url\" content=\"https:\/\/pazustpriedes.lv\/en\/product\/saullekta-maja\/\" \/>\n<meta property=\"og:site_name\" content=\"Atp\u016btas komplekss Pazust Pried\u0113s\" \/>\n<meta property=\"article:modified_time\" content=\"2026-04-09T14:11:29+00:00\" \/>\n<meta property=\"og:image\" content=\"https:\/\/pazustpriedes.lv\/wp-content\/uploads\/2024\/05\/IMG_5282-scaled.jpeg\" \/>\n\t<meta property=\"og:image:width\" content=\"1920\" \/>\n\t<meta property=\"og:image:height\" content=\"2560\" \/>\n\t<meta property=\"og:image:type\" content=\"image\/jpeg\" \/>\n<meta name=\"twitter:card\" content=\"summary_large_image\" \/>\n<meta name=\"twitter:label1\" content=\"Estimated reading time\" \/>\n\t<meta name=\"twitter:data1\" content=\"3 minutes\" \/>\n<script type=\"application\/ld+json\" class=\"yoast-schema-graph\">{\"@context\":\"https:\/\/schema.org\",\"@graph\":[{\"@type\":\"WebPage\",\"@id\":\"https:\/\/pazustpriedes.lv\/product\/saullekta-maja\/\",\"url\":\"https:\/\/pazustpriedes.lv\/product\/saullekta-maja\/\",\"name\":\"Saull\u0113kta - Sunrise house - Atp\u016btas komplekss Pazust Pried\u0113s\",\"isPartOf\":{\"@id\":\"https:\/\/pazustpriedes.lv\/#website\"},\"primaryImageOfPage\":{\"@id\":\"https:\/\/pazustpriedes.lv\/product\/saullekta-maja\/#primaryimage\"},\"image\":{\"@id\":\"https:\/\/pazustpriedes.lv\/product\/saullekta-maja\/#primaryimage\"},\"thumbnailUrl\":\"https:\/\/pazustpriedes.lv\/wp-content\/uploads\/2024\/05\/IMG_5282-scaled.jpeg\",\"datePublished\":\"2024-05-06T18:07:52+00:00\",\"dateModified\":\"2026-04-09T14:11:29+00:00\",\"breadcrumb\":{\"@id\":\"https:\/\/pazustpriedes.lv\/product\/saullekta-maja\/#breadcrumb\"},\"inLanguage\":\"en-GB\",\"potentialAction\":[{\"@type\":\"ReadAction\",\"target\":[\"https:\/\/pazustpriedes.lv\/product\/saullekta-maja\/\"]}]},{\"@type\":\"ImageObject\",\"inLanguage\":\"en-GB\",\"@id\":\"https:\/\/pazustpriedes.lv\/product\/saullekta-maja\/#primaryimage\",\"url\":\"https:\/\/pazustpriedes.lv\/wp-content\/uploads\/2024\/05\/IMG_5282-scaled.jpeg\",\"contentUrl\":\"https:\/\/pazustpriedes.lv\/wp-content\/uploads\/2024\/05\/IMG_5282-scaled.jpeg\",\"width\":1920,\"height\":2560},{\"@type\":\"BreadcrumbList\",\"@id\":\"https:\/\/pazustpriedes.lv\/product\/saullekta-maja\/#breadcrumb\",\"itemListElement\":[{\"@type\":\"ListItem\",\"position\":1,\"name\":\"Home\",\"item\":\"https:\/\/pazustpriedes.lv\/\"},{\"@type\":\"ListItem\",\"position\":2,\"name\":\"Rezerv\u0101cija\",\"item\":\"https:\/\/pazustpriedes.lv\/rezervacija\/\"},{\"@type\":\"ListItem\",\"position\":3,\"name\":\"Saull\u0113kta &#8211; Sunrise house\"}]},{\"@type\":\"WebSite\",\"@id\":\"https:\/\/pazustpriedes.lv\/#website\",\"url\":\"https:\/\/pazustpriedes.lv\/\",\"name\":\"Pazust Pried\u0113s\",\"description\":\"\",\"publisher\":{\"@id\":\"https:\/\/pazustpriedes.lv\/#organization\"},\"potentialAction\":[{\"@type\":\"SearchAction\",\"target\":{\"@type\":\"EntryPoint\",\"urlTemplate\":\"https:\/\/pazustpriedes.lv\/?s={search_term_string}\"},\"query-input\":{\"@type\":\"PropertyValueSpecification\",\"valueRequired\":true,\"valueName\":\"search_term_string\"}}],\"inLanguage\":\"en-GB\"},{\"@type\":\"Organization\",\"@id\":\"https:\/\/pazustpriedes.lv\/#organization\",\"name\":\"Pazust Pried\u0113s\",\"url\":\"https:\/\/pazustpriedes.lv\/\",\"logo\":{\"@type\":\"ImageObject\",\"inLanguage\":\"en-GB\",\"@id\":\"https:\/\/pazustpriedes.lv\/#\/schema\/logo\/image\/\",\"url\":\"https:\/\/pazustpriedes.lv\/wp-content\/uploads\/2023\/03\/PazustPriedes_logo_b-1-1.png\",\"contentUrl\":\"https:\/\/pazustpriedes.lv\/wp-content\/uploads\/2023\/03\/PazustPriedes_logo_b-1-1.png\",\"width\":2000,\"height\":2000,\"caption\":\"Pazust Pried\u0113s\"},\"image\":{\"@id\":\"https:\/\/pazustpriedes.lv\/#\/schema\/logo\/image\/\"}}]}<\/script>\n<!-- \/ Yoast SEO plugin. -->","yoast_head_json":{"title":"Saull\u0113kta - Sunrise house - Atp\u016btas komplekss Pazust Pried\u0113s","robots":{"index":"index","follow":"follow","max-snippet":"max-snippet:-1","max-image-preview":"max-image-preview:large","max-video-preview":"max-video-preview:-1"},"canonical":"https:\/\/pazustpriedes.lv\/en\/product\/saullekta-maja\/","og_locale":"en_GB","og_type":"article","og_title":"Saull\u0113kta - Sunrise house - Atp\u016btas komplekss Pazust Pried\u0113s","og_description":"Saull\u0113kta \u2013 br\u012bvdienu m\u0101ja Atra\u0161an\u0101s vieta atrodas viena so\u013ca att\u0101lum\u0101 no Baltijas j\u016bras (500 metri), prie\u017eu ielok\u0101. \u0160eit ir priv\u0101tuma, miera un harmonijas izj\u016bta, un it \u012bpa\u0161i j\u016btams ir dabas piesk\u0101riens. Br\u012bvdienu m\u0101ja ir apdz\u012bvojama visa gada garum\u0101 (k\u0101 ziem\u0101, t\u0101 vasar\u0101), t\u0101 ir \u0113rta, ar m\u0101j\u012bgu viesistabu, piln\u012bb\u0101 apr\u012bkotu virtuvi, modernu vannasistabu, pla\u0161u lofta &hellip; Saull\u0113kta &#8211; Sunrise house Read More &raquo;","og_url":"https:\/\/pazustpriedes.lv\/en\/product\/saullekta-maja\/","og_site_name":"Atp\u016btas komplekss Pazust Pried\u0113s","article_modified_time":"2026-04-09T14:11:29+00:00","og_image":[{"width":1920,"height":2560,"url":"https:\/\/pazustpriedes.lv\/wp-content\/uploads\/2024\/05\/IMG_5282-scaled.jpeg","type":"image\/jpeg"}],"twitter_card":"summary_large_image","twitter_misc":{"Estimated reading time":"3 minutes"},"schema":{"@context":"https:\/\/schema.org","@graph":[{"@type":"WebPage","@id":"https:\/\/pazustpriedes.lv\/product\/saullekta-maja\/","url":"https:\/\/pazustpriedes.lv\/product\/saullekta-maja\/","name":"Saull\u0113kta - Sunrise house - Atp\u016btas komplekss Pazust Pried\u0113s","isPartOf":{"@id":"https:\/\/pazustpriedes.lv\/#website"},"primaryImageOfPage":{"@id":"https:\/\/pazustpriedes.lv\/product\/saullekta-maja\/#primaryimage"},"image":{"@id":"https:\/\/pazustpriedes.lv\/product\/saullekta-maja\/#primaryimage"},"thumbnailUrl":"https:\/\/pazustpriedes.lv\/wp-content\/uploads\/2024\/05\/IMG_5282-scaled.jpeg","datePublished":"2024-05-06T18:07:52+00:00","dateModified":"2026-04-09T14:11:29+00:00","breadcrumb":{"@id":"https:\/\/pazustpriedes.lv\/product\/saullekta-maja\/#breadcrumb"},"inLanguage":"en-GB","potentialAction":[{"@type":"ReadAction","target":["https:\/\/pazustpriedes.lv\/product\/saullekta-maja\/"]}]},{"@type":"ImageObject","inLanguage":"en-GB","@id":"https:\/\/pazustpriedes.lv\/product\/saullekta-maja\/#primaryimage","url":"https:\/\/pazustpriedes.lv\/wp-content\/uploads\/2024\/05\/IMG_5282-scaled.jpeg","contentUrl":"https:\/\/pazustpriedes.lv\/wp-content\/uploads\/2024\/05\/IMG_5282-scaled.jpeg","width":1920,"height":2560},{"@type":"BreadcrumbList","@id":"https:\/\/pazustpriedes.lv\/product\/saullekta-maja\/#breadcrumb","itemListElement":[{"@type":"ListItem","position":1,"name":"Home","item":"https:\/\/pazustpriedes.lv\/"},{"@type":"ListItem","position":2,"name":"Rezerv\u0101cija","item":"https:\/\/pazustpriedes.lv\/rezervacija\/"},{"@type":"ListItem","position":3,"name":"Saull\u0113kta &#8211; Sunrise house"}]},{"@type":"WebSite","@id":"https:\/\/pazustpriedes.lv\/#website","url":"https:\/\/pazustpriedes.lv\/","name":"Pazust Pried\u0113s","description":"","publisher":{"@id":"https:\/\/pazustpriedes.lv\/#organization"},"potentialAction":[{"@type":"SearchAction","target":{"@type":"EntryPoint","urlTemplate":"https:\/\/pazustpriedes.lv\/?s={search_term_string}"},"query-input":{"@type":"PropertyValueSpecification","valueRequired":true,"valueName":"search_term_string"}}],"inLanguage":"en-GB"},{"@type":"Organization","@id":"https:\/\/pazustpriedes.lv\/#organization","name":"Pazust Pried\u0113s","url":"https:\/\/pazustpriedes.lv\/","logo":{"@type":"ImageObject","inLanguage":"en-GB","@id":"https:\/\/pazustpriedes.lv\/#\/schema\/logo\/image\/","url":"https:\/\/pazustpriedes.lv\/wp-content\/uploads\/2023\/03\/PazustPriedes_logo_b-1-1.png","contentUrl":"https:\/\/pazustpriedes.lv\/wp-content\/uploads\/2023\/03\/PazustPriedes_logo_b-1-1.png","width":2000,"height":2000,"caption":"Pazust Pried\u0113s"},"image":{"@id":"https:\/\/pazustpriedes.lv\/#\/schema\/logo\/image\/"}}]}},"_links":{"self":[{"href":"https:\/\/pazustpriedes.lv\/en\/wp-json\/wp\/v2\/product\/1744"}],"collection":[{"href":"https:\/\/pazustpriedes.lv\/en\/wp-json\/wp\/v2\/product"}],"about":[{"href":"https:\/\/pazustpriedes.lv\/en\/wp-json\/wp\/v2\/types\/product"}],"wp:featuredmedia":[{"embeddable":true,"href":"https:\/\/pazustpriedes.lv\/en\/wp-json\/wp\/v2\/media\/2841"}],"wp:attachment":[{"href":"https:\/\/pazustpriedes.lv\/en\/wp-json\/wp\/v2\/media?parent=1744"}],"wp:term":[{"taxonomy":"product_cat","embeddable":true,"href":"https:\/\/pazustpriedes.lv\/en\/wp-json\/wp\/v2\/product_cat?post=1744"},{"taxonomy":"product_tag","embeddable":true,"href":"https:\/\/pazustpriedes.lv\/en\/wp-json\/wp\/v2\/product_tag?post=1744"}],"curies":[{"name":"wp","href":"https:\/\/api.w.org\/{rel}","templated":true}]}}