{"id":572,"date":"2023-02-20T19:15:59","date_gmt":"2023-02-20T19:15:59","guid":{"rendered":"https:\/\/pazustpriedes.lv\/?page_id=572"},"modified":"2026-04-22T20:20:18","modified_gmt":"2026-04-22T20:20:18","slug":"davanu-karte","status":"publish","type":"page","link":"https:\/\/pazustpriedes.lv\/en\/davanu-karte\/","title":{"rendered":"Gift card"},"content":{"rendered":"<div data-elementor-type=\"wp-page\" data-elementor-id=\"572\" class=\"elementor elementor-572\">\n\t\t\t\t<div class=\"elementor-element elementor-element-0e68b96 e-flex e-con-boxed e-con e-parent\" data-id=\"0e68b96\" data-element_type=\"container\" data-e-type=\"container\">\n\t\t\t\t\t<div class=\"e-con-inner\">\n\t\t\t\t<div class=\"elementor-element elementor-element-a5a16b8 elementor-widget elementor-widget-spacer\" data-id=\"a5a16b8\" data-element_type=\"widget\" data-e-type=\"widget\" data-widget_type=\"spacer.default\">\n\t\t\t\t<div class=\"elementor-widget-container\">\n\t\t\t\t\t\t\t<div class=\"elementor-spacer\">\n\t\t\t<div class=\"elementor-spacer-inner\"><\/div>\n\t\t<\/div>\n\t\t\t\t\t\t<\/div>\n\t\t\t\t<\/div>\n\t\t\t\t\t<\/div>\n\t\t\t\t<\/div>\n\t\t<div class=\"elementor-element elementor-element-44f3370 e-flex e-con-boxed e-con e-parent\" data-id=\"44f3370\" data-element_type=\"container\" data-e-type=\"container\">\n\t\t\t\t\t<div class=\"e-con-inner\">\n\t\t\t\t<div class=\"elementor-element elementor-element-b736ec5 elementor-widget elementor-widget-image\" data-id=\"b736ec5\" data-element_type=\"widget\" data-e-type=\"widget\" data-widget_type=\"image.default\">\n\t\t\t\t<div class=\"elementor-widget-container\">\n\t\t\t\t\t\t\t\t\t\t\t\t\t\t\t<img fetchpriority=\"high\" decoding=\"async\" width=\"1536\" height=\"1024\" src=\"https:\/\/pazustpriedes.lv\/wp-content\/uploads\/2024\/08\/FotoValtersPelns_web-0015-1536x1024.jpg\" class=\"attachment-1536x1536 size-1536x1536 wp-image-2234\" alt=\"\" srcset=\"https:\/\/pazustpriedes.lv\/wp-content\/uploads\/2024\/08\/FotoValtersPelns_web-0015-1536x1024.jpg 1536w, https:\/\/pazustpriedes.lv\/wp-content\/uploads\/2024\/08\/FotoValtersPelns_web-0015-300x200.jpg 300w, https:\/\/pazustpriedes.lv\/wp-content\/uploads\/2024\/08\/FotoValtersPelns_web-0015-1024x683.jpg 1024w, https:\/\/pazustpriedes.lv\/wp-content\/uploads\/2024\/08\/FotoValtersPelns_web-0015-768x512.jpg 768w, https:\/\/pazustpriedes.lv\/wp-content\/uploads\/2024\/08\/FotoValtersPelns_web-0015-18x12.jpg 18w, https:\/\/pazustpriedes.lv\/wp-content\/uploads\/2024\/08\/FotoValtersPelns_web-0015-600x400.jpg 600w, https:\/\/pazustpriedes.lv\/wp-content\/uploads\/2024\/08\/FotoValtersPelns_web-0015.jpg 2048w\" sizes=\"(max-width: 1536px) 100vw, 1536px\" \/>\t\t\t\t\t\t\t\t\t\t\t\t\t\t\t<\/div>\n\t\t\t\t<\/div>\n\t\t\t\t<div class=\"elementor-element elementor-element-30c3437 elementor-widget__width-inherit elementor-widget elementor-widget-heading\" data-id=\"30c3437\" data-element_type=\"widget\" data-e-type=\"widget\" data-widget_type=\"heading.default\">\n\t\t\t\t<div class=\"elementor-widget-container\">\n\t\t\t\t\t<h2 class=\"elementor-heading-title elementor-size-default\">Pazust Pried\u0113s D\u0100VANU KARTE<br> - iepriecini savus m\u012b\u013cos ar kvalitat\u012bvu atp\u016btu! <\/h2>\t\t\t\t<\/div>\n\t\t\t\t<\/div>\n\t\t\t\t\t<\/div>\n\t\t\t\t<\/div>\n\t\t<div class=\"elementor-element elementor-element-9f152ee e-flex e-con-boxed e-con e-parent\" data-id=\"9f152ee\" data-element_type=\"container\" data-e-type=\"container\">\n\t\t\t\t\t<div class=\"e-con-inner\">\n\t\t<div class=\"elementor-element elementor-element-bb9aac7 e-con-full e-flex e-con e-child\" data-id=\"bb9aac7\" data-element_type=\"container\" data-e-type=\"container\">\n\t\t\t\t<div class=\"elementor-element elementor-element-ac88c4c elementor-widget__width-initial elementor-widget elementor-widget-image\" data-id=\"ac88c4c\" data-element_type=\"widget\" data-e-type=\"widget\" data-widget_type=\"image.default\">\n\t\t\t\t<div class=\"elementor-widget-container\">\n\t\t\t\t\t\t\t\t\t\t\t\t\t\t\t<img decoding=\"async\" width=\"683\" height=\"1024\" src=\"https:\/\/pazustpriedes.lv\/wp-content\/uploads\/2024\/08\/FotoValtersPelns_web-0022-683x1024.jpg\" class=\"attachment-large size-large wp-image-2235\" alt=\"\" srcset=\"https:\/\/pazustpriedes.lv\/wp-content\/uploads\/2024\/08\/FotoValtersPelns_web-0022-683x1024.jpg 683w, https:\/\/pazustpriedes.lv\/wp-content\/uploads\/2024\/08\/FotoValtersPelns_web-0022-200x300.jpg 200w, https:\/\/pazustpriedes.lv\/wp-content\/uploads\/2024\/08\/FotoValtersPelns_web-0022-768x1152.jpg 768w, https:\/\/pazustpriedes.lv\/wp-content\/uploads\/2024\/08\/FotoValtersPelns_web-0022-1024x1536.jpg 1024w, https:\/\/pazustpriedes.lv\/wp-content\/uploads\/2024\/08\/FotoValtersPelns_web-0022-8x12.jpg 8w, https:\/\/pazustpriedes.lv\/wp-content\/uploads\/2024\/08\/FotoValtersPelns_web-0022-600x900.jpg 600w, https:\/\/pazustpriedes.lv\/wp-content\/uploads\/2024\/08\/FotoValtersPelns_web-0022.jpg 1365w\" sizes=\"(max-width: 683px) 100vw, 683px\" \/>\t\t\t\t\t\t\t\t\t\t\t\t\t\t\t<\/div>\n\t\t\t\t<\/div>\n\t\t\t\t<\/div>\n\t\t<div class=\"elementor-element elementor-element-251c560 e-con-full e-flex e-con e-child\" data-id=\"251c560\" data-element_type=\"container\" data-e-type=\"container\">\n\t\t\t\t<div class=\"elementor-element elementor-element-4cda3cd elementor-widget__width-initial elementor-widget elementor-widget-heading\" data-id=\"4cda3cd\" data-element_type=\"widget\" data-e-type=\"widget\" data-widget_type=\"heading.default\">\n\t\t\t\t<div class=\"elementor-widget-container\">\n\t\t\t\t\t<h2 class=\"elementor-heading-title elementor-size-default\">Inform\u0101cijai<\/h2>\t\t\t\t<\/div>\n\t\t\t\t<\/div>\n\t\t\t\t<div class=\"elementor-element elementor-element-69441f7 elementor-widget elementor-widget-text-editor\" data-id=\"69441f7\" data-element_type=\"widget\" data-e-type=\"widget\" data-widget_type=\"text-editor.default\">\n\t\t\t\t<div class=\"elementor-widget-container\">\n\t\t\t\t\t\t\t\t\t<h6>&nbsp;<\/h6>\n<p>Jau vair\u0101k k\u0101 100 m\u016bsu klientu ir izv\u0113l\u0113ju\u0161ies savus m\u012b\u013cos un tuvos iepriecin\u0101t ar m\u016bsu d\u0101vanu kart\u0113m un pasniegt jau sen peln\u012btu, kvalitat\u012bvu atp\u016btu!&nbsp;<\/p>\n<p>Lielisks veids k\u0101 rad\u012bt neaizmirstamas atmi\u0146as un pasl\u0113pties no ikdienas steigas, \u013cauties \u201cPazust Pried\u0113s\u201d.<\/p>\n<p>M\u0113s pal\u012bdz\u0113sim Tev d\u0101vanu karti pasniegt p\u0113c iesp\u0113jas \u012bpa\u0161\u0101k\u0101 veid\u0101, piel\u0101gojot to da\u017e\u0101da veida form\u0101tos.&nbsp;<\/p>\n<p>D\u0101vanu karti iesp\u0113jams ieg\u0101d\u0101ties s\u0101kot no 100.00 EUR v\u0113rt\u012bbas.<\/p>\n<p><strong style=\"font-style: inherit; text-align: var(--text-align);\">D\u0101vanu kartes form\u0101ti un ieg\u0101des iesp\u0113jas apskat\u0101mas dodoties uz sada\u013cu &nbsp;&#8220;Ieg\u0101d\u0101ties d\u0101vanu karti&#8221;.&nbsp;<\/strong><\/p>\n<p><strong><i>M\u0113s tic\u0101m, ka \u0161o atp\u016btu nov\u0113rt\u0113s un gavil\u0113s visa \u0123imene!<\/i><\/strong><\/p>\n<p><\/p>\t\t\t\t\t\t\t\t<\/div>\n\t\t\t\t<\/div>\n\t\t\t\t<div class=\"elementor-element elementor-element-067fbcb elementor-mobile-align-center elementor-align-left elementor-widget elementor-widget-button\" data-id=\"067fbcb\" data-element_type=\"widget\" data-e-type=\"widget\" data-widget_type=\"button.default\">\n\t\t\t\t<div class=\"elementor-widget-container\">\n\t\t\t\t\t\t\t\t\t<div class=\"elementor-button-wrapper\">\n\t\t\t\t\t<a class=\"elementor-button elementor-button-link elementor-size-sm elementor-animation-grow\" href=\"https:\/\/pazustpriedes.lv\/en\/product\/pazust-priedes-davanu-karte\/\">\n\t\t\t\t\t\t<span class=\"elementor-button-content-wrapper\">\n\t\t\t\t\t\t<span class=\"elementor-button-icon\">\n\t\t\t\t<i aria-hidden=\"true\" class=\"fas fa-shopping-basket\"><\/i>\t\t\t<\/span>\n\t\t\t\t\t\t\t\t\t<span class=\"elementor-button-text\">Ieg\u0101d\u0101ties d\u0101vanu karti<\/span>\n\t\t\t\t\t<\/span>\n\t\t\t\t\t<\/a>\n\t\t\t\t<\/div>\n\t\t\t\t\t\t\t\t<\/div>\n\t\t\t\t<\/div>\n\t\t\t\t<div class=\"elementor-element elementor-element-3c58a77 elementor-mobile-align-center elementor-align-left elementor-widget elementor-widget-button\" data-id=\"3c58a77\" data-element_type=\"widget\" data-e-type=\"widget\" data-widget_type=\"button.default\">\n\t\t\t\t<div class=\"elementor-widget-container\">\n\t\t\t\t\t\t\t\t\t<div class=\"elementor-button-wrapper\">\n\t\t\t\t\t<a class=\"elementor-button elementor-button-link elementor-size-sm elementor-animation-grow\" href=\"https:\/\/pazustpriedes.lv\/en\/#kontakti\">\n\t\t\t\t\t\t<span class=\"elementor-button-content-wrapper\">\n\t\t\t\t\t\t<span class=\"elementor-button-icon\">\n\t\t\t\t<i aria-hidden=\"true\" class=\"icon_mail_alt\"><\/i>\t\t\t<\/span>\n\t\t\t\t\t\t\t\t\t<span class=\"elementor-button-text\">Sazin\u0101ties par ieg\u0101di<\/span>\n\t\t\t\t\t<\/span>\n\t\t\t\t\t<\/a>\n\t\t\t\t<\/div>\n\t\t\t\t\t\t\t\t<\/div>\n\t\t\t\t<\/div>\n\t\t\t\t<\/div>\n\t\t\t\t\t<\/div>\n\t\t\t\t<\/div>\n\t\t\t\t<\/div>","protected":false},"excerpt":{"rendered":"<p>Pazust Pried\u0113s D\u0100VANU KARTE &#8211; iepriecini savus m\u012b\u013cos ar kvalitat\u012bvu atp\u016btu! Inform\u0101cijai &nbsp; Jau vair\u0101k k\u0101 100 m\u016bsu klientu ir izv\u0113l\u0113ju\u0161ies savus m\u012b\u013cos un tuvos iepriecin\u0101t ar m\u016bsu d\u0101vanu kart\u0113m un pasniegt jau sen peln\u012btu, kvalitat\u012bvu atp\u016btu!&nbsp; Lielisks veids k\u0101 rad\u012bt neaizmirstamas atmi\u0146as un pasl\u0113pties no ikdienas steigas, \u013cauties \u201cPazust Pried\u0113s\u201d. M\u0113s pal\u012bdz\u0113sim Tev d\u0101vanu &hellip;<\/p>\n<p class=\"read-more\"> <a class=\"\" href=\"https:\/\/pazustpriedes.lv\/en\/davanu-karte\/\"> <span class=\"screen-reader-text\">Gift card<\/span> Read More &raquo;<\/a><\/p>","protected":false},"author":1,"featured_media":569,"parent":0,"menu_order":0,"comment_status":"closed","ping_status":"closed","template":"elementor_header_footer","meta":{"site-sidebar-layout":"no-sidebar","site-content-layout":"page-builder","ast-global-header-display":"","ast-main-header-display":"","ast-hfb-above-header-display":"","ast-hfb-below-header-display":"","ast-hfb-mobile-header-display":"","site-post-title":"disabled","ast-breadcrumbs-content":"","ast-featured-img":"disabled","footer-sml-layout":"","theme-transparent-header-meta":"default","adv-header-id-meta":"","stick-header-meta":"","header-above-stick-meta":"","header-main-stick-meta":"","header-below-stick-meta":"","footnotes":""},"class_list":["post-572","page","type-page","status-publish","has-post-thumbnail","hentry"],"yoast_head":"<!-- This site is optimized with the Yoast SEO plugin v24.0 - https:\/\/yoast.com\/wordpress\/plugins\/seo\/ -->\n<title>D\u0101vanu karte - Atp\u016btas komplekss Pazust Pried\u0113s<\/title>\n<meta name=\"robots\" content=\"index, follow, max-snippet:-1, max-image-preview:large, max-video-preview:-1\" \/>\n<link rel=\"canonical\" href=\"https:\/\/pazustpriedes.lv\/en\/davanu-karte\/\" \/>\n<meta property=\"og:locale\" content=\"en_GB\" \/>\n<meta property=\"og:type\" content=\"article\" \/>\n<meta property=\"og:title\" content=\"D\u0101vanu karte - Atp\u016btas komplekss Pazust Pried\u0113s\" \/>\n<meta property=\"og:description\" content=\"Pazust Pried\u0113s D\u0100VANU KARTE &#8211; iepriecini savus m\u012b\u013cos ar kvalitat\u012bvu atp\u016btu! Inform\u0101cijai &nbsp; Jau vair\u0101k k\u0101 100 m\u016bsu klientu ir izv\u0113l\u0113ju\u0161ies savus m\u012b\u013cos un tuvos iepriecin\u0101t ar m\u016bsu d\u0101vanu kart\u0113m un pasniegt jau sen peln\u012btu, kvalitat\u012bvu atp\u016btu!&nbsp; Lielisks veids k\u0101 rad\u012bt neaizmirstamas atmi\u0146as un pasl\u0113pties no ikdienas steigas, \u013cauties \u201cPazust Pried\u0113s\u201d. M\u0113s pal\u012bdz\u0113sim Tev d\u0101vanu &hellip; D\u0101vanu karte Read More &raquo;\" \/>\n<meta property=\"og:url\" content=\"https:\/\/pazustpriedes.lv\/en\/davanu-karte\/\" \/>\n<meta property=\"og:site_name\" content=\"Atp\u016btas komplekss Pazust Pried\u0113s\" \/>\n<meta property=\"article:modified_time\" content=\"2026-04-22T20:20:18+00:00\" \/>\n<meta property=\"og:image\" content=\"https:\/\/pazustpriedes.lv\/wp-content\/uploads\/2023\/02\/IMG-7965.jpg\" \/>\n\t<meta property=\"og:image:width\" content=\"960\" \/>\n\t<meta property=\"og:image:height\" content=\"502\" \/>\n\t<meta property=\"og:image:type\" content=\"image\/jpeg\" \/>\n<meta name=\"twitter:card\" content=\"summary_large_image\" \/>\n<meta name=\"twitter:label1\" content=\"Estimated reading time\" \/>\n\t<meta name=\"twitter:data1\" content=\"1 minute\" \/>\n<script type=\"application\/ld+json\" class=\"yoast-schema-graph\">{\"@context\":\"https:\/\/schema.org\",\"@graph\":[{\"@type\":\"WebPage\",\"@id\":\"https:\/\/pazustpriedes.lv\/davanu-karte\/\",\"url\":\"https:\/\/pazustpriedes.lv\/davanu-karte\/\",\"name\":\"D\u0101vanu karte - Atp\u016btas komplekss Pazust Pried\u0113s\",\"isPartOf\":{\"@id\":\"https:\/\/pazustpriedes.lv\/#website\"},\"primaryImageOfPage\":{\"@id\":\"https:\/\/pazustpriedes.lv\/davanu-karte\/#primaryimage\"},\"image\":{\"@id\":\"https:\/\/pazustpriedes.lv\/davanu-karte\/#primaryimage\"},\"thumbnailUrl\":\"https:\/\/pazustpriedes.lv\/wp-content\/uploads\/2023\/02\/IMG-7965.jpg\",\"datePublished\":\"2023-02-20T19:15:59+00:00\",\"dateModified\":\"2026-04-22T20:20:18+00:00\",\"breadcrumb\":{\"@id\":\"https:\/\/pazustpriedes.lv\/davanu-karte\/#breadcrumb\"},\"inLanguage\":\"en-GB\",\"potentialAction\":[{\"@type\":\"ReadAction\",\"target\":[\"https:\/\/pazustpriedes.lv\/davanu-karte\/\"]}]},{\"@type\":\"ImageObject\",\"inLanguage\":\"en-GB\",\"@id\":\"https:\/\/pazustpriedes.lv\/davanu-karte\/#primaryimage\",\"url\":\"https:\/\/pazustpriedes.lv\/wp-content\/uploads\/2023\/02\/IMG-7965.jpg\",\"contentUrl\":\"https:\/\/pazustpriedes.lv\/wp-content\/uploads\/2023\/02\/IMG-7965.jpg\",\"width\":960,\"height\":502},{\"@type\":\"BreadcrumbList\",\"@id\":\"https:\/\/pazustpriedes.lv\/davanu-karte\/#breadcrumb\",\"itemListElement\":[{\"@type\":\"ListItem\",\"position\":1,\"name\":\"Home\",\"item\":\"https:\/\/pazustpriedes.lv\/\"},{\"@type\":\"ListItem\",\"position\":2,\"name\":\"D\u0101vanu karte\"}]},{\"@type\":\"WebSite\",\"@id\":\"https:\/\/pazustpriedes.lv\/#website\",\"url\":\"https:\/\/pazustpriedes.lv\/\",\"name\":\"Pazust Pried\u0113s\",\"description\":\"\",\"publisher\":{\"@id\":\"https:\/\/pazustpriedes.lv\/#organization\"},\"potentialAction\":[{\"@type\":\"SearchAction\",\"target\":{\"@type\":\"EntryPoint\",\"urlTemplate\":\"https:\/\/pazustpriedes.lv\/?s={search_term_string}\"},\"query-input\":{\"@type\":\"PropertyValueSpecification\",\"valueRequired\":true,\"valueName\":\"search_term_string\"}}],\"inLanguage\":\"en-GB\"},{\"@type\":\"Organization\",\"@id\":\"https:\/\/pazustpriedes.lv\/#organization\",\"name\":\"Pazust Pried\u0113s\",\"url\":\"https:\/\/pazustpriedes.lv\/\",\"logo\":{\"@type\":\"ImageObject\",\"inLanguage\":\"en-GB\",\"@id\":\"https:\/\/pazustpriedes.lv\/#\/schema\/logo\/image\/\",\"url\":\"https:\/\/pazustpriedes.lv\/wp-content\/uploads\/2023\/03\/PazustPriedes_logo_b-1-1.png\",\"contentUrl\":\"https:\/\/pazustpriedes.lv\/wp-content\/uploads\/2023\/03\/PazustPriedes_logo_b-1-1.png\",\"width\":2000,\"height\":2000,\"caption\":\"Pazust Pried\u0113s\"},\"image\":{\"@id\":\"https:\/\/pazustpriedes.lv\/#\/schema\/logo\/image\/\"}}]}<\/script>\n<!-- \/ Yoast SEO plugin. -->","yoast_head_json":{"title":"D\u0101vanu karte - Atp\u016btas komplekss Pazust Pried\u0113s","robots":{"index":"index","follow":"follow","max-snippet":"max-snippet:-1","max-image-preview":"max-image-preview:large","max-video-preview":"max-video-preview:-1"},"canonical":"https:\/\/pazustpriedes.lv\/en\/davanu-karte\/","og_locale":"en_GB","og_type":"article","og_title":"D\u0101vanu karte - Atp\u016btas komplekss Pazust Pried\u0113s","og_description":"Pazust Pried\u0113s D\u0100VANU KARTE &#8211; iepriecini savus m\u012b\u013cos ar kvalitat\u012bvu atp\u016btu! Inform\u0101cijai &nbsp; Jau vair\u0101k k\u0101 100 m\u016bsu klientu ir izv\u0113l\u0113ju\u0161ies savus m\u012b\u013cos un tuvos iepriecin\u0101t ar m\u016bsu d\u0101vanu kart\u0113m un pasniegt jau sen peln\u012btu, kvalitat\u012bvu atp\u016btu!&nbsp; Lielisks veids k\u0101 rad\u012bt neaizmirstamas atmi\u0146as un pasl\u0113pties no ikdienas steigas, \u013cauties \u201cPazust Pried\u0113s\u201d. M\u0113s pal\u012bdz\u0113sim Tev d\u0101vanu &hellip; D\u0101vanu karte Read More &raquo;","og_url":"https:\/\/pazustpriedes.lv\/en\/davanu-karte\/","og_site_name":"Atp\u016btas komplekss Pazust Pried\u0113s","article_modified_time":"2026-04-22T20:20:18+00:00","og_image":[{"width":960,"height":502,"url":"https:\/\/pazustpriedes.lv\/wp-content\/uploads\/2023\/02\/IMG-7965.jpg","type":"image\/jpeg"}],"twitter_card":"summary_large_image","twitter_misc":{"Estimated reading time":"1 minute"},"schema":{"@context":"https:\/\/schema.org","@graph":[{"@type":"WebPage","@id":"https:\/\/pazustpriedes.lv\/davanu-karte\/","url":"https:\/\/pazustpriedes.lv\/davanu-karte\/","name":"D\u0101vanu karte - Atp\u016btas komplekss Pazust Pried\u0113s","isPartOf":{"@id":"https:\/\/pazustpriedes.lv\/#website"},"primaryImageOfPage":{"@id":"https:\/\/pazustpriedes.lv\/davanu-karte\/#primaryimage"},"image":{"@id":"https:\/\/pazustpriedes.lv\/davanu-karte\/#primaryimage"},"thumbnailUrl":"https:\/\/pazustpriedes.lv\/wp-content\/uploads\/2023\/02\/IMG-7965.jpg","datePublished":"2023-02-20T19:15:59+00:00","dateModified":"2026-04-22T20:20:18+00:00","breadcrumb":{"@id":"https:\/\/pazustpriedes.lv\/davanu-karte\/#breadcrumb"},"inLanguage":"en-GB","potentialAction":[{"@type":"ReadAction","target":["https:\/\/pazustpriedes.lv\/davanu-karte\/"]}]},{"@type":"ImageObject","inLanguage":"en-GB","@id":"https:\/\/pazustpriedes.lv\/davanu-karte\/#primaryimage","url":"https:\/\/pazustpriedes.lv\/wp-content\/uploads\/2023\/02\/IMG-7965.jpg","contentUrl":"https:\/\/pazustpriedes.lv\/wp-content\/uploads\/2023\/02\/IMG-7965.jpg","width":960,"height":502},{"@type":"BreadcrumbList","@id":"https:\/\/pazustpriedes.lv\/davanu-karte\/#breadcrumb","itemListElement":[{"@type":"ListItem","position":1,"name":"Home","item":"https:\/\/pazustpriedes.lv\/"},{"@type":"ListItem","position":2,"name":"D\u0101vanu karte"}]},{"@type":"WebSite","@id":"https:\/\/pazustpriedes.lv\/#website","url":"https:\/\/pazustpriedes.lv\/","name":"Pazust Pried\u0113s","description":"","publisher":{"@id":"https:\/\/pazustpriedes.lv\/#organization"},"potentialAction":[{"@type":"SearchAction","target":{"@type":"EntryPoint","urlTemplate":"https:\/\/pazustpriedes.lv\/?s={search_term_string}"},"query-input":{"@type":"PropertyValueSpecification","valueRequired":true,"valueName":"search_term_string"}}],"inLanguage":"en-GB"},{"@type":"Organization","@id":"https:\/\/pazustpriedes.lv\/#organization","name":"Pazust Pried\u0113s","url":"https:\/\/pazustpriedes.lv\/","logo":{"@type":"ImageObject","inLanguage":"en-GB","@id":"https:\/\/pazustpriedes.lv\/#\/schema\/logo\/image\/","url":"https:\/\/pazustpriedes.lv\/wp-content\/uploads\/2023\/03\/PazustPriedes_logo_b-1-1.png","contentUrl":"https:\/\/pazustpriedes.lv\/wp-content\/uploads\/2023\/03\/PazustPriedes_logo_b-1-1.png","width":2000,"height":2000,"caption":"Pazust Pried\u0113s"},"image":{"@id":"https:\/\/pazustpriedes.lv\/#\/schema\/logo\/image\/"}}]}},"_links":{"self":[{"href":"https:\/\/pazustpriedes.lv\/en\/wp-json\/wp\/v2\/pages\/572"}],"collection":[{"href":"https:\/\/pazustpriedes.lv\/en\/wp-json\/wp\/v2\/pages"}],"about":[{"href":"https:\/\/pazustpriedes.lv\/en\/wp-json\/wp\/v2\/types\/page"}],"author":[{"embeddable":true,"href":"https:\/\/pazustpriedes.lv\/en\/wp-json\/wp\/v2\/users\/1"}],"replies":[{"embeddable":true,"href":"https:\/\/pazustpriedes.lv\/en\/wp-json\/wp\/v2\/comments?post=572"}],"version-history":[{"count":84,"href":"https:\/\/pazustpriedes.lv\/en\/wp-json\/wp\/v2\/pages\/572\/revisions"}],"predecessor-version":[{"id":2923,"href":"https:\/\/pazustpriedes.lv\/en\/wp-json\/wp\/v2\/pages\/572\/revisions\/2923"}],"wp:featuredmedia":[{"embeddable":true,"href":"https:\/\/pazustpriedes.lv\/en\/wp-json\/wp\/v2\/media\/569"}],"wp:attachment":[{"href":"https:\/\/pazustpriedes.lv\/en\/wp-json\/wp\/v2\/media?parent=572"}],"curies":[{"name":"wp","href":"https:\/\/api.w.org\/{rel}","templated":true}]}}