{"id":530,"date":"2023-02-20T17:53:36","date_gmt":"2023-02-20T17:53:36","guid":{"rendered":"https:\/\/pazustpriedes.lv\/?page_id=530"},"modified":"2024-10-30T19:55:04","modified_gmt":"2024-10-30T19:55:04","slug":"par-mums","status":"publish","type":"page","link":"https:\/\/pazustpriedes.lv\/en\/par-mums\/","title":{"rendered":"Par Mums"},"content":{"rendered":"<div data-elementor-type=\"wp-page\" data-elementor-id=\"530\" class=\"elementor elementor-530\">\n\t\t\t\t\t\t<section class=\"elementor-section elementor-top-section elementor-element elementor-element-357060f8 elementor-section-full_width elementor-section-height-default elementor-section-height-default elementor-invisible\" data-id=\"357060f8\" data-element_type=\"section\" data-e-type=\"section\" data-settings=\"{&quot;background_background&quot;:&quot;classic&quot;,&quot;animation&quot;:&quot;fadeIn&quot;}\">\n\t\t\t\t\t\t<div class=\"elementor-container elementor-column-gap-extended\">\n\t\t\t\t\t<div class=\"elementor-column elementor-col-33 elementor-top-column elementor-element elementor-element-7b5eaeac\" data-id=\"7b5eaeac\" data-element_type=\"column\" data-e-type=\"column\" data-settings=\"{&quot;background_background&quot;:&quot;classic&quot;}\">\n\t\t\t<div class=\"elementor-widget-wrap elementor-element-populated\">\n\t\t\t\t\t<div class=\"elementor-background-overlay\"><\/div>\n\t\t\t\t\t\t<div class=\"elementor-element elementor-element-6e7c8679 elementor-widget elementor-widget-image\" data-id=\"6e7c8679\" data-element_type=\"widget\" data-e-type=\"widget\" data-widget_type=\"image.default\">\n\t\t\t\t<div class=\"elementor-widget-container\">\n\t\t\t\t\t\t\t\t\t\t\t\t\t\t\t<img fetchpriority=\"high\" decoding=\"async\" width=\"1000\" height=\"1500\" src=\"https:\/\/pazustpriedes.lv\/wp-content\/uploads\/2023\/02\/par-mums.jpg\" class=\"attachment-full size-full wp-image-536\" alt=\"\" srcset=\"https:\/\/pazustpriedes.lv\/wp-content\/uploads\/2023\/02\/par-mums.jpg 1000w, https:\/\/pazustpriedes.lv\/wp-content\/uploads\/2023\/02\/par-mums-600x900.jpg 600w, https:\/\/pazustpriedes.lv\/wp-content\/uploads\/2023\/02\/par-mums-200x300.jpg 200w, https:\/\/pazustpriedes.lv\/wp-content\/uploads\/2023\/02\/par-mums-683x1024.jpg 683w, https:\/\/pazustpriedes.lv\/wp-content\/uploads\/2023\/02\/par-mums-768x1152.jpg 768w\" sizes=\"(max-width: 1000px) 100vw, 1000px\" \/>\t\t\t\t\t\t\t\t\t\t\t\t\t\t\t<\/div>\n\t\t\t\t<\/div>\n\t\t\t\t\t<\/div>\n\t\t<\/div>\n\t\t\t\t<div class=\"elementor-column elementor-col-66 elementor-top-column elementor-element elementor-element-798a76df\" data-id=\"798a76df\" data-element_type=\"column\" data-e-type=\"column\" data-settings=\"{&quot;background_background&quot;:&quot;classic&quot;}\">\n\t\t\t<div class=\"elementor-widget-wrap elementor-element-populated\">\n\t\t\t\t\t<div class=\"elementor-background-overlay\"><\/div>\n\t\t\t\t\t\t<div class=\"elementor-element elementor-element-62bd58c9 elementor-widget elementor-widget-heading\" data-id=\"62bd58c9\" data-element_type=\"widget\" data-e-type=\"widget\" data-widget_type=\"heading.default\">\n\t\t\t\t<div class=\"elementor-widget-container\">\n\t\t\t\t\t<h2 class=\"elementor-heading-title elementor-size-default\">About us<\/h2>\t\t\t\t<\/div>\n\t\t\t\t<\/div>\n\t\t\t\t<div class=\"elementor-element elementor-element-24380896 elementor-widget elementor-widget-text-editor\" data-id=\"24380896\" data-element_type=\"widget\" data-e-type=\"widget\" data-widget_type=\"text-editor.default\">\n\t\t\t\t<div class=\"elementor-widget-container\">\n\t\t\t\t\t\t\t\t\t<p>January 2023 is the year and month when the recreation complex \"Pazust Pried\u0113s\" or \"Pine Retreat\" opened on the coast of the Baltic Sea to welcome everyone.\u00a0<\/p><p>From an unfurnished edge of the seaside forest to a leisure complex suitable for people's lifestyles. From the idea that arose in the summer of 2020 to the realized final result three years later. The desire of the owners of \"Pazust Pried\u0113s\" is to create something that brings added value to its visitors. The recreation complex has not only accommodation options, but also various types of opportunities related to learning about and improving mental health (sauna and SPA zone, sacred instruments with meditation instructions, essential oils, self improvement books, possibility to rent yoga mats, retreats in the summer season, etc.).\u00a0<\/p><p>Making all this tasteful to the eyes of today's people and their needs - modern, restrained style and arrangement, adaptation to different lifestyles, as well as the desire to be as close as possible to nature, while not depriving nature of its characteristic features. Everyone has the opportunity to find and understand what they want to get and take for themselves, Getting Lost in the Pines.\u00a0<\/p><p>\u0160obr\u012bd \u201ePazust Pried\u0113s\u201c darbojas tr\u012bs br\u012bvdienu m\u0101jas, SPA zona, k\u0101 ar\u012b papildus da\u017e\u0101das viesu izklaides teritorij\u0101 uz vietas, bet &#8211; tas noteikti ir tikai s\u0101kums.<\/p>\t\t\t\t\t\t\t\t<\/div>\n\t\t\t\t<\/div>\n\t\t\t\t<div class=\"elementor-element elementor-element-72b01187 elementor-mobile-align-center elementor-widget elementor-widget-button\" data-id=\"72b01187\" data-element_type=\"widget\" data-e-type=\"widget\" data-widget_type=\"button.default\">\n\t\t\t\t<div class=\"elementor-widget-container\">\n\t\t\t\t\t\t\t\t\t<div class=\"elementor-button-wrapper\">\n\t\t\t\t\t<a class=\"elementor-button elementor-button-link elementor-size-sm elementor-animation-grow\" href=\"https:\/\/pazustpriedes.lv\/index.php\/kontakti\/\">\n\t\t\t\t\t\t<span class=\"elementor-button-content-wrapper\">\n\t\t\t\t\t\t\t\t\t<span class=\"elementor-button-text\">Contact us <\/span>\n\t\t\t\t\t<\/span>\n\t\t\t\t\t<\/a>\n\t\t\t\t<\/div>\n\t\t\t\t\t\t\t\t<\/div>\n\t\t\t\t<\/div>\n\t\t\t\t\t<\/div>\n\t\t<\/div>\n\t\t\t\t\t<\/div>\n\t\t<\/section>\n\t\t\t\t<section class=\"elementor-section elementor-top-section elementor-element elementor-element-1ac32df elementor-section-boxed elementor-section-height-default elementor-section-height-default\" data-id=\"1ac32df\" data-element_type=\"section\" data-e-type=\"section\">\n\t\t\t\t\t\t<div class=\"elementor-container elementor-column-gap-default\">\n\t\t\t\t\t<div class=\"elementor-column elementor-col-100 elementor-top-column elementor-element elementor-element-8086bc6\" data-id=\"8086bc6\" data-element_type=\"column\" data-e-type=\"column\">\n\t\t\t<div class=\"elementor-widget-wrap\">\n\t\t\t\t\t\t\t<\/div>\n\t\t<\/div>\n\t\t\t\t\t<\/div>\n\t\t<\/section>\n\t\t\t\t<\/div>","protected":false},"excerpt":{"rendered":"<p>PAR MUMS 2023. gada janv\u0101ris &#8211; gads un m\u0113nesis , kad Baltijas j\u016bras piekrast\u0113 uz\u0146emt ciemos ikvienu, uzs\u0101cis atp\u016btas komplekss \u201ePazust Pried\u0113s\u201c jeb \u201ePine Retreat\u201c.\u00a0 No neiek\u0101rtotas piej\u016bras me\u017ea nomales l\u012bdz cilv\u0113ka dz\u012bvesstila atbilsto\u0161am atp\u016btas kompleksam. No idejas, kas radusies 2020.gada vasar\u0101, l\u012bdz realiz\u0113tam gala rezult\u0101tam tr\u012bs gadus v\u0113l\u0101k. \u201ePazust Pried\u0113s\u201c saimnieku v\u0113lme ir rad\u012bt &hellip;<\/p>\n<p class=\"read-more\"> <a class=\"\" href=\"https:\/\/pazustpriedes.lv\/en\/par-mums\/\"> <span class=\"screen-reader-text\">Par Mums<\/span> Read More &raquo;<\/a><\/p>","protected":false},"author":1,"featured_media":569,"parent":0,"menu_order":0,"comment_status":"closed","ping_status":"closed","template":"elementor_header_footer","meta":{"site-sidebar-layout":"no-sidebar","site-content-layout":"page-builder","ast-global-header-display":"","ast-main-header-display":"","ast-hfb-above-header-display":"","ast-hfb-below-header-display":"","ast-hfb-mobile-header-display":"","site-post-title":"disabled","ast-breadcrumbs-content":"","ast-featured-img":"disabled","footer-sml-layout":"","theme-transparent-header-meta":"default","adv-header-id-meta":"","stick-header-meta":"","header-above-stick-meta":"","header-main-stick-meta":"","header-below-stick-meta":"","footnotes":""},"class_list":["post-530","page","type-page","status-publish","has-post-thumbnail","hentry"],"yoast_head":"<!-- This site is optimized with the Yoast SEO plugin v24.0 - https:\/\/yoast.com\/wordpress\/plugins\/seo\/ -->\n<title>Par Mums - Atp\u016btas komplekss Pazust Pried\u0113s<\/title>\n<meta name=\"robots\" content=\"index, follow, max-snippet:-1, max-image-preview:large, max-video-preview:-1\" \/>\n<link rel=\"canonical\" href=\"https:\/\/pazustpriedes.lv\/en\/par-mums\/\" \/>\n<meta property=\"og:locale\" content=\"en_GB\" \/>\n<meta property=\"og:type\" content=\"article\" \/>\n<meta property=\"og:title\" content=\"Par Mums - Atp\u016btas komplekss Pazust Pried\u0113s\" \/>\n<meta property=\"og:description\" content=\"PAR MUMS 2023. gada janv\u0101ris &#8211; gads un m\u0113nesis , kad Baltijas j\u016bras piekrast\u0113 uz\u0146emt ciemos ikvienu, uzs\u0101cis atp\u016btas komplekss \u201ePazust Pried\u0113s\u201c jeb \u201ePine Retreat\u201c.\u00a0 No neiek\u0101rtotas piej\u016bras me\u017ea nomales l\u012bdz cilv\u0113ka dz\u012bvesstila atbilsto\u0161am atp\u016btas kompleksam. No idejas, kas radusies 2020.gada vasar\u0101, l\u012bdz realiz\u0113tam gala rezult\u0101tam tr\u012bs gadus v\u0113l\u0101k. \u201ePazust Pried\u0113s\u201c saimnieku v\u0113lme ir rad\u012bt &hellip; Par Mums Read More &raquo;\" \/>\n<meta property=\"og:url\" content=\"https:\/\/pazustpriedes.lv\/en\/par-mums\/\" \/>\n<meta property=\"og:site_name\" content=\"Atp\u016btas komplekss Pazust Pried\u0113s\" \/>\n<meta property=\"article:modified_time\" content=\"2024-10-30T19:55:04+00:00\" \/>\n<meta property=\"og:image\" content=\"https:\/\/pazustpriedes.lv\/wp-content\/uploads\/2023\/02\/IMG-7965.jpg\" \/>\n\t<meta property=\"og:image:width\" content=\"960\" \/>\n\t<meta property=\"og:image:height\" content=\"502\" \/>\n\t<meta property=\"og:image:type\" content=\"image\/jpeg\" \/>\n<meta name=\"twitter:card\" content=\"summary_large_image\" \/>\n<meta name=\"twitter:label1\" content=\"Estimated reading time\" \/>\n\t<meta name=\"twitter:data1\" content=\"1 minute\" \/>\n<script type=\"application\/ld+json\" class=\"yoast-schema-graph\">{\"@context\":\"https:\/\/schema.org\",\"@graph\":[{\"@type\":\"WebPage\",\"@id\":\"https:\/\/pazustpriedes.lv\/par-mums\/\",\"url\":\"https:\/\/pazustpriedes.lv\/par-mums\/\",\"name\":\"Par Mums - Atp\u016btas komplekss Pazust Pried\u0113s\",\"isPartOf\":{\"@id\":\"https:\/\/pazustpriedes.lv\/#website\"},\"primaryImageOfPage\":{\"@id\":\"https:\/\/pazustpriedes.lv\/par-mums\/#primaryimage\"},\"image\":{\"@id\":\"https:\/\/pazustpriedes.lv\/par-mums\/#primaryimage\"},\"thumbnailUrl\":\"https:\/\/pazustpriedes.lv\/wp-content\/uploads\/2023\/02\/IMG-7965.jpg\",\"datePublished\":\"2023-02-20T17:53:36+00:00\",\"dateModified\":\"2024-10-30T19:55:04+00:00\",\"breadcrumb\":{\"@id\":\"https:\/\/pazustpriedes.lv\/par-mums\/#breadcrumb\"},\"inLanguage\":\"en-GB\",\"potentialAction\":[{\"@type\":\"ReadAction\",\"target\":[\"https:\/\/pazustpriedes.lv\/par-mums\/\"]}]},{\"@type\":\"ImageObject\",\"inLanguage\":\"en-GB\",\"@id\":\"https:\/\/pazustpriedes.lv\/par-mums\/#primaryimage\",\"url\":\"https:\/\/pazustpriedes.lv\/wp-content\/uploads\/2023\/02\/IMG-7965.jpg\",\"contentUrl\":\"https:\/\/pazustpriedes.lv\/wp-content\/uploads\/2023\/02\/IMG-7965.jpg\",\"width\":960,\"height\":502},{\"@type\":\"BreadcrumbList\",\"@id\":\"https:\/\/pazustpriedes.lv\/par-mums\/#breadcrumb\",\"itemListElement\":[{\"@type\":\"ListItem\",\"position\":1,\"name\":\"Home\",\"item\":\"https:\/\/pazustpriedes.lv\/\"},{\"@type\":\"ListItem\",\"position\":2,\"name\":\"Par Mums\"}]},{\"@type\":\"WebSite\",\"@id\":\"https:\/\/pazustpriedes.lv\/#website\",\"url\":\"https:\/\/pazustpriedes.lv\/\",\"name\":\"Pazust Pried\u0113s\",\"description\":\"\",\"publisher\":{\"@id\":\"https:\/\/pazustpriedes.lv\/#organization\"},\"potentialAction\":[{\"@type\":\"SearchAction\",\"target\":{\"@type\":\"EntryPoint\",\"urlTemplate\":\"https:\/\/pazustpriedes.lv\/?s={search_term_string}\"},\"query-input\":{\"@type\":\"PropertyValueSpecification\",\"valueRequired\":true,\"valueName\":\"search_term_string\"}}],\"inLanguage\":\"en-GB\"},{\"@type\":\"Organization\",\"@id\":\"https:\/\/pazustpriedes.lv\/#organization\",\"name\":\"Pazust Pried\u0113s\",\"url\":\"https:\/\/pazustpriedes.lv\/\",\"logo\":{\"@type\":\"ImageObject\",\"inLanguage\":\"en-GB\",\"@id\":\"https:\/\/pazustpriedes.lv\/#\/schema\/logo\/image\/\",\"url\":\"https:\/\/pazustpriedes.lv\/wp-content\/uploads\/2023\/03\/PazustPriedes_logo_b-1-1.png\",\"contentUrl\":\"https:\/\/pazustpriedes.lv\/wp-content\/uploads\/2023\/03\/PazustPriedes_logo_b-1-1.png\",\"width\":2000,\"height\":2000,\"caption\":\"Pazust Pried\u0113s\"},\"image\":{\"@id\":\"https:\/\/pazustpriedes.lv\/#\/schema\/logo\/image\/\"}}]}<\/script>\n<!-- \/ Yoast SEO plugin. -->","yoast_head_json":{"title":"Par Mums - Atp\u016btas komplekss Pazust Pried\u0113s","robots":{"index":"index","follow":"follow","max-snippet":"max-snippet:-1","max-image-preview":"max-image-preview:large","max-video-preview":"max-video-preview:-1"},"canonical":"https:\/\/pazustpriedes.lv\/en\/par-mums\/","og_locale":"en_GB","og_type":"article","og_title":"Par Mums - Atp\u016btas komplekss Pazust Pried\u0113s","og_description":"PAR MUMS 2023. gada janv\u0101ris &#8211; gads un m\u0113nesis , kad Baltijas j\u016bras piekrast\u0113 uz\u0146emt ciemos ikvienu, uzs\u0101cis atp\u016btas komplekss \u201ePazust Pried\u0113s\u201c jeb \u201ePine Retreat\u201c.\u00a0 No neiek\u0101rtotas piej\u016bras me\u017ea nomales l\u012bdz cilv\u0113ka dz\u012bvesstila atbilsto\u0161am atp\u016btas kompleksam. No idejas, kas radusies 2020.gada vasar\u0101, l\u012bdz realiz\u0113tam gala rezult\u0101tam tr\u012bs gadus v\u0113l\u0101k. \u201ePazust Pried\u0113s\u201c saimnieku v\u0113lme ir rad\u012bt &hellip; Par Mums Read More &raquo;","og_url":"https:\/\/pazustpriedes.lv\/en\/par-mums\/","og_site_name":"Atp\u016btas komplekss Pazust Pried\u0113s","article_modified_time":"2024-10-30T19:55:04+00:00","og_image":[{"width":960,"height":502,"url":"https:\/\/pazustpriedes.lv\/wp-content\/uploads\/2023\/02\/IMG-7965.jpg","type":"image\/jpeg"}],"twitter_card":"summary_large_image","twitter_misc":{"Estimated reading time":"1 minute"},"schema":{"@context":"https:\/\/schema.org","@graph":[{"@type":"WebPage","@id":"https:\/\/pazustpriedes.lv\/par-mums\/","url":"https:\/\/pazustpriedes.lv\/par-mums\/","name":"Par Mums - Atp\u016btas komplekss Pazust Pried\u0113s","isPartOf":{"@id":"https:\/\/pazustpriedes.lv\/#website"},"primaryImageOfPage":{"@id":"https:\/\/pazustpriedes.lv\/par-mums\/#primaryimage"},"image":{"@id":"https:\/\/pazustpriedes.lv\/par-mums\/#primaryimage"},"thumbnailUrl":"https:\/\/pazustpriedes.lv\/wp-content\/uploads\/2023\/02\/IMG-7965.jpg","datePublished":"2023-02-20T17:53:36+00:00","dateModified":"2024-10-30T19:55:04+00:00","breadcrumb":{"@id":"https:\/\/pazustpriedes.lv\/par-mums\/#breadcrumb"},"inLanguage":"en-GB","potentialAction":[{"@type":"ReadAction","target":["https:\/\/pazustpriedes.lv\/par-mums\/"]}]},{"@type":"ImageObject","inLanguage":"en-GB","@id":"https:\/\/pazustpriedes.lv\/par-mums\/#primaryimage","url":"https:\/\/pazustpriedes.lv\/wp-content\/uploads\/2023\/02\/IMG-7965.jpg","contentUrl":"https:\/\/pazustpriedes.lv\/wp-content\/uploads\/2023\/02\/IMG-7965.jpg","width":960,"height":502},{"@type":"BreadcrumbList","@id":"https:\/\/pazustpriedes.lv\/par-mums\/#breadcrumb","itemListElement":[{"@type":"ListItem","position":1,"name":"Home","item":"https:\/\/pazustpriedes.lv\/"},{"@type":"ListItem","position":2,"name":"Par Mums"}]},{"@type":"WebSite","@id":"https:\/\/pazustpriedes.lv\/#website","url":"https:\/\/pazustpriedes.lv\/","name":"Pazust Pried\u0113s","description":"","publisher":{"@id":"https:\/\/pazustpriedes.lv\/#organization"},"potentialAction":[{"@type":"SearchAction","target":{"@type":"EntryPoint","urlTemplate":"https:\/\/pazustpriedes.lv\/?s={search_term_string}"},"query-input":{"@type":"PropertyValueSpecification","valueRequired":true,"valueName":"search_term_string"}}],"inLanguage":"en-GB"},{"@type":"Organization","@id":"https:\/\/pazustpriedes.lv\/#organization","name":"Pazust Pried\u0113s","url":"https:\/\/pazustpriedes.lv\/","logo":{"@type":"ImageObject","inLanguage":"en-GB","@id":"https:\/\/pazustpriedes.lv\/#\/schema\/logo\/image\/","url":"https:\/\/pazustpriedes.lv\/wp-content\/uploads\/2023\/03\/PazustPriedes_logo_b-1-1.png","contentUrl":"https:\/\/pazustpriedes.lv\/wp-content\/uploads\/2023\/03\/PazustPriedes_logo_b-1-1.png","width":2000,"height":2000,"caption":"Pazust Pried\u0113s"},"image":{"@id":"https:\/\/pazustpriedes.lv\/#\/schema\/logo\/image\/"}}]}},"_links":{"self":[{"href":"https:\/\/pazustpriedes.lv\/en\/wp-json\/wp\/v2\/pages\/530"}],"collection":[{"href":"https:\/\/pazustpriedes.lv\/en\/wp-json\/wp\/v2\/pages"}],"about":[{"href":"https:\/\/pazustpriedes.lv\/en\/wp-json\/wp\/v2\/types\/page"}],"author":[{"embeddable":true,"href":"https:\/\/pazustpriedes.lv\/en\/wp-json\/wp\/v2\/users\/1"}],"replies":[{"embeddable":true,"href":"https:\/\/pazustpriedes.lv\/en\/wp-json\/wp\/v2\/comments?post=530"}],"version-history":[{"count":7,"href":"https:\/\/pazustpriedes.lv\/en\/wp-json\/wp\/v2\/pages\/530\/revisions"}],"predecessor-version":[{"id":2574,"href":"https:\/\/pazustpriedes.lv\/en\/wp-json\/wp\/v2\/pages\/530\/revisions\/2574"}],"wp:featuredmedia":[{"embeddable":true,"href":"https:\/\/pazustpriedes.lv\/en\/wp-json\/wp\/v2\/media\/569"}],"wp:attachment":[{"href":"https:\/\/pazustpriedes.lv\/en\/wp-json\/wp\/v2\/media?parent=530"}],"curies":[{"name":"wp","href":"https:\/\/api.w.org\/{rel}","templated":true}]}}