{"id":2411,"date":"2024-09-30T12:18:28","date_gmt":"2024-09-30T12:18:28","guid":{"rendered":"https:\/\/pazustpriedes.lv\/?page_id=2411"},"modified":"2024-09-30T12:18:34","modified_gmt":"2024-09-30T12:18:34","slug":"distances-ligums","status":"publish","type":"page","link":"https:\/\/pazustpriedes.lv\/en\/distances-ligums\/","title":{"rendered":"Distances l\u012bgums"},"content":{"rendered":"<p><strong><u>Inform\u0101cija par Pakalpojuma sniedz\u0113ju un visp\u0101r\u012bgie noteikumi<\/u><\/strong><\/p><p>Pirc\u0113js jeb klients &#8211; vietnes apmekl\u0113t\u0101js, fiziska vai juridiska persona<br>Pakalpojumu sniedz\u0113js \u2013 <strong>SIA &#8220;1August&#8221;, Re\u0123, Nr. 40203329978, adrese \u201cPrie\u017elejas\u201d, Bern\u0101ti, N\u012bcas pagasts, Dienvidkurzemes nov., LV-3473<\/strong>.<br>Vietne \u2013 <strong>www.pazustpriedes.lv<\/strong><br>Pakalpojums &#8211; viesu izmitin\u0101\u0161ana br\u012bvdienu m\u0101j\u0101s.<\/p><p>\u0160ie Vietnes lieto\u0161anas noteikumi (turpm\u0101k \u2013 Noteikumi) ir pakalpojuma pirkuma l\u012bguma neat\u0146emama sast\u0101vda\u013ca un nosaka Pirc\u0113ja un P\u0101rdev\u0113ja ties\u012bbas un pien\u0101kumus, Preces pieg\u0101des noteikumus un nosac\u012bjumus, pas\u016bt\u012bjuma atcel\u0161anas k\u0101rt\u012bbu un Preces atgrie\u0161anas noteikumus, naudas atmaksas noteikumus, str\u012bdu risin\u0101\u0161anas noteikumus.<br>P\u0101rdev\u0113jam ir ties\u012bbas jebkur\u0101 br\u012bd\u012b main\u012bt, labot vai papildin\u0101t Noteikumus saska\u0146\u0101 ar ties\u012bbu aktos\u00a0noteiktaj\u0101m pras\u012bb\u0101m. \u0160\u0101das izmai\u0146as st\u0101jas sp\u0113k\u0101 p\u0113c to public\u0113\u0161anas Vietn\u0113.<br>P\u0101rdev\u0113jam ir ties\u012bbas jebkur\u0101 br\u012bd\u012b p\u0113c saviem ieskaitiem main\u012bt Vietn\u0113 nor\u0101d\u012bt\u0101s cenas un\/vai izveidot jaunus maksas pakalpojumus.<br>L\u012bgums starp Pirc\u0113ju un\u00a0P\u0101rdev\u0113ju skait\u0101s nosl\u0113gts no br\u012b\u017ea, kad Klients,\u00a0izv\u0113l\u0113jis Preces un\/vai pakalpojumus, ievietojis t\u0101s sav\u0101 pre\u010du groz\u0101, nor\u0101d\u012bjis savu person\u012bgo inform\u0101ciju un iepazinies ar noteikumiem, pas\u016bt\u012bjuma apstiprin\u0101juma log\u0101 atz\u012bm\u0113jot &#8220;Es esmu izlas\u012bjis un piekr\u012btu lapas noteikumi un nosac\u012bjumi un priv\u0101tuma politikai\u201d.<\/p><details class=\"wp-block-details is-layout-flow wp-block-details-is-layout-flow\"><summary><strong><u>Apmaksas noteikumi<\/u><\/strong><\/summary><p>Klients, veicot pakalpojumu rezerv\u0101ciju, saprot to, ka pakalpojuma snieg\u0161anas vieta ir: \u201cPrie\u017elejas\u201d, Bern\u0101ti, N\u012bcas pagasts, Dienvidkurzemes nov., LV-3473.<\/p>\n\n<p>Pakalpojuma snieg\u0161ana tiek nodro\u0161in\u0101ta rezerv\u0113taj\u0101 datum\u0101. Pirc\u0113js sa\u0146em pakalpojumu taj\u0101 pa\u0161\u0101 dien\u0101, kad ir veikta rezerv\u0101cija uz konkr\u0113to datumu.<\/p>\n\n<p>Pas\u016bt\u012bjuma apmaksu Klients veic:<\/p>\n\n<ol class=\"wp-block-list\"><li><em>ar bankas maks\u0101jumu karti;<\/em><\/li>\n\n<li><em>ar p\u0101rskait\u012bjumu uz P\u0101rdev\u0113ja nor\u0101d\u012bto bankas kontu, nor\u0101dot rezerv\u0101cijas numuru;<\/em><\/li>\n\n<li><em>ar internetbanku starpniec\u012bbu. \u00a0<\/em><\/li><\/ol>\n\n<p><br>Klientam ir j\u0101veic apmaksa Pakalpojuma sniedz\u0113jam <em>1 (vienas)<\/em> darba dienas laik\u0101.<\/p>\n\n<p>Pakalpojuma sniedz\u0113js ap\u0146emas sniegt Klientam Pakalpojumus, iev\u0113rojot Pakalpojumu aprakstos nor\u0101d\u012btos rezerv\u0101cijas datumus un laikus. Ja pakalpojumu snieg\u0161ana kav\u0113jas neparedz\u0113tu un no Pakalpojuma sniedz\u0113ja neatkar\u012bgu un atkar\u012bgu apst\u0101k\u013cu d\u0113\u013c, Pakalpojuma sniedz\u0113js ap\u0146emas nekav\u0113joties sazin\u0101ties ar Klientu un saska\u0146ot visus jaut\u0101jumus par Pakalpojumu izmanto\u0161anu.<\/p>\n\n<p>Pas\u016bt\u012bjuma apstiprin\u0101jums tiek nos\u016bt\u012bts uz Klienta nor\u0101d\u012bto e-pasta adresi.<\/p>\n\n<p>Dienu vai divas dienas pirms iera\u0161an\u0101s Klients sa\u0146em sav\u0101 e-past\u0101 CHECK-IN inform\u0101ciju par iera\u0161anos.<\/p><\/details><details class=\"wp-block-details is-layout-flow wp-block-details-is-layout-flow\"><summary><strong><u>Pakalpojumu apmai\u0146as un atcel\u0161anas noteikumi <\/u><\/strong><\/summary><p>Pakalpojuma apmai\u0146a un atcel\u0161ana tiek veikti saska\u0146\u0101 ar Latvijas Republikas Pat\u0113r\u0113t\u0101ju ties\u012bbu aizsardz\u012bbas likumu &nbsp;(PTAL) un Latvijas Republikas Ministru kabineta reglament\u0113jo\u0161iem Noteikumiem Nr. 255 &#8220;Par distances l\u012bgumu&#8221;.<\/p>\n\n<p>Klientam ir ties\u012bbas atteikties no rezerv\u0113t\u0101 Pakalpojuma 14 dienu laik\u0101 no t\u0101 rezerv\u0101cijas veik\u0161anas dienas, nos\u016btot Pakalpojuma sniedz\u0113jam par to atteikuma v\u0113stuli <em><u>e-past\u0101 (info@pazustpriedes.lv). <\/u><\/em>Par rezerv\u0101cijas veik\u0161anas dienu tiek uzskat\u012bta diena, kad Pakalpojumu sniedz\u0113js ir sa\u0146\u0113mis apmaksu Pakalpojuma sniedz\u0113ja bankas kont\u0101, nevis diena, kad rezerv\u0101cija tiek izmantota nak\u0161\u0146o\u0161anai vai citiem pakalpojumiem. P\u0113c izmantota pakalpojuma nav iesp\u0113jama t\u0101 apmai\u0146a un atgrie\u0161ana, p\u0101rcel\u0161ana uz citiem datumiem.<\/p>\n\n<p>Rezerv\u0101ciju ir iesp\u0113jams samain\u012bt pret citu rezerv\u0101cijas datumu, ja Pakalpojums netika lietots un par to gan Klients, gan Pakalpojumu sniedz\u0113js ir rakstiski vai mutiski vienoju\u0161ies vismaz 14 pirms pakalpojuma sa\u0146em\u0161anas dienas, k\u0101 ar\u012b, ja Pakalpojuma sniedz\u0113js ir sp\u0113j\u012bgs Pakalpojumu sniegt cit\u0101 datum\u0101 un tas nav jau rezerv\u0113ts citiem Klientiem. Pakalpojuma sniedz\u0113js patur ties\u012bbas atcelt datumu pras\u012bbu mai\u0146u, balstoties uz pieejam\u012bbu un re\u0101lo situ\u0101ciju. Datumu mai\u0146as gad\u012bjum\u0101 rezerv\u0101cijas izmaksas tiek piel\u012bdzin\u0101tas uz main\u012bt\u0101 datuma re\u0101laj\u0101m izmaks\u0101m, ja t\u0101s at\u0161\u0137iras no iepriek\u0161 rezerv\u0101cij\u0101 veikto samaksu par konkr\u0113to pakalpojumu.<\/p><\/details><details class=\"wp-block-details is-layout-flow wp-block-details-is-layout-flow\"><summary><strong><u>Naudas atmaksa<\/u><\/strong><\/summary><p>Naudas atmaksa tiek veikta izmantojot t\u0101du pa\u0161u maks\u0101\u0161anas l\u012bdzekli, k\u0101du klients izmantoja veicot dar\u012bjumu. Pakalpojuma sniedz\u0113js par samaks\u0101to pakalpojumu naudas summu atgrie\u017e 10 kalend\u0101ru dienu laik\u0101 no Pakalpojuma atteik\u0161an\u0101s br\u012b\u017ea, ja pirms tam iev\u0113roti augst\u0101kmin\u0113tie Pakalpojumu apmai\u0146as un atcel\u0161anas noteikumi. Pakalpojuma sniedz\u0113js patur savas ties\u012bbas neatmaks\u0101t Pakalpojuma samaksu tikm\u0113r, kam\u0113r Klients neb\u016bs Pakalpojuma sniedz\u0113jam nos\u016bt\u012bjis atteikuma v\u0113stuli e-past\u0101 (info@pazustpriedes.lv), k\u0101 ar\u012b tad, ja neb\u016bs iev\u0113roti Pakalpojumu apmai\u0146as un atcel\u0161anas noteikumi.<\/p><\/details><details class=\"wp-block-details is-layout-flow wp-block-details-is-layout-flow\"><summary><strong><u>Str\u012bdu risin\u0101\u0161anas noteikumi<\/u><\/strong><\/summary><p>Visus str\u012bdus, kas rad\u012bsies starp Klientu un Pakalpojuma sniedz\u0113ju, vai kas rad\u012bsies saist\u012bb\u0101 ar Pakalpojumu pirkumiem, Puses cent\u012bsies risin\u0101t savstarp\u0113ju sarunu vai sarakstes veid\u0101 ar m\u0113r\u0137i pan\u0101kt abpus\u0113ji izdev\u012bgu un pie\u0146emamu risin\u0101jumu.<\/p>\n\n<p>Ja str\u012bdu neizdosies atrisin\u0101s sarunu vai sarakstes veid\u0101, Puses str\u012bdu risin\u0101s LR ties\u0101, iev\u0113rojot Latvijas Republikas normat\u012bvos aktus.<\/p>\n\n<p>S\u016bdz\u012bbu par pakalpojumu pieejam\u012bbu vai kvalit\u0101ti l\u016bdzam iesniegt elektroniski, nos\u016btot uz elektronisk\u0101 pasta adresi&nbsp;info@pazustpriedes.lv. S\u016bdz\u012bba tiks izskat\u012bta 7 (septi\u0146u) darba dienu laik\u0101 no s\u016bdz\u012bbas sa\u0146em\u0161anas dienas, atbildi nos\u016btot uz s\u016bdz\u012bb\u0101 nor\u0101d\u012bto sazi\u0146as adresi.<br>Ja s\u016bdz\u012bba tiks atz\u012bta par nepamatotu un J\u016bs s\u016bdz\u012bbas atz\u012b\u0161anai nepiekrit\u012bsiet, Jums ir ties\u012bbas izmantot normat\u012bvajos aktos noteikt\u0101s alternat\u012bvo str\u012bdu risin\u0101\u0161anas iesp\u0113jas.<br>Inform\u0101cija par \u0101rpus tiesas str\u012bdu risin\u0101\u0161anas iesp\u0113j\u0101m un \u0101rpus tiesas str\u012bdu risin\u0101t\u0101jiem:<\/p>\n\n<p><a href=\"http:\/\/www.ptac.gov.lv\/lv\/content\/stridu-risinasanas-process\">http:\/\/www.ptac.gov.lv\/lv\/content\/stridu-risinasanas-process<\/a><\/p>\n\n<p><a href=\"http:\/\/www.ptac.gov.lv\/lv\/content\/arpustiesas-pateretaju-stridu-risinataju-datubaze\">http:\/\/www.ptac.gov.lv\/lv\/content\/arpustiesas-pateretaju-stridu-risinataju-datubaze<\/a><\/p><\/details><p><\/p>","protected":false},"excerpt":{"rendered":"<p>Inform\u0101cija par Pakalpojuma sniedz\u0113ju un visp\u0101r\u012bgie noteikumi Pirc\u0113js jeb klients &#8211; vietnes apmekl\u0113t\u0101js, fiziska vai juridiska personaPakalpojumu sniedz\u0113js \u2013 SIA &#8220;1August&#8221;, Re\u0123, Nr. 40203329978, adrese \u201cPrie\u017elejas\u201d, Bern\u0101ti, N\u012bcas pagasts, Dienvidkurzemes nov., LV-3473.Vietne \u2013 www.pazustpriedes.lvPakalpojums &#8211; viesu izmitin\u0101\u0161ana br\u012bvdienu m\u0101j\u0101s. \u0160ie Vietnes lieto\u0161anas noteikumi (turpm\u0101k \u2013 Noteikumi) ir pakalpojuma pirkuma l\u012bguma neat\u0146emama sast\u0101vda\u013ca un nosaka Pirc\u0113ja &hellip;<\/p>\n<p class=\"read-more\"> <a class=\"\" href=\"https:\/\/pazustpriedes.lv\/en\/distances-ligums\/\"> <span class=\"screen-reader-text\">Distances l\u012bgums<\/span> Read More &raquo;<\/a><\/p>","protected":false},"author":2,"featured_media":0,"parent":0,"menu_order":0,"comment_status":"closed","ping_status":"closed","template":"","meta":{"site-sidebar-layout":"default","site-content-layout":"default","ast-global-header-display":"","ast-main-header-display":"","ast-hfb-above-header-display":"","ast-hfb-below-header-display":"","ast-hfb-mobile-header-display":"","site-post-title":"","ast-breadcrumbs-content":"","ast-featured-img":"","footer-sml-layout":"","theme-transparent-header-meta":"","adv-header-id-meta":"","stick-header-meta":"","header-above-stick-meta":"","header-main-stick-meta":"","header-below-stick-meta":"","footnotes":""},"class_list":["post-2411","page","type-page","status-publish","hentry"],"yoast_head":"<!-- This site is optimized with the Yoast SEO plugin v24.0 - https:\/\/yoast.com\/wordpress\/plugins\/seo\/ -->\n<title>Distances l\u012bgums - Atp\u016btas komplekss Pazust Pried\u0113s<\/title>\n<meta name=\"robots\" content=\"index, follow, max-snippet:-1, max-image-preview:large, max-video-preview:-1\" \/>\n<link rel=\"canonical\" href=\"https:\/\/pazustpriedes.lv\/en\/distances-ligums\/\" \/>\n<meta property=\"og:locale\" content=\"en_GB\" \/>\n<meta property=\"og:type\" content=\"article\" \/>\n<meta property=\"og:title\" content=\"Distances l\u012bgums - Atp\u016btas komplekss Pazust Pried\u0113s\" \/>\n<meta property=\"og:description\" content=\"Inform\u0101cija par Pakalpojuma sniedz\u0113ju un visp\u0101r\u012bgie noteikumi Pirc\u0113js jeb klients &#8211; vietnes apmekl\u0113t\u0101js, fiziska vai juridiska personaPakalpojumu sniedz\u0113js \u2013 SIA &#8220;1August&#8221;, Re\u0123, Nr. 40203329978, adrese \u201cPrie\u017elejas\u201d, Bern\u0101ti, N\u012bcas pagasts, Dienvidkurzemes nov., LV-3473.Vietne \u2013 www.pazustpriedes.lvPakalpojums &#8211; viesu izmitin\u0101\u0161ana br\u012bvdienu m\u0101j\u0101s. \u0160ie Vietnes lieto\u0161anas noteikumi (turpm\u0101k \u2013 Noteikumi) ir pakalpojuma pirkuma l\u012bguma neat\u0146emama sast\u0101vda\u013ca un nosaka Pirc\u0113ja &hellip; Distances l\u012bgums Read More &raquo;\" \/>\n<meta property=\"og:url\" content=\"https:\/\/pazustpriedes.lv\/en\/distances-ligums\/\" \/>\n<meta property=\"og:site_name\" content=\"Atp\u016btas komplekss Pazust Pried\u0113s\" \/>\n<meta property=\"article:modified_time\" content=\"2024-09-30T12:18:34+00:00\" \/>\n<meta property=\"og:image\" content=\"https:\/\/pazustpriedes.lv\/wp-content\/uploads\/2022\/12\/Maja_vertical-scaled.jpg\" \/>\n\t<meta property=\"og:image:width\" content=\"1706\" \/>\n\t<meta property=\"og:image:height\" content=\"2560\" \/>\n\t<meta property=\"og:image:type\" content=\"image\/jpeg\" \/>\n<meta name=\"twitter:card\" content=\"summary_large_image\" \/>\n<meta name=\"twitter:label1\" content=\"Estimated reading time\" \/>\n\t<meta name=\"twitter:data1\" content=\"3 minutes\" \/>\n<script type=\"application\/ld+json\" class=\"yoast-schema-graph\">{\"@context\":\"https:\/\/schema.org\",\"@graph\":[{\"@type\":\"WebPage\",\"@id\":\"https:\/\/pazustpriedes.lv\/distances-ligums\/\",\"url\":\"https:\/\/pazustpriedes.lv\/distances-ligums\/\",\"name\":\"Distances l\u012bgums - Atp\u016btas komplekss Pazust Pried\u0113s\",\"isPartOf\":{\"@id\":\"https:\/\/pazustpriedes.lv\/#website\"},\"datePublished\":\"2024-09-30T12:18:28+00:00\",\"dateModified\":\"2024-09-30T12:18:34+00:00\",\"breadcrumb\":{\"@id\":\"https:\/\/pazustpriedes.lv\/distances-ligums\/#breadcrumb\"},\"inLanguage\":\"en-GB\",\"potentialAction\":[{\"@type\":\"ReadAction\",\"target\":[\"https:\/\/pazustpriedes.lv\/distances-ligums\/\"]}]},{\"@type\":\"BreadcrumbList\",\"@id\":\"https:\/\/pazustpriedes.lv\/distances-ligums\/#breadcrumb\",\"itemListElement\":[{\"@type\":\"ListItem\",\"position\":1,\"name\":\"Home\",\"item\":\"https:\/\/pazustpriedes.lv\/\"},{\"@type\":\"ListItem\",\"position\":2,\"name\":\"Distances l\u012bgums\"}]},{\"@type\":\"WebSite\",\"@id\":\"https:\/\/pazustpriedes.lv\/#website\",\"url\":\"https:\/\/pazustpriedes.lv\/\",\"name\":\"Pazust Pried\u0113s\",\"description\":\"\",\"publisher\":{\"@id\":\"https:\/\/pazustpriedes.lv\/#organization\"},\"potentialAction\":[{\"@type\":\"SearchAction\",\"target\":{\"@type\":\"EntryPoint\",\"urlTemplate\":\"https:\/\/pazustpriedes.lv\/?s={search_term_string}\"},\"query-input\":{\"@type\":\"PropertyValueSpecification\",\"valueRequired\":true,\"valueName\":\"search_term_string\"}}],\"inLanguage\":\"en-GB\"},{\"@type\":\"Organization\",\"@id\":\"https:\/\/pazustpriedes.lv\/#organization\",\"name\":\"Pazust Pried\u0113s\",\"url\":\"https:\/\/pazustpriedes.lv\/\",\"logo\":{\"@type\":\"ImageObject\",\"inLanguage\":\"en-GB\",\"@id\":\"https:\/\/pazustpriedes.lv\/#\/schema\/logo\/image\/\",\"url\":\"https:\/\/pazustpriedes.lv\/wp-content\/uploads\/2023\/03\/PazustPriedes_logo_b-1-1.png\",\"contentUrl\":\"https:\/\/pazustpriedes.lv\/wp-content\/uploads\/2023\/03\/PazustPriedes_logo_b-1-1.png\",\"width\":2000,\"height\":2000,\"caption\":\"Pazust Pried\u0113s\"},\"image\":{\"@id\":\"https:\/\/pazustpriedes.lv\/#\/schema\/logo\/image\/\"}}]}<\/script>\n<!-- \/ Yoast SEO plugin. -->","yoast_head_json":{"title":"Distances l\u012bgums - Atp\u016btas komplekss Pazust Pried\u0113s","robots":{"index":"index","follow":"follow","max-snippet":"max-snippet:-1","max-image-preview":"max-image-preview:large","max-video-preview":"max-video-preview:-1"},"canonical":"https:\/\/pazustpriedes.lv\/en\/distances-ligums\/","og_locale":"en_GB","og_type":"article","og_title":"Distances l\u012bgums - Atp\u016btas komplekss Pazust Pried\u0113s","og_description":"Inform\u0101cija par Pakalpojuma sniedz\u0113ju un visp\u0101r\u012bgie noteikumi Pirc\u0113js jeb klients &#8211; vietnes apmekl\u0113t\u0101js, fiziska vai juridiska personaPakalpojumu sniedz\u0113js \u2013 SIA &#8220;1August&#8221;, Re\u0123, Nr. 40203329978, adrese \u201cPrie\u017elejas\u201d, Bern\u0101ti, N\u012bcas pagasts, Dienvidkurzemes nov., LV-3473.Vietne \u2013 www.pazustpriedes.lvPakalpojums &#8211; viesu izmitin\u0101\u0161ana br\u012bvdienu m\u0101j\u0101s. \u0160ie Vietnes lieto\u0161anas noteikumi (turpm\u0101k \u2013 Noteikumi) ir pakalpojuma pirkuma l\u012bguma neat\u0146emama sast\u0101vda\u013ca un nosaka Pirc\u0113ja &hellip; Distances l\u012bgums Read More &raquo;","og_url":"https:\/\/pazustpriedes.lv\/en\/distances-ligums\/","og_site_name":"Atp\u016btas komplekss Pazust Pried\u0113s","article_modified_time":"2024-09-30T12:18:34+00:00","og_image":[{"width":1706,"height":2560,"url":"https:\/\/pazustpriedes.lv\/wp-content\/uploads\/2022\/12\/Maja_vertical-scaled.jpg","type":"image\/jpeg"}],"twitter_card":"summary_large_image","twitter_misc":{"Estimated reading time":"3 minutes"},"schema":{"@context":"https:\/\/schema.org","@graph":[{"@type":"WebPage","@id":"https:\/\/pazustpriedes.lv\/distances-ligums\/","url":"https:\/\/pazustpriedes.lv\/distances-ligums\/","name":"Distances l\u012bgums - Atp\u016btas komplekss Pazust Pried\u0113s","isPartOf":{"@id":"https:\/\/pazustpriedes.lv\/#website"},"datePublished":"2024-09-30T12:18:28+00:00","dateModified":"2024-09-30T12:18:34+00:00","breadcrumb":{"@id":"https:\/\/pazustpriedes.lv\/distances-ligums\/#breadcrumb"},"inLanguage":"en-GB","potentialAction":[{"@type":"ReadAction","target":["https:\/\/pazustpriedes.lv\/distances-ligums\/"]}]},{"@type":"BreadcrumbList","@id":"https:\/\/pazustpriedes.lv\/distances-ligums\/#breadcrumb","itemListElement":[{"@type":"ListItem","position":1,"name":"Home","item":"https:\/\/pazustpriedes.lv\/"},{"@type":"ListItem","position":2,"name":"Distances l\u012bgums"}]},{"@type":"WebSite","@id":"https:\/\/pazustpriedes.lv\/#website","url":"https:\/\/pazustpriedes.lv\/","name":"Pazust Pried\u0113s","description":"","publisher":{"@id":"https:\/\/pazustpriedes.lv\/#organization"},"potentialAction":[{"@type":"SearchAction","target":{"@type":"EntryPoint","urlTemplate":"https:\/\/pazustpriedes.lv\/?s={search_term_string}"},"query-input":{"@type":"PropertyValueSpecification","valueRequired":true,"valueName":"search_term_string"}}],"inLanguage":"en-GB"},{"@type":"Organization","@id":"https:\/\/pazustpriedes.lv\/#organization","name":"Pazust Pried\u0113s","url":"https:\/\/pazustpriedes.lv\/","logo":{"@type":"ImageObject","inLanguage":"en-GB","@id":"https:\/\/pazustpriedes.lv\/#\/schema\/logo\/image\/","url":"https:\/\/pazustpriedes.lv\/wp-content\/uploads\/2023\/03\/PazustPriedes_logo_b-1-1.png","contentUrl":"https:\/\/pazustpriedes.lv\/wp-content\/uploads\/2023\/03\/PazustPriedes_logo_b-1-1.png","width":2000,"height":2000,"caption":"Pazust Pried\u0113s"},"image":{"@id":"https:\/\/pazustpriedes.lv\/#\/schema\/logo\/image\/"}}]}},"_links":{"self":[{"href":"https:\/\/pazustpriedes.lv\/en\/wp-json\/wp\/v2\/pages\/2411"}],"collection":[{"href":"https:\/\/pazustpriedes.lv\/en\/wp-json\/wp\/v2\/pages"}],"about":[{"href":"https:\/\/pazustpriedes.lv\/en\/wp-json\/wp\/v2\/types\/page"}],"author":[{"embeddable":true,"href":"https:\/\/pazustpriedes.lv\/en\/wp-json\/wp\/v2\/users\/2"}],"replies":[{"embeddable":true,"href":"https:\/\/pazustpriedes.lv\/en\/wp-json\/wp\/v2\/comments?post=2411"}],"version-history":[{"count":1,"href":"https:\/\/pazustpriedes.lv\/en\/wp-json\/wp\/v2\/pages\/2411\/revisions"}],"predecessor-version":[{"id":2412,"href":"https:\/\/pazustpriedes.lv\/en\/wp-json\/wp\/v2\/pages\/2411\/revisions\/2412"}],"wp:attachment":[{"href":"https:\/\/pazustpriedes.lv\/en\/wp-json\/wp\/v2\/media?parent=2411"}],"curies":[{"name":"wp","href":"https:\/\/api.w.org\/{rel}","templated":true}]}}