{"id":2067,"date":"2024-05-09T12:26:59","date_gmt":"2024-05-09T12:26:59","guid":{"rendered":"https:\/\/pazustpriedes.lv\/?page_id=2067"},"modified":"2024-05-09T12:34:44","modified_gmt":"2024-05-09T12:34:44","slug":"privatuma-politika","status":"publish","type":"page","link":"https:\/\/pazustpriedes.lv\/en\/privatuma-politika\/","title":{"rendered":"Privacy policy"},"content":{"rendered":"<div data-elementor-type=\"wp-page\" data-elementor-id=\"2067\" class=\"elementor elementor-2067\">\n\t\t\t\t<div class=\"elementor-element elementor-element-78d11f7 e-flex e-con-boxed e-con e-parent\" data-id=\"78d11f7\" data-element_type=\"container\" data-e-type=\"container\">\n\t\t\t\t\t<div class=\"e-con-inner\">\n\t\t\t\t<div class=\"elementor-element elementor-element-47f1ff2 elementor-widget elementor-widget-heading\" data-id=\"47f1ff2\" data-element_type=\"widget\" data-e-type=\"widget\" data-widget_type=\"heading.default\">\n\t\t\t\t<div class=\"elementor-widget-container\">\n\t\t\t\t\t<h2 class=\"elementor-heading-title elementor-size-default\">Privacy policy<\/h2>\t\t\t\t<\/div>\n\t\t\t\t<\/div>\n\t\t\t\t<div class=\"elementor-element elementor-element-f5aef2e elementor-widget elementor-widget-text-editor\" data-id=\"f5aef2e\" data-element_type=\"widget\" data-e-type=\"widget\" data-widget_type=\"text-editor.default\">\n\t\t\t\t<div class=\"elementor-widget-container\">\n\t\t\t\t\t\t\t\t\t<p><strong>Visp\u0101r\u012bgie noteikumi<\/strong><\/p><p>1.1. \u0160\u012b Priv\u0101tuma politika apraksta, k\u0101 SIA \u201c1August\u201d, re\u0123istr\u0101cijas Nr. 40203329978, adrese: \u201cPrie\u017elejas\u201d, Bern\u0101ti, N\u012bcas pagasts, Dienvidkurzemes nov., LV-3473 (turpm\u0101k saukti ar\u012b \u2013 \u201cDatu p\u0101rzinis\u201d) ieg\u016bst, apstr\u0101d\u0101 un glab\u0101 personas datus, ko www.pazustpriedes.lv ieg\u016bst no saviem klientiem un person\u0101m, kas apmekl\u0113 interneta m\u0101jaslapu (turpm\u0101k saukti \u2013 \u201cDatu subjekts\u201d vai \u201cJ\u016bs\u201d).<br \/>1.2. Personas dati ir jebkura inform\u0101cija attiec\u012bb\u0101 uz identific\u0113tu vai identific\u0113jamu fizisku personu, t. i., Datu subjektu. Apstr\u0101de ir jebkura ar personas datiem saist\u012bta darb\u012bba, piem\u0113ram, ieg\u016b\u0161ana, ierakst\u012b\u0161ana, p\u0101rveido\u0161ana, izmanto\u0161ana, skat\u012b\u0161ana, dz\u0113\u0161ana vai izn\u012bcin\u0101\u0161ana.<br \/>1.3. Datu p\u0101rzinis iev\u0113ro likumdo\u0161an\u0101 paredz\u0113tos datu apstr\u0101des principus un sp\u0113j apstiprin\u0101t, ka personas dati tiek apstr\u0101d\u0101ti saska\u0146\u0101 ar sp\u0113k\u0101 eso\u0161o likumdo\u0161anu.<br \/>Personas datu ieg\u016b\u0161ana, apstr\u0101de un glab\u0101\u0161ana.<br \/>2.1. Personu identific\u0113jo\u0161u inform\u0101ciju Datu p\u0101rzinis ieg\u016bst, apstr\u0101d\u0101 un glab\u0101, galvenok\u0101rt izmantojot internetveikala vietni un e-pastu.<br \/>2.2. Apmekl\u0113jot un izmantojot internetveikal\u0101 sniegtos pakalpojumus, J\u016bs piekr\u012btat, ka jebkura sniegt\u0101 inform\u0101cija tiek izmantota un p\u0101rvald\u012bta atbilsto\u0161i Priv\u0101tuma politik\u0101 noteiktajiem m\u0113r\u0137iem.<br \/>2.3. Datu subjekts ir atbild\u012bgs par to, lai iesniegtie personas dati b\u016btu pareizi, prec\u012bzi un piln\u012bgi. Apzin\u0101ta nepatiesas inform\u0101cijas snieg\u0161ana tiek uzskat\u012bta par m\u016bsu Priv\u0101tuma politikas p\u0101rk\u0101pumu. Datu subjektam ir pien\u0101kums nekav\u0113joties pazi\u0146ot Datu p\u0101rzinim par jebkur\u0101m izmai\u0146\u0101m iesniegtajos personas datos.<br \/>2.4. Datu p\u0101rzinis nav atbild\u012bgs par zaud\u0113jumiem, kas nodar\u012bti Datu subjektam vai tre\u0161aj\u0101m person\u0101m, ja tie radu\u0161ies nepatiesi iesniegtu personas datu d\u0113\u013c.<\/p><p><strong>Klientu personas datu apstr\u0101de<\/strong><\/p><p>3.1. Datu p\u0101rzinis var apstr\u0101d\u0101t \u0161\u0101dus personas datus:<br \/>3.1.1. V\u0101rds, uzv\u0101rds<br \/>3.1.2. Kontaktinform\u0101cija (e-pasta adrese un\/vai t\u0101lru\u0146a numurs)<br \/>3.1.3. Dar\u012bjuma dati (ieg\u0101d\u0101t\u0101s preces, ieg\u0101datie pakalpojumi, pieg\u0101des adrese, cena, maks\u0101juma inform\u0101cija u.t.t.).<br \/>3.1.4. Jebkuru citu inform\u0101ciju, kura iesniegta mums vietnes pied\u0101v\u0101to pakalpojumu un pre\u010du ieg\u0101des laik\u0101 vai sazinoties ar mums.<br \/>3.2. Papildus iepriek\u0161min\u0113tajam, Datu p\u0101rzinim ir ties\u012bbas p\u0101rbaud\u012bt iesniegto datu precizit\u0101ti, izmantojot publiski pieejamos re\u0123istrus.<br \/>3.3. Personas datu apstr\u0101des juridiskais pamats ir Visp\u0101r\u012bg\u0101s datu aizsardz\u012bbas regulas 6.panta 1.punkta a), b), c) un f) apak\u0161punkts:<\/p><ul><li>datu subjekts ir devis piekri\u0161anu savu personas datu apstr\u0101dei vienam vai vair\u0101kiem konkr\u0113tiem nol\u016bkiem;<\/li><li>apstr\u0101de ir vajadz\u012bga l\u012bguma, kura l\u012bgumsl\u0113dz\u0113ja puse ir datu subjekts, izpildei vai pas\u0101kumu veik\u0161anai p\u0113c datu subjekta piepras\u012bjuma pirms l\u012bguma nosl\u0113g\u0161anas;<\/li><li>apstr\u0101de ir vajadz\u012bga, lai izpild\u012btu uz p\u0101rzini attiecin\u0101mu juridisku pien\u0101kumu;<\/li><li>apstr\u0101de ir vajadz\u012bga p\u0101rzi\u0146a vai tre\u0161\u0101s personas le\u0123it\u012bmo intere\u0161u iev\u0113ro\u0161anai, iz\u0146emot, ja datu subjekta intereses vai pamat ties\u012bbas un pamatbr\u012bv\u012bbas, kur\u0101m nepiecie\u0161ama personas datu aizsardz\u012bba, ir svar\u012bg\u0101kas par \u0161\u0101d\u0101m interes\u0113m, jo \u012bpa\u0161i, ja datu subjekts ir b\u0113rns.<\/li><\/ul><p>3.4. Datu p\u0101rzinis glab\u0101 un apstr\u0101d\u0101 Datu subjekta personas datus, kam\u0113r past\u0101v vismaz viens no zem\u0101k nor\u0101d\u012btajiem krit\u0113rijiem:<br \/>3.4.1. Personas dati nepiecie\u0161ami tiem nol\u016bkiem, kam tie sa\u0146emti;<br \/>3.4.2. Kam\u0113r \u0101r\u0113jos normat\u012bvajos aktos noteiktaj\u0101 k\u0101rt\u012bb\u0101 Datu p\u0101rzinis un\/vai Datu subjekts var realiz\u0113t savas le\u0123it\u012bm\u0101s intereses, k\u0101 piem\u0113ram, iesniegt iebildumus vai celt vai vest pras\u012bbu ties\u0101;<br \/>3.4.3. Kam\u0113r past\u0101v juridisks pien\u0101kums datus glab\u0101t, k\u0101 piem\u0113ram, saska\u0146\u0101 ar Gr\u0101matved\u012bbas likumu;<br \/>3.4.4. Kam\u0113r ir sp\u0113k\u0101 Datu subjekta piekri\u0161ana attiec\u012bgajai personas datu apstr\u0101dei, ja nepast\u0101v cits personas datu apstr\u0101des likum\u012bgs pamats.<br \/>Izbeidzoties \u0161aj\u0101 punkt\u0101 min\u0113tajiem apst\u0101k\u013ciem, izbeidzas ar\u012b Datu subjekta personas datu glab\u0101\u0161anas termi\u0146\u0161 un visi attiec\u012bgie personas dati tiek neatgriezeniski izdz\u0113sti no datoru sist\u0113m\u0101m un elektroniskajiem un\/vai pap\u012bra dokumentiem, kas satur\u0113ju\u0161i attiec\u012bgos personas datus vai ar\u012b \u0161ie dokumenti tiek anonimiz\u0113ti.<br \/>3.5. Lai pild\u012btu savas saist\u012bbas pret Jums, Datu p\u0101rzinim ir ties\u012bbas nodot J\u016bsu personas datus sadarb\u012bbas partneriem, datu apstr\u0101d\u0101t\u0101jiem, kas veic nepiecie\u0161amo datu apstr\u0101di m\u016bsu uzdevum\u0101, piem\u0113ram, gr\u0101matve\u017eiem, kurjer dienestiem u.c. Datu apstr\u0101d\u0101t\u0101js ir personas datu p\u0101rzinis.<br \/>P\u0113c piepras\u012bjuma m\u0113s varam nodot J\u016bsu personas datus Valsts un ties\u012bbsarg\u0101jo\u0161umam iest\u0101d\u0113m, lai nepiecie\u0161am\u012bbas gad\u012bjum\u0101 aizst\u0101v\u0113tu savas juridisk\u0101s intereses, sast\u0101dot, iesniedzot un aizst\u0101vot juridiskas pras\u012bbas.<br \/>3.6. Apstr\u0101d\u0101jot un glab\u0101jot personas datus, Datu p\u0101rzinis \u012bsteno organizatoriskos un tehniskos pas\u0101kumus, lai nodro\u0161in\u0101tu personas datu aizsardz\u012bbu pret nejau\u0161u vai nelikum\u012bgu izn\u012bcin\u0101\u0161anu, main\u012b\u0161anu, izpau\u0161anu un jebk\u0101du citu nelikum\u012bgu apstr\u0101di.<\/p><p>\u00a0<\/p><p><strong>Datu subjekta ties\u012bbas<\/strong><\/p><p>4.1. Saska\u0146\u0101 ar Visp\u0101r\u012bgo datu aizsardz\u012bbas regulu un Latvijas Republikas ties\u012bbu aktiem Jums ir ties\u012bbas:<br \/>4.1.1. Piek\u013c\u016bt saviem personas datiem, sa\u0146emt inform\u0101ciju par to apstr\u0101di, k\u0101 ar\u012b piepras\u012bt J\u016bsu personas datu kopiju elektronisk\u0101 form\u0101t\u0101 un ties\u012bbas uz \u0161o datu nodo\u0161anu citam p\u0101rzinim (datu p\u0101rnesam\u012bba);<br \/>4.1.2. Piepras\u012bt labot nepareizus, neprec\u012bzus vai nepiln\u012bgus personas datus;<br \/>4.1.3. Dz\u0113st savus personas datus (\u201ctikt aizmirstam\u201d), iz\u0146emot gad\u012bjumus, kad likums pieprasa saglab\u0101t datus;<br \/>4.1.4. Atsaukt savu iepriek\u0161 sniegto piekri\u0161anu personas datu apstr\u0101dei;<br \/>4.1.5. Ierobe\u017eot savu datu apstr\u0101di \u2013 ties\u012bbas piepras\u012bt, lai m\u0113s \u012bslaic\u012bgi pavisam p\u0101rtraucam apstr\u0101d\u0101t visus J\u016bsu personas datus;<br \/>4.1.6. V\u0113rsties Datu valsts inspekcij\u0101<br \/>Piepras\u012bjumu par savu ties\u012bbu \u012bsteno\u0161anu varat iesniegt, ies\u016btot piepras\u012bjumu elektroniski, rakstot uz info@pazustpriedes.lv.<\/p><p>\u00a0<\/p><p><strong>S\u012bkfailu Izmanto\u0161ana<\/strong><\/p><p>\u0160\u012b vietne izmanto s\u012bkfailus, lai uzlabotu j\u016bsu pieredzi, kam\u0113r j\u016bs p\u0101rl\u016bkojat vietni. No \u0161\u012bm s\u012bkdatn\u0113m, kuras tiek klasific\u0113tas p\u0113c nepiecie\u0161am\u012bbas, tiek glab\u0101tas j\u016bsu p\u0101rl\u016bkprogramm\u0101, jo t\u0101s ir b\u016btiskas vietnes pamatfunkciju darb\u012bbai. M\u0113s izmantojam ar\u012b tre\u0161o pu\u0161u s\u012bkfailus, kas pal\u012bdz mums analiz\u0113t un saprast, k\u0101 j\u016bs izmantojat \u0161o vietni. \u0160\u012bs s\u012bkdatnes j\u016bsu p\u0101rl\u016bkprogramm\u0101 tiks saglab\u0101tas tikai ar j\u016bsu piekri\u0161anu. Jums ir ar\u012b iesp\u0113ja atteikties no \u0161\u012bm s\u012bkdatn\u0113m. Bet atteik\u0161an\u0101s no da\u017eiem no \u0161iem s\u012bkfailiem var ietekm\u0113t j\u016bsu p\u0101rl\u016bko\u0161anas pieredzi.<br \/>5.1. S\u012bkdat\u0146u veidi<br \/>5.1.1 Nepiecie\u0161amie s\u012bkfaili ir absol\u016bti nepiecie\u0161ami, lai vietne darbotos pareizi. \u0160aj\u0101 kategorij\u0101 ietilpst tikai s\u012bkfaili, kas nodro\u0161ina vietnes pamatfunkcijas un dro\u0161\u012bbas funkcijas. \u0160\u012bs s\u012bkdatnes neuzglab\u0101 nek\u0101du personisku inform\u0101ciju.<br \/>5.1.2. Preference s\u012bkfaili \u013cauj t\u012bmek\u013ca vietnei atcer\u0113ties inform\u0101ciju, kas maina veidu, k\u0101 vietne darbojas vai izskat\u0101s, piem\u0113ram, ieteicamo valodu vai re\u0123ionu, kur\u0101 atrodaties.<br \/>5.1.3. Statistikas s\u012bkfaili pal\u012bdz t\u012bmek\u013ca viet\u0146u \u012bpa\u0161niekiem izprast, k\u0101 apmekl\u0113t\u0101ji mijiedarbojas ar t\u012bmek\u013ca vietn\u0113m, v\u0101cot un anon\u012bmi p\u0101rskatot inform\u0101ciju.<br \/>5.1.4. M\u0101rketinga s\u012bkfaili tiek izmantoti, lai sekotu l\u012bdzi apmekl\u0113t\u0101jiem t\u012bmek\u013ca vietn\u0113s. Nol\u016bks ir par\u0101d\u012bt atbilsto\u0161as rekl\u0101mas un interes\u0113 atsevi\u0161\u0137u lietot\u0101ju, t\u0101d\u0113j\u0101di t\u0101s ir daudz izdev\u012bg\u0101kas izdev\u0113jiem un tre\u0161o personu rekl\u0101mdev\u0113jiem.<\/p><p>\u00a0<\/p><p><strong>Nobeiguma noteikumi<\/strong><\/p><p>6.1. \u0160\u012b Priv\u0101tuma politika izstr\u0101d\u0101ta saska\u0146\u0101 ar Eiropas Parlamenta un Padomes regulu (ES) 2016\/679 (2016. gada 27. apr\u012blis) par fizisku personu aizsardz\u012bbu attiec\u012bb\u0101 uz personas datu apstr\u0101di un \u0161\u0101du datu br\u012bvu apriti un ar ko atce\u013c Direkt\u012bvu 95\/46\/EK (Visp\u0101r\u012bg\u0101 datu aizsardz\u012bbas regula), k\u0101 ar\u012b Latvijas Republikas un Eiropas Savien\u012bbas sp\u0113k\u0101 eso\u0161ajiem likumiem.<br \/>6.2. Datu p\u0101rzinim ir ties\u012bbas veikt izmai\u0146as vai papildin\u0101jumus Priv\u0101tuma politik\u0101 jebkur\u0101 br\u012bd\u012b un bez iepriek\u0161\u0113ja br\u012bdin\u0101juma. Labojumi st\u0101jas sp\u0113k\u0101 p\u0113c to public\u0113\u0161anas m\u0101jaslap\u0101 www.pazustpriedes.lv.<\/p>\t\t\t\t\t\t\t\t<\/div>\n\t\t\t\t<\/div>\n\t\t\t\t\t<\/div>\n\t\t\t\t<\/div>\n\t\t\t\t<\/div>","protected":false},"excerpt":{"rendered":"<p>Priv\u0101tuma politika Visp\u0101r\u012bgie noteikumi 1.1. \u0160\u012b Priv\u0101tuma politika apraksta, k\u0101 SIA \u201c1August\u201d, re\u0123istr\u0101cijas Nr. 40203329978, adrese: \u201cPrie\u017elejas\u201d, Bern\u0101ti, N\u012bcas pagasts, Dienvidkurzemes nov., LV-3473 (turpm\u0101k saukti ar\u012b \u2013 \u201cDatu p\u0101rzinis\u201d) ieg\u016bst, apstr\u0101d\u0101 un glab\u0101 personas datus, ko www.pazustpriedes.lv ieg\u016bst no saviem klientiem un person\u0101m, kas apmekl\u0113 interneta m\u0101jaslapu (turpm\u0101k saukti \u2013 \u201cDatu subjekts\u201d vai \u201cJ\u016bs\u201d).1.2. Personas &hellip;<\/p>\n<p class=\"read-more\"> <a class=\"\" href=\"https:\/\/pazustpriedes.lv\/en\/privatuma-politika\/\"> <span class=\"screen-reader-text\">Privacy policy<\/span> Read More &raquo;<\/a><\/p>","protected":false},"author":2,"featured_media":0,"parent":0,"menu_order":0,"comment_status":"closed","ping_status":"closed","template":"","meta":{"site-sidebar-layout":"no-sidebar","site-content-layout":"page-builder","ast-global-header-display":"","ast-main-header-display":"","ast-hfb-above-header-display":"","ast-hfb-below-header-display":"","ast-hfb-mobile-header-display":"","site-post-title":"disabled","ast-breadcrumbs-content":"","ast-featured-img":"disabled","footer-sml-layout":"","theme-transparent-header-meta":"","adv-header-id-meta":"","stick-header-meta":"","header-above-stick-meta":"","header-main-stick-meta":"","header-below-stick-meta":"","footnotes":""},"class_list":["post-2067","page","type-page","status-publish","hentry"],"yoast_head":"<!-- This site is optimized with the Yoast SEO plugin v24.0 - https:\/\/yoast.com\/wordpress\/plugins\/seo\/ -->\n<title>Priv\u0101tuma politika - Atp\u016btas komplekss Pazust Pried\u0113s<\/title>\n<meta name=\"robots\" content=\"index, follow, max-snippet:-1, max-image-preview:large, max-video-preview:-1\" \/>\n<link rel=\"canonical\" href=\"https:\/\/pazustpriedes.lv\/en\/privatuma-politika\/\" \/>\n<meta property=\"og:locale\" content=\"en_GB\" \/>\n<meta property=\"og:type\" content=\"article\" \/>\n<meta property=\"og:title\" content=\"Priv\u0101tuma politika - Atp\u016btas komplekss Pazust Pried\u0113s\" \/>\n<meta property=\"og:description\" content=\"Priv\u0101tuma politika Visp\u0101r\u012bgie noteikumi 1.1. \u0160\u012b Priv\u0101tuma politika apraksta, k\u0101 SIA \u201c1August\u201d, re\u0123istr\u0101cijas Nr. 40203329978, adrese: \u201cPrie\u017elejas\u201d, Bern\u0101ti, N\u012bcas pagasts, Dienvidkurzemes nov., LV-3473 (turpm\u0101k saukti ar\u012b \u2013 \u201cDatu p\u0101rzinis\u201d) ieg\u016bst, apstr\u0101d\u0101 un glab\u0101 personas datus, ko www.pazustpriedes.lv ieg\u016bst no saviem klientiem un person\u0101m, kas apmekl\u0113 interneta m\u0101jaslapu (turpm\u0101k saukti \u2013 \u201cDatu subjekts\u201d vai \u201cJ\u016bs\u201d).1.2. Personas &hellip; Priv\u0101tuma politika Read More &raquo;\" \/>\n<meta property=\"og:url\" content=\"https:\/\/pazustpriedes.lv\/en\/privatuma-politika\/\" \/>\n<meta property=\"og:site_name\" content=\"Atp\u016btas komplekss Pazust Pried\u0113s\" \/>\n<meta property=\"article:modified_time\" content=\"2024-05-09T12:34:44+00:00\" \/>\n<meta property=\"og:image\" content=\"https:\/\/pazustpriedes.lv\/wp-content\/uploads\/2022\/12\/Maja_vertical-scaled.jpg\" \/>\n\t<meta property=\"og:image:width\" content=\"1706\" \/>\n\t<meta property=\"og:image:height\" content=\"2560\" \/>\n\t<meta property=\"og:image:type\" content=\"image\/jpeg\" \/>\n<meta name=\"twitter:card\" content=\"summary_large_image\" \/>\n<meta name=\"twitter:label1\" content=\"Estimated reading time\" \/>\n\t<meta name=\"twitter:data1\" content=\"5 minutes\" \/>\n<script type=\"application\/ld+json\" class=\"yoast-schema-graph\">{\"@context\":\"https:\/\/schema.org\",\"@graph\":[{\"@type\":\"WebPage\",\"@id\":\"https:\/\/pazustpriedes.lv\/privatuma-politika\/\",\"url\":\"https:\/\/pazustpriedes.lv\/privatuma-politika\/\",\"name\":\"Priv\u0101tuma politika - Atp\u016btas komplekss Pazust Pried\u0113s\",\"isPartOf\":{\"@id\":\"https:\/\/pazustpriedes.lv\/#website\"},\"datePublished\":\"2024-05-09T12:26:59+00:00\",\"dateModified\":\"2024-05-09T12:34:44+00:00\",\"breadcrumb\":{\"@id\":\"https:\/\/pazustpriedes.lv\/privatuma-politika\/#breadcrumb\"},\"inLanguage\":\"en-GB\",\"potentialAction\":[{\"@type\":\"ReadAction\",\"target\":[\"https:\/\/pazustpriedes.lv\/privatuma-politika\/\"]}]},{\"@type\":\"BreadcrumbList\",\"@id\":\"https:\/\/pazustpriedes.lv\/privatuma-politika\/#breadcrumb\",\"itemListElement\":[{\"@type\":\"ListItem\",\"position\":1,\"name\":\"Home\",\"item\":\"https:\/\/pazustpriedes.lv\/\"},{\"@type\":\"ListItem\",\"position\":2,\"name\":\"Priv\u0101tuma politika\"}]},{\"@type\":\"WebSite\",\"@id\":\"https:\/\/pazustpriedes.lv\/#website\",\"url\":\"https:\/\/pazustpriedes.lv\/\",\"name\":\"Pazust Pried\u0113s\",\"description\":\"\",\"publisher\":{\"@id\":\"https:\/\/pazustpriedes.lv\/#organization\"},\"potentialAction\":[{\"@type\":\"SearchAction\",\"target\":{\"@type\":\"EntryPoint\",\"urlTemplate\":\"https:\/\/pazustpriedes.lv\/?s={search_term_string}\"},\"query-input\":{\"@type\":\"PropertyValueSpecification\",\"valueRequired\":true,\"valueName\":\"search_term_string\"}}],\"inLanguage\":\"en-GB\"},{\"@type\":\"Organization\",\"@id\":\"https:\/\/pazustpriedes.lv\/#organization\",\"name\":\"Pazust Pried\u0113s\",\"url\":\"https:\/\/pazustpriedes.lv\/\",\"logo\":{\"@type\":\"ImageObject\",\"inLanguage\":\"en-GB\",\"@id\":\"https:\/\/pazustpriedes.lv\/#\/schema\/logo\/image\/\",\"url\":\"https:\/\/pazustpriedes.lv\/wp-content\/uploads\/2023\/03\/PazustPriedes_logo_b-1-1.png\",\"contentUrl\":\"https:\/\/pazustpriedes.lv\/wp-content\/uploads\/2023\/03\/PazustPriedes_logo_b-1-1.png\",\"width\":2000,\"height\":2000,\"caption\":\"Pazust Pried\u0113s\"},\"image\":{\"@id\":\"https:\/\/pazustpriedes.lv\/#\/schema\/logo\/image\/\"}}]}<\/script>\n<!-- \/ Yoast SEO plugin. -->","yoast_head_json":{"title":"Priv\u0101tuma politika - Atp\u016btas komplekss Pazust Pried\u0113s","robots":{"index":"index","follow":"follow","max-snippet":"max-snippet:-1","max-image-preview":"max-image-preview:large","max-video-preview":"max-video-preview:-1"},"canonical":"https:\/\/pazustpriedes.lv\/en\/privatuma-politika\/","og_locale":"en_GB","og_type":"article","og_title":"Priv\u0101tuma politika - Atp\u016btas komplekss Pazust Pried\u0113s","og_description":"Priv\u0101tuma politika Visp\u0101r\u012bgie noteikumi 1.1. \u0160\u012b Priv\u0101tuma politika apraksta, k\u0101 SIA \u201c1August\u201d, re\u0123istr\u0101cijas Nr. 40203329978, adrese: \u201cPrie\u017elejas\u201d, Bern\u0101ti, N\u012bcas pagasts, Dienvidkurzemes nov., LV-3473 (turpm\u0101k saukti ar\u012b \u2013 \u201cDatu p\u0101rzinis\u201d) ieg\u016bst, apstr\u0101d\u0101 un glab\u0101 personas datus, ko www.pazustpriedes.lv ieg\u016bst no saviem klientiem un person\u0101m, kas apmekl\u0113 interneta m\u0101jaslapu (turpm\u0101k saukti \u2013 \u201cDatu subjekts\u201d vai \u201cJ\u016bs\u201d).1.2. Personas &hellip; Priv\u0101tuma politika Read More &raquo;","og_url":"https:\/\/pazustpriedes.lv\/en\/privatuma-politika\/","og_site_name":"Atp\u016btas komplekss Pazust Pried\u0113s","article_modified_time":"2024-05-09T12:34:44+00:00","og_image":[{"width":1706,"height":2560,"url":"https:\/\/pazustpriedes.lv\/wp-content\/uploads\/2022\/12\/Maja_vertical-scaled.jpg","type":"image\/jpeg"}],"twitter_card":"summary_large_image","twitter_misc":{"Estimated reading time":"5 minutes"},"schema":{"@context":"https:\/\/schema.org","@graph":[{"@type":"WebPage","@id":"https:\/\/pazustpriedes.lv\/privatuma-politika\/","url":"https:\/\/pazustpriedes.lv\/privatuma-politika\/","name":"Priv\u0101tuma politika - Atp\u016btas komplekss Pazust Pried\u0113s","isPartOf":{"@id":"https:\/\/pazustpriedes.lv\/#website"},"datePublished":"2024-05-09T12:26:59+00:00","dateModified":"2024-05-09T12:34:44+00:00","breadcrumb":{"@id":"https:\/\/pazustpriedes.lv\/privatuma-politika\/#breadcrumb"},"inLanguage":"en-GB","potentialAction":[{"@type":"ReadAction","target":["https:\/\/pazustpriedes.lv\/privatuma-politika\/"]}]},{"@type":"BreadcrumbList","@id":"https:\/\/pazustpriedes.lv\/privatuma-politika\/#breadcrumb","itemListElement":[{"@type":"ListItem","position":1,"name":"Home","item":"https:\/\/pazustpriedes.lv\/"},{"@type":"ListItem","position":2,"name":"Priv\u0101tuma politika"}]},{"@type":"WebSite","@id":"https:\/\/pazustpriedes.lv\/#website","url":"https:\/\/pazustpriedes.lv\/","name":"Pazust Pried\u0113s","description":"","publisher":{"@id":"https:\/\/pazustpriedes.lv\/#organization"},"potentialAction":[{"@type":"SearchAction","target":{"@type":"EntryPoint","urlTemplate":"https:\/\/pazustpriedes.lv\/?s={search_term_string}"},"query-input":{"@type":"PropertyValueSpecification","valueRequired":true,"valueName":"search_term_string"}}],"inLanguage":"en-GB"},{"@type":"Organization","@id":"https:\/\/pazustpriedes.lv\/#organization","name":"Pazust Pried\u0113s","url":"https:\/\/pazustpriedes.lv\/","logo":{"@type":"ImageObject","inLanguage":"en-GB","@id":"https:\/\/pazustpriedes.lv\/#\/schema\/logo\/image\/","url":"https:\/\/pazustpriedes.lv\/wp-content\/uploads\/2023\/03\/PazustPriedes_logo_b-1-1.png","contentUrl":"https:\/\/pazustpriedes.lv\/wp-content\/uploads\/2023\/03\/PazustPriedes_logo_b-1-1.png","width":2000,"height":2000,"caption":"Pazust Pried\u0113s"},"image":{"@id":"https:\/\/pazustpriedes.lv\/#\/schema\/logo\/image\/"}}]}},"_links":{"self":[{"href":"https:\/\/pazustpriedes.lv\/en\/wp-json\/wp\/v2\/pages\/2067"}],"collection":[{"href":"https:\/\/pazustpriedes.lv\/en\/wp-json\/wp\/v2\/pages"}],"about":[{"href":"https:\/\/pazustpriedes.lv\/en\/wp-json\/wp\/v2\/types\/page"}],"author":[{"embeddable":true,"href":"https:\/\/pazustpriedes.lv\/en\/wp-json\/wp\/v2\/users\/2"}],"replies":[{"embeddable":true,"href":"https:\/\/pazustpriedes.lv\/en\/wp-json\/wp\/v2\/comments?post=2067"}],"version-history":[{"count":0,"href":"https:\/\/pazustpriedes.lv\/en\/wp-json\/wp\/v2\/pages\/2067\/revisions"}],"wp:attachment":[{"href":"https:\/\/pazustpriedes.lv\/en\/wp-json\/wp\/v2\/media?parent=2067"}],"curies":[{"name":"wp","href":"https:\/\/api.w.org\/{rel}","templated":true}]}}