{"id":1740,"date":"2024-06-03T18:14:15","date_gmt":"2024-06-03T18:14:15","guid":{"rendered":"https:\/\/pazustpriedes.lv\/?page_id=1740"},"modified":"2024-08-16T07:00:27","modified_gmt":"2024-08-16T07:00:27","slug":"noteikumi","status":"publish","type":"page","link":"https:\/\/pazustpriedes.lv\/en\/noteikumi\/","title":{"rendered":"Iek\u0161\u0113j\u0101s k\u0101rt\u012bbas noteikumi"},"content":{"rendered":"<div data-elementor-type=\"wp-page\" data-elementor-id=\"1740\" class=\"elementor elementor-1740\">\n\t\t\t\t<div class=\"elementor-element elementor-element-5473c59b e-flex e-con-boxed e-con e-parent\" data-id=\"5473c59b\" data-element_type=\"container\" data-e-type=\"container\">\n\t\t\t\t\t<div class=\"e-con-inner\">\n\t\t\t\t<div class=\"elementor-element elementor-element-3ab609cb elementor-widget elementor-widget-text-editor\" data-id=\"3ab609cb\" data-element_type=\"widget\" data-e-type=\"widget\" data-widget_type=\"text-editor.default\">\n\t\t\t\t<div class=\"elementor-widget-container\">\n\t\t\t\t\t\t\t\t\t<p style=\"text-align: center;\">Iek\u0161\u0113j\u0101s k\u0101rt\u012bbas noteikumi ir izstr\u0101d\u0101ti, lai regul\u0113tu savstarp\u0113j\u0101s attiec\u012bbas,<br \/>nodro\u0161in\u0101tu Klientu atp\u016btu un lai izvair\u012btos no nepat\u012bkamiem p\u0101rpratumiem,<br \/>zaud\u0113jumiem un traum\u0101m. Iek\u0161\u0113jos k\u0101rt\u012bbas noteikumus iev\u0113ro visi br\u012bvdienu<br \/>m\u0101ju &#8220;Pazust Pried\u0113s&#8221; apmekl\u0113t\u0101ji un viesi, neatkar\u012bgi no t\u0101 vecuma.<\/p><p style=\"text-align: center;\"><br \/><span style=\"text-decoration: underline;\">Jebkura apmekl\u0113t\u0101ja pien\u0101kums ir izlas\u012bt \u0161os noteikumus un iev\u0113rot tos<\/span><br \/><span style=\"text-decoration: underline;\">pakalpojuma izmanto\u0161anas laik\u0101!<\/span><\/p><p style=\"text-align: center;\"><br \/>Check-in: no plkst.15:00.<br \/>Check-out: l\u012bdz plkst.11:00<br \/><br \/><\/p><p><em>\u0100rvalstnieku deklar\u0113\u0161an\u0101s veidlapa oblig\u0101ti j\u0101pilda visiem LV nerezidentiem.<\/em><\/p><p><span style=\"text-decoration: underline;\"><strong>Dro\u0161\u012bbas noteikumi:<\/strong><\/span><br \/>1. Viesu dro\u0161\u012bbai br\u012bvdienu m\u0101ju teritorij\u0101 tiek veikta video nov\u0113ro\u0161ana;<br \/>2. Teritorij\u0101 eso\u0161\u0101 \u016bdenstilpne: to ir at\u013cauts izmantot priek\u0161 peld\u0113\u0161an\u0101s. Pie<br \/>\u016bdenstilpn\u0113m (d\u012b\u0137is un j\u016bra) NAV gl\u0101b\u0113ju un uzraugu. Dzi\u013cums, teritorij\u0101<br \/>eso\u0161aj\u0101 \u016bdenstilpn\u0113, dzi\u013c\u0101kaj\u0101 viet\u0101 var p\u0101rsniegt 2,5m. Viesi pa\u0161i uz\u0146emas<br \/>atbild\u012bbu par sevi un saviem b\u0113rniem \u016bdenstilpnes tuvum\u0101 visu apme\u0161an\u0101s<br \/>laiku;<br \/>3. Aizliegts \u0161aut sal\u016btu, atska\u0146ot p\u0101rm\u0113r\u012bgi ska\u013cu m\u016bziku, r\u012bkot pas\u0101kumus,<br \/>aicin\u0101t teritorij\u0101 nepieder\u012bgas personas, nesaska\u0146ojot \u0161\u012bs r\u012bc\u012bbas ar<br \/>administr\u0101ciju;<br \/>4. Aizliegts lietot iero\u010dus, narkotikas, psihotrop\u0101s vielas;<br \/>5. Aizliegts uztur\u0113ties stipr\u0101 apreibino\u0161o vielu reibum\u0101 br\u012bvdienu m\u0101j\u0101s un<br \/>teritorij\u0101. Administr\u0101cijai ir ties\u012bbas atteikt apkalpot un izmitin\u0101t klientu, kas<br \/>ir apreibino\u0161u vielu ietekm\u0113 un(vai) kura uzved\u012bba ir aizskaro\u0161a gan pret<br \/>person\u0101lu, gan citiem viesiem teritorij\u0101. \u0160aj\u0101 gad\u012bjum\u0101 nauda par<br \/>rezerv\u0113tajiem un apmaks\u0101tajiem pakalpojumiem netiek atgriezta;<br \/>6. Lai izvair\u012btos no p\u0101rpratumiem, ja esiet konstat\u0113ju\u0161i jebk\u0101da veida boj\u0101jumus<br \/>vai p\u0101rk\u0101pumus &#8211; nekav\u0113joties sazinieties ar administr\u0101ciju (administr\u0101cijas<br \/>tel.nr. redzami \u0161o noteikumu p\u0113d\u0113j\u0101 lapaspus\u0113);<br \/>7. L\u016bgums attur\u0113ties no jebk\u0101das r\u012bc\u012bbas, kas var apdraud\u0113t pa\u0161a vai citu cilv\u0113ku<br \/>dz\u012bv\u012bbu, vesel\u012bbu. Neuzvesties agres\u012bvi, neadekv\u0101ti, ska\u013ci, aizskart vai k\u0101<br \/>cit\u0101di trauc\u0113t p\u0101r\u0113jos viesus;<br \/>8. Vec\u0101kiem vai cit\u0101m par b\u0113rnu atbild\u012bgaj\u0101m person\u0101m neatst\u0101t bez uzraudz\u012bbas<br \/>b\u0113rnu, kas nav sasniedzis 16 gadu vecumu;<br \/>9. Klients ir atbild\u012bgs par sav\u0101m person\u012bgaj\u0101m mant\u0101m. Naktsm\u012btne neuz\u0146emas<br \/>atbild\u012bbu par viesu mant\u0101m, kas atst\u0101tas bez uzraudz\u012bbas;<br \/>10. Naktsm\u012btne neuz\u0146emas atbild\u012bbu par kait\u0113jumiem, zaud\u0113jumiem,<br \/>negad\u012bjumos un citu iemeslu rezult\u0101t\u0101 g\u016btaj\u0101m traum\u0101m, kas radu\u0161\u0101s<br \/>Klienta nev\u0113r\u012bbas, pien\u0101c\u012bgas uzman\u012bbas tr\u016bkuma d\u0113\u013c, pavir\u0161\u012bbas vai \u0161o<br \/>noteikumu neiev\u0113ro\u0161anas rezult\u0101t\u0101, t.sk. administr\u0101cijas person\u0101la<br \/>nor\u0101d\u012bjumu neiev\u0113ro\u0161anas rezult\u0101t\u0101.<\/p><p><span style=\"text-decoration: underline;\"><strong>Ugunsdro\u0161\u012bba:<\/strong><\/span><br \/>1. Naktsm\u012btn\u0113 ir aizliegts ienest, glab\u0101t un lietot ugunsnedro\u0161as lietas (sveces,<br \/>br\u012bnumsvec\u012btes, papildus sild\u012bt\u0101jus, sal\u016bta petardes, u.c.);<\/p><p>2. Par nesaska\u0146otu sal\u016bta \u0161au\u0161anu, administr\u0101cija ir ties\u012bga ietur\u0113t 150 EUR soda maksu;<br \/>3. Grilu at\u013cauts lietot tikai tam paredz\u0113taj\u0101 viet\u0101. L\u016bdzu, neatst\u0101jiet uguni bez<br \/>uzraudz\u012bbas;<br \/>4. Ja tiek konstat\u0113ti boj\u0101jumi elektroiek\u0101rt\u0101s &#8211; t\u0101s ir aizliegts izmantot un par to<br \/>nekav\u0113joties ir j\u0101inform\u0113 administr\u0101cija;<br \/>5. Elektrisk\u0101s pl\u012bts lieto\u0161ana: uz pl\u012bts at\u013cauts izmantot tikai t\u0101das pannas un<br \/>katlus, kas ir piem\u0113roti izmanto\u0161anai uz indukcijas pl\u012bts. Karstus katlus un<br \/>pannas ir j\u0101novieto uz speci\u0101lajiem palikt\u0146iem, kurus atrad\u012bsiet plauktos. Aizliegts atst\u0101t iesl\u0113gtu pl\u012bti bez uzraudz\u012bbas, k\u0101 ar\u012b novietot<br \/>ugunsnedro\u0161u priek\u0161metus uz karstas pl\u012bts;<br \/>6. Telp\u0101s darbojas d\u016bmu detektors;<br \/>7. Naktsm\u012btne atrodas tuvum\u0101 me\u017eam, kur ir \u013coti augsta ugunsb\u012bstam\u012bba &#8211; esiet<br \/>uzman\u012bgi ar uguni!<\/p><p><span style=\"text-decoration: underline;\"><strong>Br\u012bvdienu m\u0101ju lieto\u0161anas noteikumi:<\/strong><\/span><br \/>1. M\u0101j\u0101 dr\u012bkst uztur\u0113ties tikai tie viesi, kam ir veikta rezerv\u0101cija. L\u016bgums<br \/>iepriek\u0161 pazi\u0146ot par papildus personu iera\u0161anos, ar\u012b, ja pl\u0101nots, ka J\u016bs apciemos.<br \/>2. Eso\u0161ais invent\u0101rs, kas atrodas m\u0101j\u0101s un saunas telp\u0101s ir atp\u016btas kompleksa<br \/>\u012bpa\u0161ums. Invent\u0101rs nedr\u012bkst tikt iznests lieto\u0161anai \u0101r\u0101 bez saska\u0146o\u0161anas<br \/>(iz\u0146\u0113mums: virtuves piederumi var tikt iznesti eso\u0161aj\u0101 m\u0101jas teras\u0113, malt\u012btes<br \/>ietur\u0113\u0161anai). Invent\u0101rs nedr\u012bkst tikt atst\u0101ts boj\u0101ts bez pazi\u0146o\u0161anas. Par<br \/>invent\u0101ru boj\u0101jumu j\u0101zi\u0146o administr\u0101cijai oblig\u0101ti l\u012bdz izbrauk\u0161anas br\u012bdim.<br \/>Br\u012bvdienu m\u0101ju administr\u0101cija ir ties\u012bga no Jums piepras\u012bt finansi\u0101lus<br \/>l\u012bdzek\u013cus materi\u0101l\u0101 zaud\u0113juma seg\u0161anai;<\/p><p>3. Ja p\u0113c viesu izrakst\u012b\u0161an\u0101s konstat\u0113ti b\u016btiski zaud\u0113jumi, boj\u0101jumi, kas radu\u0161ies viesu nepiem\u0113rotas uzman\u012bbas d\u0113\u013c &#8211; administr\u0101cija ir ties\u012bga piepras\u012bt naudas summu attiec\u012bgo zaud\u0113jumu seg\u0161anai;<br \/>4. Visu uztur\u0113\u0161an\u0101s laiku l\u016bgums iev\u0113rot priv\u0101tumu, klusumu, cien\u012bt dabu un<br \/>teritorijas invent\u0101ru. Izmantot teritorijas koplieto\u0161anas ce\u013cus, nor\u0101d\u012bt\u0101s<br \/>autost\u0101vvietas, k\u0101 ar\u012b paredz\u0113t\u0101s grila vietas;<br \/>5. Pa k\u0101pn\u0113m, kas ir m\u0101j\u0101s, p\u0101rvietoties l\u0113ni un piesardz\u012bgi. T\u0101s nepiecie\u0161ams p\u0101rvietot sl\u012bpuma re\u017e\u012bm\u0101 pirms k\u0101p\u0161anas. Ieteikums &#8211; k\u0101pnes<br \/>lietot no 8 gadu vecuma.<\/p><p><span style=\"text-decoration: underline;\"><strong>Kondicioniera\/siltums\u016bk\u0146a lieto\u0161ana<\/strong><\/span>: Kondicionierim ir gan aukst\u0101, gan silt\u0101<br \/>funkcija. Kondicionierim ir pieejama sava vad\u012bbas pults.<br \/>Ar \u0161o vad\u012bbas pulti var kori\u0123\u0113t gr\u0101dus, sviru virz\u012bbu, uzst\u0101d\u012b\u0161anas laiku un<br \/>re\u017e\u012bmus. \u0145emt v\u0113r\u0101, ka kondicionierim ir piel\u0101go\u0161an\u0101s laiks &#8211; no aukst\u0101 uz karst\u0101<br \/>re\u017e\u012bma p\u0101rsl\u0113g\u0161an\u0101s posms var aiz\u0146emt l\u012bdz 10 min\u016bt\u0113m. dF re\u017e\u012bms noz\u012bm\u0113, ka<br \/>kondicionierim (k\u0101 jau mums visiem) &#8211; nepiecie\u0161ams atvilkt elpu un dr\u012bzum\u0101 tas<br \/>ats\u0101ks str\u0101d\u0101t.<\/p><p><span style=\"text-decoration: underline;\"><strong>Auto novieto\u0161ana:<\/strong><\/span> viesi savus transporta l\u012bdzek\u013cus var novietot tam paredz\u0113taj\u0101s<br \/>viet\u0101s, br\u012bvdienu m\u0101ju tuvum\u0101, iek\u0101rtotajos st\u0101vlaukumos. St\u0101vvietas netiek sl\u0113gtas un ir<br \/>atv\u0113rtas 24h diennakt\u012b. Autost\u0101vvieta nav apsarg\u0101ta.<\/p><p><span style=\"text-decoration: underline;\"><strong>\u0100rdurvju izmanto\u0161ana (atsl\u0113gas)<\/strong><\/span>: inform\u0101cija par atsl\u0113g\u0101m tiks Jums sniegta priv\u0101ti pirms iera\u0161an\u0101s.<\/p><p><span style=\"text-decoration: underline;\"><strong>M\u0101jdz\u012bvnieki:<\/strong><\/span> teritorij\u0101 ir at\u013cauts ievest su\u0146us un ka\u0137us, kas NAV agres\u012bvi.<br \/>Izmaksas uz vienu nakti: 15-25.00 EUR. M\u0101jdz\u012bvniekam uztur\u0113\u0161an\u0101s laik\u0101 j\u0101b\u016bt l\u012bdzi<br \/>savai gul\u0113\u0161anas vietai. M\u0101jdz\u012bvnieki nedr\u012bkst gul\u0113t viesu gul\u0113\u0161anai paredz\u0113taj\u0101s<br \/>viet\u0101s (d\u012bv\u0101ns, gulta, matra\u010di). M\u0113s \u013coti m\u012blam m\u0101jdz\u012bvniekus, bet k\u0101 J\u016bs zin\u0101t &#8211;<br \/>p\u0113c dz\u012bvnieku apciemo\u0161anas ir j\u0101veic pastiprin\u0101ta uzkop\u0161ana. M\u0101jdz\u012bvnieku<br \/>saimnieku pien\u0101kums ir sav\u0101kt aiz sava m\u0101jdz\u012bvnieka un to pieskat\u012bt nep\u0101rtraukti.<br \/>\u0145emiet v\u0113r\u0101, ka teritorija nav viscaur no\u017eogota un esam tuvum\u0101 dabai &#8211; m\u016bs m\u0113dz<br \/>apciemot ar\u012b savva\u013cas zv\u0113ri, l\u012bdz ar to &#8211; iesakam, ka teritorij\u0101 m\u0101jdz\u012bvniekiem<br \/>j\u0101uzturas pavad\u0101 pie sava saimnieka.<\/p><p><span style=\"text-decoration: underline;\"><strong>Sm\u0113\u0137\u0113\u0161ana:<\/strong><\/span> Kategoriski aizliegts sm\u0113\u0137\u0113t telp\u0101s. Telp\u0101s darbojas d\u016bmu<br \/>detektors. Ir at\u013cauts sm\u0113\u0137\u0113t \u0101r\u0101, esot ne maz\u0101k k\u0101 10 metru att\u0101lum\u0101 no \u0113k\u0101m.<br \/>Izsm\u0113\u0137us dr\u012bkst izmest tikai speci\u0101li tam paredz\u0113taj\u0101s urn\u0101s, iepriek\u0161 izsm\u0113\u0137us r\u016bp\u012bgi nodz\u0113\u0161ot. Par izsm\u0113\u0137u me\u0161anu zem\u0113 vai<br \/>sm\u0113\u0137\u0113\u0161anu telp\u0101s tiks piem\u0113rota soda nauda 200 EUR apm\u0113r\u0101.<\/p><p><span style=\"text-decoration: underline;\"><strong>Atkritumi:<\/strong><\/span> Atkritumus dr\u012bkst mest tikai speci\u0101li tam paredz\u0113taj\u0101s urn\u0101s.<br \/>Aizliegts pies\u0101r\u0146ot \u016bdenstilpni. Par atkritumu me\u0161anu zem\u0113 vai \u016bdenstilpn\u0113 var<br \/>tikt piem\u0113rota soda nauda.<\/p><p><span style=\"text-decoration: underline;\"><strong>Vesel\u012bbas labkl\u0101j\u012bbas komplekss:<\/strong><\/span><\/p><p><span style=\"text-decoration: underline;\"><strong>Saunas izmanto\u0161ana:<\/strong><\/span> ieteicam\u0101 temperat\u016bra ir <strong>60-80 gr\u0101di.<\/strong><br \/>Saun\u0101 ir elektrisk\u0101 kr\u0101sns, kas darbojas ar vad\u012bbas sist\u0113mu. T\u0101 tiks iesl\u0113gta un<br \/>sagatavota atbilsto\u0161i J\u016bsu sauno\u0161an\u0101s paredz\u0113tajam laikam, atbilsto\u0161i rezerv\u0101cij\u0101<br \/>pieteiktajam stundu laika skaitam, ja savstarp\u0113ji nav cit\u0101d\u0101ka vieno\u0161an\u0101s.<br \/>Uz elektrisk\u0101s kr\u0101sns akme\u0146iem at\u013cauts liet tikai t\u012bru \u016bdeni, aizliegts liet<br \/>alkoholiskos dz\u0113rienus. \u0112terisk\u0101s e\u013c\u013cas at\u013cauts izmantot t\u0101s jaucot ar \u016bdeni<br \/>(\u0113terisk\u0101s e\u013c\u013cas ir br\u012bvdienu m\u0101ju \u012bpa\u0161ums, t\u0101s paredz\u0113tas izmantot sauno\u0161an\u0101s<br \/>laik\u0101). Vid\u0113ji 2-3 pilieni vienam \u016bdens kausam. \u016adens kausu atrad\u012bsiet saunas<br \/>telp\u0101s.<br \/>Dvie\u013ci, kas paredz\u0113ti saunai un saunas m\u0101jai &#8211; nav paredz\u0113ti ne\u0161anai uz pludmali<br \/>un br\u012bvdienu m\u0101j\u0101m.<br \/>Saunas loga rokturis var sakarst saunas lieto\u0161anas laik\u0101, lai to atv\u0113rtu &#8211; izmantojiet<br \/>dvieli!<br \/>P\u0113c saunas izmanto\u0161anas beig\u0101m &#8211; l\u016bgums atv\u0113rt saunas logu un aiztais\u012bt saunas<br \/>durvis!<br \/>!! Br\u012bvdienu m\u0101ju saimnieki neatbild par J\u016bsu vesel\u012bbu, ja neatbilsto\u0161i J\u016bsu<br \/>vesel\u012bbas st\u0101voklim tiek izmantota sauna. Katrs pats ir atbild\u012bgs par savu vesel\u012bbu<br \/>un saj\u016bt\u0101m atrodoties saun\u0101! \u0145emiet, l\u016bdzu, v\u0113r\u0101, ka saunas akme\u0146i ir \u013coti karsti<br \/>un atrodoties saun\u0101 ir j\u0101atbild par savu dro\u0161\u012bbu!<\/p><p><strong><span style=\"text-decoration: underline;\">Gongu lieto\u0161ana:<\/span><\/strong> Gongi dom\u0101ti J\u016bsu iesp\u0113jai tos baud\u012bt un izprast, ko tie mums<br \/>var dot, k\u0101 ar\u012b iepaz\u012bt to ietekmi uz m\u016bsu ment\u0101l\u0101s vesel\u012bbas uzlabo\u0161anas iesp\u0113j\u0101m.<br \/>Gongu lieto\u0161anas instrukcija ir pieejama pie pa\u0161a gonga. Pirms lieto\u0161anas ar to ir<br \/>oblig\u0101ti nepiecie\u0161ams iepaz\u012bties. L\u016bgums saudz\u0113t sakr\u0101lu instrumentu, pret to<br \/>iztur\u0113ties ar atbild\u012bbu un lietot atbilsto\u0161i lieto\u0161anas noteikumiem. Gonga<br \/>nepareizas lieto\u0161anas gad\u012bjum\u0101, administr\u0101cija ir ties\u012bga ietur\u0113t 250 EUR soda<br \/>maksu.<\/p><p style=\"text-align: center;\"><em>At\u013cauts un pat \u013coti nepiecie\u0161ams: labi izkust\u0113ties, iet uz j\u016bru (10 min\u016b\u0161u<\/em><br \/><em>g\u0101jiens), atp\u016bsties un, protams, k\u0101rt\u012bgi izgul\u0113ties!<\/em><\/p><p style=\"text-align: center;\"><strong>Nov\u0113l\u0101m mierpilnu atp\u016btu un &#8220;Pazust Pried\u0113s&#8221;!<\/strong><\/p><p style=\"text-align: left; padding-left: 40px;\"><span style=\"text-decoration: underline;\">Kontakti sazi\u0146ai:<\/span><br \/>E-pasts: info@pazustpriedes.lv<\/p><p>+371 28605177 Anete (LV,EN)<br \/>+371 29802444 Edgars (LV, LT, EN)<\/p>\t\t\t\t\t\t\t\t<\/div>\n\t\t\t\t<\/div>\n\t\t\t\t\t<\/div>\n\t\t\t\t<\/div>\n\t\t\t\t<\/div>","protected":false},"excerpt":{"rendered":"<p>Iek\u0161\u0113j\u0101s k\u0101rt\u012bbas noteikumi ir izstr\u0101d\u0101ti, lai regul\u0113tu savstarp\u0113j\u0101s attiec\u012bbas,nodro\u0161in\u0101tu Klientu atp\u016btu un lai izvair\u012btos no nepat\u012bkamiem p\u0101rpratumiem,zaud\u0113jumiem un traum\u0101m. Iek\u0161\u0113jos k\u0101rt\u012bbas noteikumus iev\u0113ro visi br\u012bvdienum\u0101ju &#8220;Pazust Pried\u0113s&#8221; apmekl\u0113t\u0101ji un viesi, neatkar\u012bgi no t\u0101 vecuma. Jebkura apmekl\u0113t\u0101ja pien\u0101kums ir izlas\u012bt \u0161os noteikumus un iev\u0113rot tospakalpojuma izmanto\u0161anas laik\u0101! Check-in: no plkst.15:00.Check-out: l\u012bdz plkst.11:00 \u0100rvalstnieku deklar\u0113\u0161an\u0101s veidlapa oblig\u0101ti &hellip;<\/p>\n<p class=\"read-more\"> <a class=\"\" href=\"https:\/\/pazustpriedes.lv\/en\/noteikumi\/\"> <span class=\"screen-reader-text\">Iek\u0161\u0113j\u0101s k\u0101rt\u012bbas noteikumi<\/span> Read More &raquo;<\/a><\/p>","protected":false},"author":1,"featured_media":0,"parent":0,"menu_order":0,"comment_status":"closed","ping_status":"closed","template":"","meta":{"site-sidebar-layout":"default","site-content-layout":"default","ast-global-header-display":"","ast-main-header-display":"","ast-hfb-above-header-display":"","ast-hfb-below-header-display":"","ast-hfb-mobile-header-display":"","site-post-title":"","ast-breadcrumbs-content":"","ast-featured-img":"","footer-sml-layout":"","theme-transparent-header-meta":"","adv-header-id-meta":"","stick-header-meta":"","header-above-stick-meta":"","header-main-stick-meta":"","header-below-stick-meta":"","footnotes":""},"class_list":["post-1740","page","type-page","status-publish","hentry"],"yoast_head":"<!-- This site is optimized with the Yoast SEO plugin v24.0 - https:\/\/yoast.com\/wordpress\/plugins\/seo\/ -->\n<title>Iek\u0161\u0113j\u0101s k\u0101rt\u012bbas noteikumi - Atp\u016btas komplekss Pazust Pried\u0113s<\/title>\n<meta name=\"robots\" content=\"index, follow, max-snippet:-1, max-image-preview:large, max-video-preview:-1\" \/>\n<link rel=\"canonical\" href=\"https:\/\/pazustpriedes.lv\/en\/noteikumi\/\" \/>\n<meta property=\"og:locale\" content=\"en_GB\" \/>\n<meta property=\"og:type\" content=\"article\" \/>\n<meta property=\"og:title\" content=\"Iek\u0161\u0113j\u0101s k\u0101rt\u012bbas noteikumi - Atp\u016btas komplekss Pazust Pried\u0113s\" \/>\n<meta property=\"og:description\" content=\"Iek\u0161\u0113j\u0101s k\u0101rt\u012bbas noteikumi ir izstr\u0101d\u0101ti, lai regul\u0113tu savstarp\u0113j\u0101s attiec\u012bbas,nodro\u0161in\u0101tu Klientu atp\u016btu un lai izvair\u012btos no nepat\u012bkamiem p\u0101rpratumiem,zaud\u0113jumiem un traum\u0101m. Iek\u0161\u0113jos k\u0101rt\u012bbas noteikumus iev\u0113ro visi br\u012bvdienum\u0101ju &#8220;Pazust Pried\u0113s&#8221; apmekl\u0113t\u0101ji un viesi, neatkar\u012bgi no t\u0101 vecuma. Jebkura apmekl\u0113t\u0101ja pien\u0101kums ir izlas\u012bt \u0161os noteikumus un iev\u0113rot tospakalpojuma izmanto\u0161anas laik\u0101! Check-in: no plkst.15:00.Check-out: l\u012bdz plkst.11:00 \u0100rvalstnieku deklar\u0113\u0161an\u0101s veidlapa oblig\u0101ti &hellip; Iek\u0161\u0113j\u0101s k\u0101rt\u012bbas noteikumi Read More &raquo;\" \/>\n<meta property=\"og:url\" content=\"https:\/\/pazustpriedes.lv\/en\/noteikumi\/\" \/>\n<meta property=\"og:site_name\" content=\"Atp\u016btas komplekss Pazust Pried\u0113s\" \/>\n<meta property=\"article:modified_time\" content=\"2024-08-16T07:00:27+00:00\" \/>\n<meta property=\"og:image\" content=\"https:\/\/pazustpriedes.lv\/wp-content\/uploads\/2022\/12\/Maja_vertical-scaled.jpg\" \/>\n\t<meta property=\"og:image:width\" content=\"1706\" \/>\n\t<meta property=\"og:image:height\" content=\"2560\" \/>\n\t<meta property=\"og:image:type\" content=\"image\/jpeg\" \/>\n<meta name=\"twitter:card\" content=\"summary_large_image\" \/>\n<meta name=\"twitter:label1\" content=\"Estimated reading time\" \/>\n\t<meta name=\"twitter:data1\" content=\"5 minutes\" \/>\n<script type=\"application\/ld+json\" class=\"yoast-schema-graph\">{\"@context\":\"https:\/\/schema.org\",\"@graph\":[{\"@type\":\"WebPage\",\"@id\":\"https:\/\/pazustpriedes.lv\/noteikumi\/\",\"url\":\"https:\/\/pazustpriedes.lv\/noteikumi\/\",\"name\":\"Iek\u0161\u0113j\u0101s k\u0101rt\u012bbas noteikumi - Atp\u016btas komplekss Pazust Pried\u0113s\",\"isPartOf\":{\"@id\":\"https:\/\/pazustpriedes.lv\/#website\"},\"datePublished\":\"2024-06-03T18:14:15+00:00\",\"dateModified\":\"2024-08-16T07:00:27+00:00\",\"breadcrumb\":{\"@id\":\"https:\/\/pazustpriedes.lv\/noteikumi\/#breadcrumb\"},\"inLanguage\":\"en-GB\",\"potentialAction\":[{\"@type\":\"ReadAction\",\"target\":[\"https:\/\/pazustpriedes.lv\/noteikumi\/\"]}]},{\"@type\":\"BreadcrumbList\",\"@id\":\"https:\/\/pazustpriedes.lv\/noteikumi\/#breadcrumb\",\"itemListElement\":[{\"@type\":\"ListItem\",\"position\":1,\"name\":\"Home\",\"item\":\"https:\/\/pazustpriedes.lv\/\"},{\"@type\":\"ListItem\",\"position\":2,\"name\":\"Iek\u0161\u0113j\u0101s k\u0101rt\u012bbas noteikumi\"}]},{\"@type\":\"WebSite\",\"@id\":\"https:\/\/pazustpriedes.lv\/#website\",\"url\":\"https:\/\/pazustpriedes.lv\/\",\"name\":\"Pazust Pried\u0113s\",\"description\":\"\",\"publisher\":{\"@id\":\"https:\/\/pazustpriedes.lv\/#organization\"},\"potentialAction\":[{\"@type\":\"SearchAction\",\"target\":{\"@type\":\"EntryPoint\",\"urlTemplate\":\"https:\/\/pazustpriedes.lv\/?s={search_term_string}\"},\"query-input\":{\"@type\":\"PropertyValueSpecification\",\"valueRequired\":true,\"valueName\":\"search_term_string\"}}],\"inLanguage\":\"en-GB\"},{\"@type\":\"Organization\",\"@id\":\"https:\/\/pazustpriedes.lv\/#organization\",\"name\":\"Pazust Pried\u0113s\",\"url\":\"https:\/\/pazustpriedes.lv\/\",\"logo\":{\"@type\":\"ImageObject\",\"inLanguage\":\"en-GB\",\"@id\":\"https:\/\/pazustpriedes.lv\/#\/schema\/logo\/image\/\",\"url\":\"https:\/\/pazustpriedes.lv\/wp-content\/uploads\/2023\/03\/PazustPriedes_logo_b-1-1.png\",\"contentUrl\":\"https:\/\/pazustpriedes.lv\/wp-content\/uploads\/2023\/03\/PazustPriedes_logo_b-1-1.png\",\"width\":2000,\"height\":2000,\"caption\":\"Pazust Pried\u0113s\"},\"image\":{\"@id\":\"https:\/\/pazustpriedes.lv\/#\/schema\/logo\/image\/\"}}]}<\/script>\n<!-- \/ Yoast SEO plugin. -->","yoast_head_json":{"title":"Iek\u0161\u0113j\u0101s k\u0101rt\u012bbas noteikumi - Atp\u016btas komplekss Pazust Pried\u0113s","robots":{"index":"index","follow":"follow","max-snippet":"max-snippet:-1","max-image-preview":"max-image-preview:large","max-video-preview":"max-video-preview:-1"},"canonical":"https:\/\/pazustpriedes.lv\/en\/noteikumi\/","og_locale":"en_GB","og_type":"article","og_title":"Iek\u0161\u0113j\u0101s k\u0101rt\u012bbas noteikumi - Atp\u016btas komplekss Pazust Pried\u0113s","og_description":"Iek\u0161\u0113j\u0101s k\u0101rt\u012bbas noteikumi ir izstr\u0101d\u0101ti, lai regul\u0113tu savstarp\u0113j\u0101s attiec\u012bbas,nodro\u0161in\u0101tu Klientu atp\u016btu un lai izvair\u012btos no nepat\u012bkamiem p\u0101rpratumiem,zaud\u0113jumiem un traum\u0101m. Iek\u0161\u0113jos k\u0101rt\u012bbas noteikumus iev\u0113ro visi br\u012bvdienum\u0101ju &#8220;Pazust Pried\u0113s&#8221; apmekl\u0113t\u0101ji un viesi, neatkar\u012bgi no t\u0101 vecuma. Jebkura apmekl\u0113t\u0101ja pien\u0101kums ir izlas\u012bt \u0161os noteikumus un iev\u0113rot tospakalpojuma izmanto\u0161anas laik\u0101! Check-in: no plkst.15:00.Check-out: l\u012bdz plkst.11:00 \u0100rvalstnieku deklar\u0113\u0161an\u0101s veidlapa oblig\u0101ti &hellip; Iek\u0161\u0113j\u0101s k\u0101rt\u012bbas noteikumi Read More &raquo;","og_url":"https:\/\/pazustpriedes.lv\/en\/noteikumi\/","og_site_name":"Atp\u016btas komplekss Pazust Pried\u0113s","article_modified_time":"2024-08-16T07:00:27+00:00","og_image":[{"width":1706,"height":2560,"url":"https:\/\/pazustpriedes.lv\/wp-content\/uploads\/2022\/12\/Maja_vertical-scaled.jpg","type":"image\/jpeg"}],"twitter_card":"summary_large_image","twitter_misc":{"Estimated reading time":"5 minutes"},"schema":{"@context":"https:\/\/schema.org","@graph":[{"@type":"WebPage","@id":"https:\/\/pazustpriedes.lv\/noteikumi\/","url":"https:\/\/pazustpriedes.lv\/noteikumi\/","name":"Iek\u0161\u0113j\u0101s k\u0101rt\u012bbas noteikumi - Atp\u016btas komplekss Pazust Pried\u0113s","isPartOf":{"@id":"https:\/\/pazustpriedes.lv\/#website"},"datePublished":"2024-06-03T18:14:15+00:00","dateModified":"2024-08-16T07:00:27+00:00","breadcrumb":{"@id":"https:\/\/pazustpriedes.lv\/noteikumi\/#breadcrumb"},"inLanguage":"en-GB","potentialAction":[{"@type":"ReadAction","target":["https:\/\/pazustpriedes.lv\/noteikumi\/"]}]},{"@type":"BreadcrumbList","@id":"https:\/\/pazustpriedes.lv\/noteikumi\/#breadcrumb","itemListElement":[{"@type":"ListItem","position":1,"name":"Home","item":"https:\/\/pazustpriedes.lv\/"},{"@type":"ListItem","position":2,"name":"Iek\u0161\u0113j\u0101s k\u0101rt\u012bbas noteikumi"}]},{"@type":"WebSite","@id":"https:\/\/pazustpriedes.lv\/#website","url":"https:\/\/pazustpriedes.lv\/","name":"Pazust Pried\u0113s","description":"","publisher":{"@id":"https:\/\/pazustpriedes.lv\/#organization"},"potentialAction":[{"@type":"SearchAction","target":{"@type":"EntryPoint","urlTemplate":"https:\/\/pazustpriedes.lv\/?s={search_term_string}"},"query-input":{"@type":"PropertyValueSpecification","valueRequired":true,"valueName":"search_term_string"}}],"inLanguage":"en-GB"},{"@type":"Organization","@id":"https:\/\/pazustpriedes.lv\/#organization","name":"Pazust Pried\u0113s","url":"https:\/\/pazustpriedes.lv\/","logo":{"@type":"ImageObject","inLanguage":"en-GB","@id":"https:\/\/pazustpriedes.lv\/#\/schema\/logo\/image\/","url":"https:\/\/pazustpriedes.lv\/wp-content\/uploads\/2023\/03\/PazustPriedes_logo_b-1-1.png","contentUrl":"https:\/\/pazustpriedes.lv\/wp-content\/uploads\/2023\/03\/PazustPriedes_logo_b-1-1.png","width":2000,"height":2000,"caption":"Pazust Pried\u0113s"},"image":{"@id":"https:\/\/pazustpriedes.lv\/#\/schema\/logo\/image\/"}}]}},"_links":{"self":[{"href":"https:\/\/pazustpriedes.lv\/en\/wp-json\/wp\/v2\/pages\/1740"}],"collection":[{"href":"https:\/\/pazustpriedes.lv\/en\/wp-json\/wp\/v2\/pages"}],"about":[{"href":"https:\/\/pazustpriedes.lv\/en\/wp-json\/wp\/v2\/types\/page"}],"author":[{"embeddable":true,"href":"https:\/\/pazustpriedes.lv\/en\/wp-json\/wp\/v2\/users\/1"}],"replies":[{"embeddable":true,"href":"https:\/\/pazustpriedes.lv\/en\/wp-json\/wp\/v2\/comments?post=1740"}],"version-history":[{"count":15,"href":"https:\/\/pazustpriedes.lv\/en\/wp-json\/wp\/v2\/pages\/1740\/revisions"}],"predecessor-version":[{"id":2345,"href":"https:\/\/pazustpriedes.lv\/en\/wp-json\/wp\/v2\/pages\/1740\/revisions\/2345"}],"wp:attachment":[{"href":"https:\/\/pazustpriedes.lv\/en\/wp-json\/wp\/v2\/media?parent=1740"}],"curies":[{"name":"wp","href":"https:\/\/api.w.org\/{rel}","templated":true}]}}