{"id":1721,"date":"2024-04-24T11:49:09","date_gmt":"2024-04-24T11:49:09","guid":{"rendered":"https:\/\/pazustpriedes.lv\/?page_id=1721"},"modified":"2024-04-24T11:49:09","modified_gmt":"2024-04-24T11:49:09","slug":"sadarbibas-partneri-copy","status":"publish","type":"page","link":"https:\/\/pazustpriedes.lv\/en\/sadarbibas-partneri-copy\/","title":{"rendered":"Sadarb\u012bbas Partneri &#8211; Copy"},"content":{"rendered":"<div data-elementor-type=\"wp-page\" data-elementor-id=\"1721\" class=\"elementor elementor-1721\">\n\t\t\t\t\t\t<section class=\"elementor-section elementor-top-section elementor-element elementor-element-1ac32df elementor-section-boxed elementor-section-height-default elementor-section-height-default\" data-id=\"1ac32df\" data-element_type=\"section\" data-e-type=\"section\">\n\t\t\t\t\t\t<div class=\"elementor-container elementor-column-gap-default\">\n\t\t\t\t\t<div class=\"elementor-column elementor-col-100 elementor-top-column elementor-element elementor-element-8086bc6\" data-id=\"8086bc6\" data-element_type=\"column\" data-e-type=\"column\">\n\t\t\t<div class=\"elementor-widget-wrap elementor-element-populated\">\n\t\t\t\t\t\t<div class=\"elementor-element elementor-element-fbe0a93 elementor-widget-divider--view-line elementor-widget elementor-widget-divider\" data-id=\"fbe0a93\" data-element_type=\"widget\" data-e-type=\"widget\" data-widget_type=\"divider.default\">\n\t\t\t\t<div class=\"elementor-widget-container\">\n\t\t\t\t\t\t\t<div class=\"elementor-divider\">\n\t\t\t<span class=\"elementor-divider-separator\">\n\t\t\t\t\t\t<\/span>\n\t\t<\/div>\n\t\t\t\t\t\t<\/div>\n\t\t\t\t<\/div>\n\t\t\t\t\t<\/div>\n\t\t<\/div>\n\t\t\t\t\t<\/div>\n\t\t<\/section>\n\t\t\t\t<section class=\"elementor-section elementor-top-section elementor-element elementor-element-2273356 elementor-section-boxed elementor-section-height-default elementor-section-height-default\" data-id=\"2273356\" data-element_type=\"section\" data-e-type=\"section\">\n\t\t\t\t\t\t<div class=\"elementor-container elementor-column-gap-default\">\n\t\t\t\t\t<div class=\"elementor-column elementor-col-100 elementor-top-column elementor-element elementor-element-ef180ba\" data-id=\"ef180ba\" data-element_type=\"column\" data-e-type=\"column\">\n\t\t\t<div class=\"elementor-widget-wrap\">\n\t\t\t\t\t\t\t<\/div>\n\t\t<\/div>\n\t\t\t\t\t<\/div>\n\t\t<\/section>\n\t\t\t\t<section class=\"elementor-section elementor-top-section elementor-element elementor-element-7366ec8 elementor-section-boxed elementor-section-height-default elementor-section-height-default\" data-id=\"7366ec8\" data-element_type=\"section\" data-e-type=\"section\">\n\t\t\t\t\t\t<div class=\"elementor-container elementor-column-gap-default\">\n\t\t\t\t\t<div class=\"elementor-column elementor-col-100 elementor-top-column elementor-element elementor-element-a970f12\" data-id=\"a970f12\" data-element_type=\"column\" data-e-type=\"column\">\n\t\t\t<div class=\"elementor-widget-wrap elementor-element-populated\">\n\t\t\t\t\t\t<div class=\"elementor-element elementor-element-e7157f8 elementor-widget elementor-widget-heading\" data-id=\"e7157f8\" data-element_type=\"widget\" data-e-type=\"widget\" data-widget_type=\"heading.default\">\n\t\t\t\t<div class=\"elementor-widget-container\">\n\t\t\t\t\t<h2 class=\"elementor-heading-title elementor-size-default\">Sadarb\u012bbas partneri<\/h2>\t\t\t\t<\/div>\n\t\t\t\t<\/div>\n\t\t\t\t\t<\/div>\n\t\t<\/div>\n\t\t\t\t\t<\/div>\n\t\t<\/section>\n\t\t\t\t<section class=\"elementor-section elementor-top-section elementor-element elementor-element-799e135 elementor-section-boxed elementor-section-height-default elementor-section-height-default\" data-id=\"799e135\" data-element_type=\"section\" data-e-type=\"section\">\n\t\t\t\t\t\t<div class=\"elementor-container elementor-column-gap-default\">\n\t\t\t\t\t<div class=\"elementor-column elementor-col-100 elementor-top-column elementor-element elementor-element-d93dfc8\" data-id=\"d93dfc8\" data-element_type=\"column\" data-e-type=\"column\">\n\t\t\t<div class=\"elementor-widget-wrap elementor-element-populated\">\n\t\t\t\t\t\t<div class=\"elementor-element elementor-element-a9265a5 elementor-widget elementor-widget-text-editor\" data-id=\"a9265a5\" data-element_type=\"widget\" data-e-type=\"widget\" data-widget_type=\"text-editor.default\">\n\t\t\t\t<div class=\"elementor-widget-container\">\n\t\t\t\t\t\t\t\t\t<ul><li>2022. un 2023.gad\u0101 ar ELFLA publisko l\u012bdzfinans\u0113jumu tika \u012bstenots projekts Nr.22-02-AL13-A019.2103-000013, kur\u0101 SIA &#8220;1August&#8221; ir uzb\u016bv\u0113jis jaunu atp\u016btas kompleksu, projekta nosaukums: &#8220;Jauna atp\u016btas kompleksa \u201cPazust Pried\u0113s\u201d izveide ar ment\u0101l\u0101s vesel\u012bbas uzlabo\u0161anas iesp\u0113j\u0101m&#8221;.<\/li><li>2023.gad\u0101 ar ELFLA publisko l\u012bdzfinans\u0113jumu SIA &#8220;1August&#8221; \u012bsteno projektu Nr.23-02-AL13-A019.2103-000003, projekta nosaukums: &#8220;Atp\u016btas kompleksa &#8220;Pazust Pried\u0113s&#8221; viesu iesp\u0113ju da\u017e\u0101do\u0161ana un vides labiek\u0101rto\u0161ana&#8221;.<\/li><li>2023. un 2024.gad\u0101 ar ELFLA publisko l\u012bdzfinans\u0113jumu SIA &#8220;1August&#8221; ir uzs\u0101cis \u012bstenot projektu Nr.23-02-AL13-A019.2103-000019, projekta nosaukums: &#8220;Pazust Pried\u0113s&#8221; teritorijas dro\u0161\u012bbas apst\u0101k\u013cu ievie\u0161ana un pamatl\u012bdzek\u013cu ieg\u0101de atp\u016btas kompleksa ikdienas darbu efektiviz\u0113\u0161anai&#8221;.<\/li><\/ul><p>&#8220;Vair\u0101k inform\u0101cijas par Eiropas Lauksaimniec\u012bbas fondu lauku att\u012bst\u012bbai pieejams Eiropas Komisijas t\u012bmek\u013ca vietn\u0113&#8221;<br \/><span role=\"gridcell\"><a tabindex=\"-1\" role=\"link\" href=\"http:\/\/ec.europa.eu\/agriculture\/rural-development-2014-2020\/index_lv.htm?fbclid=IwAR1BrMkRjM66t2166Dg8UZIJgkrpPMGOgm7q7M6m71E7zQYN5qOHojbDXYA\" target=\"_blank\" rel=\"nofollow noopener\">http:\/\/ec.europa.eu\/agriculture\/rural-development-2014-2020\/index_lv.htm<\/a><\/span><\/p>\t\t\t\t\t\t\t\t<\/div>\n\t\t\t\t<\/div>\n\t\t\t\t\t<\/div>\n\t\t<\/div>\n\t\t\t\t\t<\/div>\n\t\t<\/section>\n\t\t<div class=\"elementor-element elementor-element-495f813 e-flex e-con-boxed e-con e-parent\" data-id=\"495f813\" data-element_type=\"container\" data-e-type=\"container\">\n\t\t\t\t\t<div class=\"e-con-inner\">\n\t\t<div class=\"elementor-element elementor-element-53ef924 e-con-full e-flex e-con e-parent\" data-id=\"53ef924\" data-element_type=\"container\" data-e-type=\"container\">\n\t\t\t\t<div class=\"elementor-element elementor-element-53d0f3a elementor-widget elementor-widget-image\" data-id=\"53d0f3a\" data-element_type=\"widget\" data-e-type=\"widget\" data-widget_type=\"image.default\">\n\t\t\t\t<div class=\"elementor-widget-container\">\n\t\t\t\t\t\t\t\t\t\t\t\t\t\t\t<img fetchpriority=\"high\" decoding=\"async\" width=\"768\" height=\"543\" src=\"https:\/\/pazustpriedes.lv\/wp-content\/uploads\/2024\/02\/image-768x543.jpeg\" class=\"attachment-medium_large size-medium_large wp-image-1473\" alt=\"\" \/>\t\t\t\t\t\t\t\t\t\t\t\t\t\t\t<\/div>\n\t\t\t\t<\/div>\n\t\t\t\t<\/div>\n\t\t<div class=\"elementor-element elementor-element-91ad9f1 e-con-full e-flex e-con e-parent\" data-id=\"91ad9f1\" data-element_type=\"container\" data-e-type=\"container\">\n\t\t\t\t<div class=\"elementor-element elementor-element-af4256c elementor-absolute elementor-widget elementor-widget-image\" data-id=\"af4256c\" data-element_type=\"widget\" data-e-type=\"widget\" data-settings=\"{&quot;_position&quot;:&quot;absolute&quot;}\" data-widget_type=\"image.default\">\n\t\t\t\t<div class=\"elementor-widget-container\">\n\t\t\t\t\t\t\t\t\t\t\t\t\t\t\t<img decoding=\"async\" width=\"377\" height=\"107\" src=\"https:\/\/pazustpriedes.lv\/wp-content\/uploads\/2024\/02\/eraf_small-e1708619270312.png\" class=\"attachment-large size-large wp-image-1474\" alt=\"\" srcset=\"https:\/\/pazustpriedes.lv\/wp-content\/uploads\/2024\/02\/eraf_small-e1708619270312.png 377w, https:\/\/pazustpriedes.lv\/wp-content\/uploads\/2024\/02\/eraf_small-e1708619270312-300x85.png 300w\" sizes=\"(max-width: 377px) 100vw, 377px\" \/>\t\t\t\t\t\t\t\t\t\t\t\t\t\t\t<\/div>\n\t\t\t\t<\/div>\n\t\t\t\t<\/div>\n\t\t<div class=\"elementor-element elementor-element-ca887a1 e-con-full e-flex e-con e-parent\" data-id=\"ca887a1\" data-element_type=\"container\" data-e-type=\"container\">\n\t\t\t\t<div class=\"elementor-element elementor-element-a94a5e3 elementor-widget__width-initial elementor-absolute elementor-widget elementor-widget-image\" data-id=\"a94a5e3\" data-element_type=\"widget\" data-e-type=\"widget\" data-settings=\"{&quot;_position&quot;:&quot;absolute&quot;}\" data-widget_type=\"image.default\">\n\t\t\t\t<div class=\"elementor-widget-container\">\n\t\t\t\t\t\t\t\t\t\t\t\t\t\t\t<img decoding=\"async\" width=\"150\" height=\"150\" src=\"https:\/\/pazustpriedes.lv\/wp-content\/uploads\/2024\/02\/Leader-logo-150x150.jpg\" class=\"attachment-thumbnail size-thumbnail wp-image-1475\" alt=\"\" srcset=\"https:\/\/pazustpriedes.lv\/wp-content\/uploads\/2024\/02\/Leader-logo-150x150.jpg 150w, https:\/\/pazustpriedes.lv\/wp-content\/uploads\/2024\/02\/Leader-logo-300x300.jpg 300w, https:\/\/pazustpriedes.lv\/wp-content\/uploads\/2024\/02\/Leader-logo-100x100.jpg 100w, https:\/\/pazustpriedes.lv\/wp-content\/uploads\/2024\/02\/Leader-logo-600x601.jpg 600w, https:\/\/pazustpriedes.lv\/wp-content\/uploads\/2024\/02\/Leader-logo-e1730288580879.jpg 595w\" sizes=\"(max-width: 150px) 100vw, 150px\" \/>\t\t\t\t\t\t\t\t\t\t\t\t\t\t\t<\/div>\n\t\t\t\t<\/div>\n\t\t\t\t<\/div>\n\t\t<div class=\"elementor-element elementor-element-e645797 e-con-full e-flex e-con e-parent\" data-id=\"e645797\" data-element_type=\"container\" data-e-type=\"container\">\n\t\t\t\t<div class=\"elementor-element elementor-element-b6ede2b elementor-widget elementor-widget-image\" data-id=\"b6ede2b\" data-element_type=\"widget\" data-e-type=\"widget\" data-widget_type=\"image.default\">\n\t\t\t\t<div class=\"elementor-widget-container\">\n\t\t\t\t\t\t\t\t\t\t\t\t\t\t\t<img loading=\"lazy\" decoding=\"async\" width=\"150\" height=\"150\" src=\"https:\/\/pazustpriedes.lv\/wp-content\/uploads\/2024\/02\/LC_logo_eng_transparent_web-150x150.png\" class=\"attachment-thumbnail size-thumbnail wp-image-1476\" alt=\"\" srcset=\"https:\/\/pazustpriedes.lv\/wp-content\/uploads\/2024\/02\/LC_logo_eng_transparent_web-150x150.png 150w, https:\/\/pazustpriedes.lv\/wp-content\/uploads\/2024\/02\/LC_logo_eng_transparent_web-300x300.png 300w, https:\/\/pazustpriedes.lv\/wp-content\/uploads\/2024\/02\/LC_logo_eng_transparent_web-100x100.png 100w, https:\/\/pazustpriedes.lv\/wp-content\/uploads\/2024\/02\/LC_logo_eng_transparent_web.png 500w\" sizes=\"(max-width: 150px) 100vw, 150px\" \/>\t\t\t\t\t\t\t\t\t\t\t\t\t\t\t<\/div>\n\t\t\t\t<\/div>\n\t\t\t\t<\/div>\n\t\t<div class=\"elementor-element elementor-element-1293ab6 e-con-full e-flex e-con e-parent\" data-id=\"1293ab6\" data-element_type=\"container\" data-e-type=\"container\">\n\t\t\t\t<div class=\"elementor-element elementor-element-a213f98 elementor-widget elementor-widget-image\" data-id=\"a213f98\" data-element_type=\"widget\" data-e-type=\"widget\" data-widget_type=\"image.default\">\n\t\t\t\t<div class=\"elementor-widget-container\">\n\t\t\t\t\t\t\t\t\t\t\t\t\t\t\t<img loading=\"lazy\" decoding=\"async\" width=\"640\" height=\"426\" src=\"https:\/\/pazustpriedes.lv\/wp-content\/uploads\/2024\/02\/Jurtaka_logo_bez_teksta.pdf.png\" class=\"attachment-large size-large wp-image-1480\" alt=\"\" srcset=\"https:\/\/pazustpriedes.lv\/wp-content\/uploads\/2024\/02\/Jurtaka_logo_bez_teksta.pdf.png 640w, https:\/\/pazustpriedes.lv\/wp-content\/uploads\/2024\/02\/Jurtaka_logo_bez_teksta.pdf-600x399.png 600w, https:\/\/pazustpriedes.lv\/wp-content\/uploads\/2024\/02\/Jurtaka_logo_bez_teksta.pdf-300x200.png 300w\" sizes=\"(max-width: 640px) 100vw, 640px\" \/>\t\t\t\t\t\t\t\t\t\t\t\t\t\t\t<\/div>\n\t\t\t\t<\/div>\n\t\t\t\t<\/div>\n\t\t\t\t\t<\/div>\n\t\t\t\t<\/div>\n\t\t\t\t<section class=\"elementor-section elementor-top-section elementor-element elementor-element-8beec2c elementor-section-boxed elementor-section-height-default elementor-section-height-default\" data-id=\"8beec2c\" data-element_type=\"section\" data-e-type=\"section\">\n\t\t\t\t\t\t<div class=\"elementor-container elementor-column-gap-default\">\n\t\t\t\t\t<div class=\"elementor-column elementor-col-100 elementor-top-column elementor-element elementor-element-fb9ee36\" data-id=\"fb9ee36\" data-element_type=\"column\" data-e-type=\"column\">\n\t\t\t<div class=\"elementor-widget-wrap\">\n\t\t\t\t\t\t\t<\/div>\n\t\t<\/div>\n\t\t\t\t\t<\/div>\n\t\t<\/section>\n\t\t\t\t<section class=\"elementor-section elementor-top-section elementor-element elementor-element-742865d elementor-section-boxed elementor-section-height-default elementor-section-height-default\" data-id=\"742865d\" data-element_type=\"section\" data-e-type=\"section\">\n\t\t\t\t\t\t<div class=\"elementor-container elementor-column-gap-default\">\n\t\t\t\t\t<div class=\"elementor-column elementor-col-100 elementor-top-column elementor-element elementor-element-5b5aafc\" data-id=\"5b5aafc\" data-element_type=\"column\" data-e-type=\"column\">\n\t\t\t<div class=\"elementor-widget-wrap\">\n\t\t\t\t\t\t\t<\/div>\n\t\t<\/div>\n\t\t\t\t\t<\/div>\n\t\t<\/section>\n\t\t\t\t<\/div>","protected":false},"excerpt":{"rendered":"<p>Sadarb\u012bbas partneri 2022. un 2023.gad\u0101 ar ELFLA publisko l\u012bdzfinans\u0113jumu tika \u012bstenots projekts Nr.22-02-AL13-A019.2103-000013, kur\u0101 SIA &#8220;1August&#8221; ir uzb\u016bv\u0113jis jaunu atp\u016btas kompleksu, projekta nosaukums: &#8220;Jauna atp\u016btas kompleksa \u201cPazust Pried\u0113s\u201d izveide ar ment\u0101l\u0101s vesel\u012bbas uzlabo\u0161anas iesp\u0113j\u0101m&#8221;. 2023.gad\u0101 ar ELFLA publisko l\u012bdzfinans\u0113jumu SIA &#8220;1August&#8221; \u012bsteno projektu Nr.23-02-AL13-A019.2103-000003, projekta nosaukums: &#8220;Atp\u016btas kompleksa &#8220;Pazust Pried\u0113s&#8221; viesu iesp\u0113ju da\u017e\u0101do\u0161ana un vides &hellip;<\/p>\n<p class=\"read-more\"> <a class=\"\" href=\"https:\/\/pazustpriedes.lv\/en\/sadarbibas-partneri-copy\/\"> <span class=\"screen-reader-text\">Sadarb\u012bbas Partneri &#8211; Copy<\/span> Read More &raquo;<\/a><\/p>","protected":false},"author":1,"featured_media":569,"parent":0,"menu_order":0,"comment_status":"closed","ping_status":"closed","template":"","meta":{"site-sidebar-layout":"no-sidebar","site-content-layout":"page-builder","ast-global-header-display":"","ast-main-header-display":"","ast-hfb-above-header-display":"","ast-hfb-below-header-display":"","ast-hfb-mobile-header-display":"","site-post-title":"disabled","ast-breadcrumbs-content":"","ast-featured-img":"disabled","footer-sml-layout":"","theme-transparent-header-meta":"default","adv-header-id-meta":"","stick-header-meta":"","header-above-stick-meta":"","header-main-stick-meta":"","header-below-stick-meta":"","footnotes":""},"class_list":["post-1721","page","type-page","status-publish","has-post-thumbnail","hentry"],"yoast_head":"<!-- This site is optimized with the Yoast SEO plugin v24.0 - https:\/\/yoast.com\/wordpress\/plugins\/seo\/ -->\n<title>Sadarb\u012bbas Partneri - Copy - Atp\u016btas komplekss Pazust Pried\u0113s<\/title>\n<meta name=\"robots\" content=\"index, follow, max-snippet:-1, max-image-preview:large, max-video-preview:-1\" \/>\n<link rel=\"canonical\" href=\"https:\/\/pazustpriedes.lv\/en\/sadarbibas-partneri-copy\/\" \/>\n<meta property=\"og:locale\" content=\"en_GB\" \/>\n<meta property=\"og:type\" content=\"article\" \/>\n<meta property=\"og:title\" content=\"Sadarb\u012bbas Partneri - Copy - Atp\u016btas komplekss Pazust Pried\u0113s\" \/>\n<meta property=\"og:description\" content=\"Sadarb\u012bbas partneri 2022. un 2023.gad\u0101 ar ELFLA publisko l\u012bdzfinans\u0113jumu tika \u012bstenots projekts Nr.22-02-AL13-A019.2103-000013, kur\u0101 SIA &#8220;1August&#8221; ir uzb\u016bv\u0113jis jaunu atp\u016btas kompleksu, projekta nosaukums: &#8220;Jauna atp\u016btas kompleksa \u201cPazust Pried\u0113s\u201d izveide ar ment\u0101l\u0101s vesel\u012bbas uzlabo\u0161anas iesp\u0113j\u0101m&#8221;. 2023.gad\u0101 ar ELFLA publisko l\u012bdzfinans\u0113jumu SIA &#8220;1August&#8221; \u012bsteno projektu Nr.23-02-AL13-A019.2103-000003, projekta nosaukums: &#8220;Atp\u016btas kompleksa &#8220;Pazust Pried\u0113s&#8221; viesu iesp\u0113ju da\u017e\u0101do\u0161ana un vides &hellip; Sadarb\u012bbas Partneri &#8211; Copy Read More &raquo;\" \/>\n<meta property=\"og:url\" content=\"https:\/\/pazustpriedes.lv\/en\/sadarbibas-partneri-copy\/\" \/>\n<meta property=\"og:site_name\" content=\"Atp\u016btas komplekss Pazust Pried\u0113s\" \/>\n<meta property=\"og:image\" content=\"https:\/\/pazustpriedes.lv\/wp-content\/uploads\/2023\/02\/IMG-7965.jpg\" \/>\n\t<meta property=\"og:image:width\" content=\"960\" \/>\n\t<meta property=\"og:image:height\" content=\"502\" \/>\n\t<meta property=\"og:image:type\" content=\"image\/jpeg\" \/>\n<meta name=\"twitter:card\" content=\"summary_large_image\" \/>\n<meta name=\"twitter:label1\" content=\"Estimated reading time\" \/>\n\t<meta name=\"twitter:data1\" content=\"2 minutes\" \/>\n<script type=\"application\/ld+json\" class=\"yoast-schema-graph\">{\"@context\":\"https:\/\/schema.org\",\"@graph\":[{\"@type\":\"WebPage\",\"@id\":\"https:\/\/pazustpriedes.lv\/sadarbibas-partneri-copy\/\",\"url\":\"https:\/\/pazustpriedes.lv\/sadarbibas-partneri-copy\/\",\"name\":\"Sadarb\u012bbas Partneri - Copy - Atp\u016btas komplekss Pazust Pried\u0113s\",\"isPartOf\":{\"@id\":\"https:\/\/pazustpriedes.lv\/#website\"},\"primaryImageOfPage\":{\"@id\":\"https:\/\/pazustpriedes.lv\/sadarbibas-partneri-copy\/#primaryimage\"},\"image\":{\"@id\":\"https:\/\/pazustpriedes.lv\/sadarbibas-partneri-copy\/#primaryimage\"},\"thumbnailUrl\":\"https:\/\/pazustpriedes.lv\/wp-content\/uploads\/2023\/02\/IMG-7965.jpg\",\"datePublished\":\"2024-04-24T11:49:09+00:00\",\"dateModified\":\"2024-04-24T11:49:09+00:00\",\"breadcrumb\":{\"@id\":\"https:\/\/pazustpriedes.lv\/sadarbibas-partneri-copy\/#breadcrumb\"},\"inLanguage\":\"en-GB\",\"potentialAction\":[{\"@type\":\"ReadAction\",\"target\":[\"https:\/\/pazustpriedes.lv\/sadarbibas-partneri-copy\/\"]}]},{\"@type\":\"ImageObject\",\"inLanguage\":\"en-GB\",\"@id\":\"https:\/\/pazustpriedes.lv\/sadarbibas-partneri-copy\/#primaryimage\",\"url\":\"https:\/\/pazustpriedes.lv\/wp-content\/uploads\/2023\/02\/IMG-7965.jpg\",\"contentUrl\":\"https:\/\/pazustpriedes.lv\/wp-content\/uploads\/2023\/02\/IMG-7965.jpg\",\"width\":960,\"height\":502},{\"@type\":\"BreadcrumbList\",\"@id\":\"https:\/\/pazustpriedes.lv\/sadarbibas-partneri-copy\/#breadcrumb\",\"itemListElement\":[{\"@type\":\"ListItem\",\"position\":1,\"name\":\"Home\",\"item\":\"https:\/\/pazustpriedes.lv\/\"},{\"@type\":\"ListItem\",\"position\":2,\"name\":\"Sadarb\u012bbas Partneri &#8211; Copy\"}]},{\"@type\":\"WebSite\",\"@id\":\"https:\/\/pazustpriedes.lv\/#website\",\"url\":\"https:\/\/pazustpriedes.lv\/\",\"name\":\"Pazust Pried\u0113s\",\"description\":\"\",\"publisher\":{\"@id\":\"https:\/\/pazustpriedes.lv\/#organization\"},\"potentialAction\":[{\"@type\":\"SearchAction\",\"target\":{\"@type\":\"EntryPoint\",\"urlTemplate\":\"https:\/\/pazustpriedes.lv\/?s={search_term_string}\"},\"query-input\":{\"@type\":\"PropertyValueSpecification\",\"valueRequired\":true,\"valueName\":\"search_term_string\"}}],\"inLanguage\":\"en-GB\"},{\"@type\":\"Organization\",\"@id\":\"https:\/\/pazustpriedes.lv\/#organization\",\"name\":\"Pazust Pried\u0113s\",\"url\":\"https:\/\/pazustpriedes.lv\/\",\"logo\":{\"@type\":\"ImageObject\",\"inLanguage\":\"en-GB\",\"@id\":\"https:\/\/pazustpriedes.lv\/#\/schema\/logo\/image\/\",\"url\":\"https:\/\/pazustpriedes.lv\/wp-content\/uploads\/2023\/03\/PazustPriedes_logo_b-1-1.png\",\"contentUrl\":\"https:\/\/pazustpriedes.lv\/wp-content\/uploads\/2023\/03\/PazustPriedes_logo_b-1-1.png\",\"width\":2000,\"height\":2000,\"caption\":\"Pazust Pried\u0113s\"},\"image\":{\"@id\":\"https:\/\/pazustpriedes.lv\/#\/schema\/logo\/image\/\"}}]}<\/script>\n<!-- \/ Yoast SEO plugin. -->","yoast_head_json":{"title":"Sadarb\u012bbas Partneri - Copy - Atp\u016btas komplekss Pazust Pried\u0113s","robots":{"index":"index","follow":"follow","max-snippet":"max-snippet:-1","max-image-preview":"max-image-preview:large","max-video-preview":"max-video-preview:-1"},"canonical":"https:\/\/pazustpriedes.lv\/en\/sadarbibas-partneri-copy\/","og_locale":"en_GB","og_type":"article","og_title":"Sadarb\u012bbas Partneri - Copy - Atp\u016btas komplekss Pazust Pried\u0113s","og_description":"Sadarb\u012bbas partneri 2022. un 2023.gad\u0101 ar ELFLA publisko l\u012bdzfinans\u0113jumu tika \u012bstenots projekts Nr.22-02-AL13-A019.2103-000013, kur\u0101 SIA &#8220;1August&#8221; ir uzb\u016bv\u0113jis jaunu atp\u016btas kompleksu, projekta nosaukums: &#8220;Jauna atp\u016btas kompleksa \u201cPazust Pried\u0113s\u201d izveide ar ment\u0101l\u0101s vesel\u012bbas uzlabo\u0161anas iesp\u0113j\u0101m&#8221;. 2023.gad\u0101 ar ELFLA publisko l\u012bdzfinans\u0113jumu SIA &#8220;1August&#8221; \u012bsteno projektu Nr.23-02-AL13-A019.2103-000003, projekta nosaukums: &#8220;Atp\u016btas kompleksa &#8220;Pazust Pried\u0113s&#8221; viesu iesp\u0113ju da\u017e\u0101do\u0161ana un vides &hellip; Sadarb\u012bbas Partneri &#8211; Copy Read More &raquo;","og_url":"https:\/\/pazustpriedes.lv\/en\/sadarbibas-partneri-copy\/","og_site_name":"Atp\u016btas komplekss Pazust Pried\u0113s","og_image":[{"width":960,"height":502,"url":"https:\/\/pazustpriedes.lv\/wp-content\/uploads\/2023\/02\/IMG-7965.jpg","type":"image\/jpeg"}],"twitter_card":"summary_large_image","twitter_misc":{"Estimated reading time":"2 minutes"},"schema":{"@context":"https:\/\/schema.org","@graph":[{"@type":"WebPage","@id":"https:\/\/pazustpriedes.lv\/sadarbibas-partneri-copy\/","url":"https:\/\/pazustpriedes.lv\/sadarbibas-partneri-copy\/","name":"Sadarb\u012bbas Partneri - Copy - Atp\u016btas komplekss Pazust Pried\u0113s","isPartOf":{"@id":"https:\/\/pazustpriedes.lv\/#website"},"primaryImageOfPage":{"@id":"https:\/\/pazustpriedes.lv\/sadarbibas-partneri-copy\/#primaryimage"},"image":{"@id":"https:\/\/pazustpriedes.lv\/sadarbibas-partneri-copy\/#primaryimage"},"thumbnailUrl":"https:\/\/pazustpriedes.lv\/wp-content\/uploads\/2023\/02\/IMG-7965.jpg","datePublished":"2024-04-24T11:49:09+00:00","dateModified":"2024-04-24T11:49:09+00:00","breadcrumb":{"@id":"https:\/\/pazustpriedes.lv\/sadarbibas-partneri-copy\/#breadcrumb"},"inLanguage":"en-GB","potentialAction":[{"@type":"ReadAction","target":["https:\/\/pazustpriedes.lv\/sadarbibas-partneri-copy\/"]}]},{"@type":"ImageObject","inLanguage":"en-GB","@id":"https:\/\/pazustpriedes.lv\/sadarbibas-partneri-copy\/#primaryimage","url":"https:\/\/pazustpriedes.lv\/wp-content\/uploads\/2023\/02\/IMG-7965.jpg","contentUrl":"https:\/\/pazustpriedes.lv\/wp-content\/uploads\/2023\/02\/IMG-7965.jpg","width":960,"height":502},{"@type":"BreadcrumbList","@id":"https:\/\/pazustpriedes.lv\/sadarbibas-partneri-copy\/#breadcrumb","itemListElement":[{"@type":"ListItem","position":1,"name":"Home","item":"https:\/\/pazustpriedes.lv\/"},{"@type":"ListItem","position":2,"name":"Sadarb\u012bbas Partneri &#8211; Copy"}]},{"@type":"WebSite","@id":"https:\/\/pazustpriedes.lv\/#website","url":"https:\/\/pazustpriedes.lv\/","name":"Pazust Pried\u0113s","description":"","publisher":{"@id":"https:\/\/pazustpriedes.lv\/#organization"},"potentialAction":[{"@type":"SearchAction","target":{"@type":"EntryPoint","urlTemplate":"https:\/\/pazustpriedes.lv\/?s={search_term_string}"},"query-input":{"@type":"PropertyValueSpecification","valueRequired":true,"valueName":"search_term_string"}}],"inLanguage":"en-GB"},{"@type":"Organization","@id":"https:\/\/pazustpriedes.lv\/#organization","name":"Pazust Pried\u0113s","url":"https:\/\/pazustpriedes.lv\/","logo":{"@type":"ImageObject","inLanguage":"en-GB","@id":"https:\/\/pazustpriedes.lv\/#\/schema\/logo\/image\/","url":"https:\/\/pazustpriedes.lv\/wp-content\/uploads\/2023\/03\/PazustPriedes_logo_b-1-1.png","contentUrl":"https:\/\/pazustpriedes.lv\/wp-content\/uploads\/2023\/03\/PazustPriedes_logo_b-1-1.png","width":2000,"height":2000,"caption":"Pazust Pried\u0113s"},"image":{"@id":"https:\/\/pazustpriedes.lv\/#\/schema\/logo\/image\/"}}]}},"_links":{"self":[{"href":"https:\/\/pazustpriedes.lv\/en\/wp-json\/wp\/v2\/pages\/1721"}],"collection":[{"href":"https:\/\/pazustpriedes.lv\/en\/wp-json\/wp\/v2\/pages"}],"about":[{"href":"https:\/\/pazustpriedes.lv\/en\/wp-json\/wp\/v2\/types\/page"}],"author":[{"embeddable":true,"href":"https:\/\/pazustpriedes.lv\/en\/wp-json\/wp\/v2\/users\/1"}],"replies":[{"embeddable":true,"href":"https:\/\/pazustpriedes.lv\/en\/wp-json\/wp\/v2\/comments?post=1721"}],"version-history":[{"count":0,"href":"https:\/\/pazustpriedes.lv\/en\/wp-json\/wp\/v2\/pages\/1721\/revisions"}],"wp:featuredmedia":[{"embeddable":true,"href":"https:\/\/pazustpriedes.lv\/en\/wp-json\/wp\/v2\/media\/569"}],"wp:attachment":[{"href":"https:\/\/pazustpriedes.lv\/en\/wp-json\/wp\/v2\/media?parent=1721"}],"curies":[{"name":"wp","href":"https:\/\/api.w.org\/{rel}","templated":true}]}}