{"id":1212,"date":"2023-12-27T20:43:33","date_gmt":"2023-12-27T20:43:33","guid":{"rendered":"https:\/\/pazustpriedes.lv\/?page_id=1212"},"modified":"2025-10-05T10:38:25","modified_gmt":"2025-10-05T10:38:25","slug":"spa","status":"publish","type":"page","link":"https:\/\/pazustpriedes.lv\/en\/spa\/","title":{"rendered":"SPA"},"content":{"rendered":"<div data-elementor-type=\"wp-page\" data-elementor-id=\"1212\" class=\"elementor elementor-1212\">\n\t\t\t\t\t\t<section class=\"elementor-section elementor-top-section elementor-element elementor-element-1ac32df elementor-section-boxed elementor-section-height-default elementor-section-height-default\" data-id=\"1ac32df\" data-element_type=\"section\" data-e-type=\"section\">\n\t\t\t\t\t\t<div class=\"elementor-container elementor-column-gap-default\">\n\t\t\t\t\t<div class=\"elementor-column elementor-col-100 elementor-top-column elementor-element elementor-element-8086bc6\" data-id=\"8086bc6\" data-element_type=\"column\" data-e-type=\"column\">\n\t\t\t<div class=\"elementor-widget-wrap elementor-element-populated\">\n\t\t\t\t\t\t<div class=\"elementor-element elementor-element-fbe0a93 elementor-widget-divider--view-line elementor-widget elementor-widget-divider\" data-id=\"fbe0a93\" data-element_type=\"widget\" data-e-type=\"widget\" data-widget_type=\"divider.default\">\n\t\t\t\t<div class=\"elementor-widget-container\">\n\t\t\t\t\t\t\t<div class=\"elementor-divider\">\n\t\t\t<span class=\"elementor-divider-separator\">\n\t\t\t\t\t\t<\/span>\n\t\t<\/div>\n\t\t\t\t\t\t<\/div>\n\t\t\t\t<\/div>\n\t\t\t\t\t<\/div>\n\t\t<\/div>\n\t\t\t\t\t<\/div>\n\t\t<\/section>\n\t\t\t\t<section class=\"elementor-section elementor-top-section elementor-element elementor-element-7366ec8 elementor-section-boxed elementor-section-height-default elementor-section-height-default\" data-id=\"7366ec8\" data-element_type=\"section\" data-e-type=\"section\">\n\t\t\t\t\t\t<div class=\"elementor-container elementor-column-gap-default\">\n\t\t\t\t\t<div class=\"elementor-column elementor-col-100 elementor-top-column elementor-element elementor-element-a970f12\" data-id=\"a970f12\" data-element_type=\"column\" data-e-type=\"column\">\n\t\t\t<div class=\"elementor-widget-wrap elementor-element-populated\">\n\t\t\t\t\t\t<div class=\"elementor-element elementor-element-a57b01e elementor-widget elementor-widget-image\" data-id=\"a57b01e\" data-element_type=\"widget\" data-e-type=\"widget\" data-widget_type=\"image.default\">\n\t\t\t\t<div class=\"elementor-widget-container\">\n\t\t\t\t\t\t\t\t\t\t\t\t\t\t\t<img fetchpriority=\"high\" decoding=\"async\" width=\"768\" height=\"1365\" src=\"https:\/\/pazustpriedes.lv\/wp-content\/uploads\/2024\/07\/spa-zonas-piedavajums-768x1365.jpg\" class=\"attachment-medium_large size-medium_large wp-image-2213\" alt=\"\" srcset=\"https:\/\/pazustpriedes.lv\/wp-content\/uploads\/2024\/07\/spa-zonas-piedavajums-768x1365.jpg 768w, https:\/\/pazustpriedes.lv\/wp-content\/uploads\/2024\/07\/spa-zonas-piedavajums-169x300.jpg 169w, https:\/\/pazustpriedes.lv\/wp-content\/uploads\/2024\/07\/spa-zonas-piedavajums-576x1024.jpg 576w, https:\/\/pazustpriedes.lv\/wp-content\/uploads\/2024\/07\/spa-zonas-piedavajums-864x1536.jpg 864w, https:\/\/pazustpriedes.lv\/wp-content\/uploads\/2024\/07\/spa-zonas-piedavajums-7x12.jpg 7w, https:\/\/pazustpriedes.lv\/wp-content\/uploads\/2024\/07\/spa-zonas-piedavajums-600x1067.jpg 600w, https:\/\/pazustpriedes.lv\/wp-content\/uploads\/2024\/07\/spa-zonas-piedavajums.jpg 1080w\" sizes=\"(max-width: 768px) 100vw, 768px\" \/>\t\t\t\t\t\t\t\t\t\t\t\t\t\t\t<\/div>\n\t\t\t\t<\/div>\n\t\t\t\t<div class=\"elementor-element elementor-element-41530bb elementor-widget elementor-widget-spacer\" data-id=\"41530bb\" data-element_type=\"widget\" data-e-type=\"widget\" data-widget_type=\"spacer.default\">\n\t\t\t\t<div class=\"elementor-widget-container\">\n\t\t\t\t\t\t\t<div class=\"elementor-spacer\">\n\t\t\t<div class=\"elementor-spacer-inner\"><\/div>\n\t\t<\/div>\n\t\t\t\t\t\t<\/div>\n\t\t\t\t<\/div>\n\t\t\t\t\t<\/div>\n\t\t<\/div>\n\t\t\t\t\t<\/div>\n\t\t<\/section>\n\t\t<div class=\"elementor-element elementor-element-c2e0f79 elementor-hidden-mobile e-flex e-con-boxed e-con e-parent\" data-id=\"c2e0f79\" data-element_type=\"container\" data-e-type=\"container\">\n\t\t\t\t\t<div class=\"e-con-inner\">\n\t\t\t\t<div class=\"elementor-element elementor-element-7e56879 elementor-widget-mobile__width-inherit elementor-hidden-mobile elementor-widget elementor-widget-eael-image-accordion\" data-id=\"7e56879\" data-element_type=\"widget\" data-e-type=\"widget\" data-widget_type=\"eael-image-accordion.default\">\n\t\t\t\t<div class=\"elementor-widget-container\">\n\t\t\t\t\t    <div class=\"eael-img-accordion accordion-direction-horizontal eael-img-accordion-horizontal-align-center eael-img-accordion-vertical-align-center\" id=\"eael-img-accordion-7e56879\" data-img-accordion-id=\"7e56879\" data-img-accordion-type=\"on-hover\">\n                    \n            <div class=\"eael-image-accordion-hover eael-image-accordion-item\" style=\"background-image: url(https:\/\/pazustpriedes.lv\/wp-content\/uploads\/2024\/08\/FotoValtersPelns_web-0116.jpg);\"  tabindex=\"0\">\n                <div class=\"overlay\">\n                                        <div class=\"overlay-inner\">\n                        <h2 class=\"img-accordion-title\">Karsts kubls<\/h2>                    <\/div>\n                <\/div>\n            <\/div>\n                    \n            <div class=\"eael-image-accordion-hover eael-image-accordion-item\" style=\"background-image: url(https:\/\/pazustpriedes.lv\/wp-content\/uploads\/2024\/08\/IMG-134-scaled.jpg);\"  tabindex=\"0\">\n                <div class=\"overlay\">\n                                        <div class=\"overlay-inner\">\n                        <h2 class=\"img-accordion-title\">Prie\u017eu pumpuru t\u0113ja<\/h2>                    <\/div>\n                <\/div>\n            <\/div>\n                    \n            <div class=\"eael-image-accordion-hover eael-image-accordion-item\" style=\"background-image: url(https:\/\/pazustpriedes.lv\/wp-content\/uploads\/2024\/08\/Screenshot-2024-07-13-at-20.36.30.png);\"  tabindex=\"0\">\n                <div class=\"overlay\">\n                                        <div class=\"overlay-inner\">\n                        <h2 class=\"img-accordion-title\">Prie\u017eu iesk\u0101vums<\/h2>                    <\/div>\n                <\/div>\n            <\/div>\n                    \n            <div class=\"eael-image-accordion-hover eael-image-accordion-item\" style=\"background-image: url(https:\/\/pazustpriedes.lv\/wp-content\/uploads\/2024\/08\/FotoValtersPelns_web-0009.jpg);\"  tabindex=\"0\">\n                <div class=\"overlay\">\n                                        <div class=\"overlay-inner\">\n                        <h2 class=\"img-accordion-title\">Saunas telpa<\/h2>                    <\/div>\n                <\/div>\n            <\/div>\n                    \n            <div class=\"eael-image-accordion-hover eael-image-accordion-item\" style=\"background-image: url(https:\/\/pazustpriedes.lv\/wp-content\/uploads\/2024\/08\/Tezza-4540-scaled.jpeg);\"  tabindex=\"0\">\n                <div class=\"overlay\">\n                                        <div class=\"overlay-inner\">\n                        <h2 class=\"img-accordion-title\">Mierpilna gaisotne<\/h2>                    <\/div>\n                <\/div>\n            <\/div>\n                    \n            <div class=\"eael-image-accordion-hover eael-image-accordion-item\" style=\"background-image: url(https:\/\/pazustpriedes.lv\/wp-content\/uploads\/2024\/08\/DSC07653-rotated.jpg);\"  tabindex=\"0\">\n                <div class=\"overlay\">\n                                        <div class=\"overlay-inner\">\n                        <h2 class=\"img-accordion-title\">\u0112terisko e\u013c\u013cu izlase<\/h2>                    <\/div>\n                <\/div>\n            <\/div>\n                    \n            <div class=\"eael-image-accordion-hover eael-image-accordion-item\" style=\"background-image: url(https:\/\/pazustpriedes.lv\/wp-content\/uploads\/2024\/08\/FotoValtersPelns_web-0006.jpg);\"  tabindex=\"0\">\n                <div class=\"overlay\">\n                                        <div class=\"overlay-inner\">\n                        <h2 class=\"img-accordion-title\">Gongs pa\u0161izp\u0113tei<\/h2>                    <\/div>\n                <\/div>\n            <\/div>\n                    \n            <div class=\"eael-image-accordion-hover eael-image-accordion-item\" style=\"background-image: url(https:\/\/pazustpriedes.lv\/wp-content\/uploads\/2024\/08\/FotoValtersPelns_web-0123.jpg);\"  tabindex=\"0\">\n                <div class=\"overlay\">\n                                        <div class=\"overlay-inner\">\n                        <h2 class=\"img-accordion-title\">Grila vieta\u00a0<\/h2>                    <\/div>\n                <\/div>\n            <\/div>\n                <\/div>\n        <style typr=\"text\/css\">\n                    #eael-img-accordion-7e56879 .eael-image-accordion-hover:hover {\n                        flex: 3 1 0% !important;\n                    }\n                    #eael-img-accordion-7e56879 .eael-image-accordion-hover:hover:hover .overlay-inner * {\n                        opacity: 1;\n                        visibility: visible;\n                        transform: none;\n                        transition: all .3s .3s;\n                    }\n                <\/style>\t\t\t\t<\/div>\n\t\t\t\t<\/div>\n\t\t\t\t\t<\/div>\n\t\t\t\t<\/div>\n\t\t<div class=\"elementor-element elementor-element-03f8afe e-flex e-con-boxed e-con e-parent\" data-id=\"03f8afe\" data-element_type=\"container\" data-e-type=\"container\">\n\t\t\t\t\t<div class=\"e-con-inner\">\n\t\t\t\t<div class=\"elementor-element elementor-element-c05fdb7 elementor-widget-mobile__width-inherit elementor-hidden-desktop elementor-widget elementor-widget-eael-image-accordion\" data-id=\"c05fdb7\" data-element_type=\"widget\" data-e-type=\"widget\" data-widget_type=\"eael-image-accordion.default\">\n\t\t\t\t<div class=\"elementor-widget-container\">\n\t\t\t\t\t    <div class=\"eael-img-accordion accordion-direction-vertical eael-img-accordion-horizontal-align-center eael-img-accordion-vertical-align-center\" id=\"eael-img-accordion-c05fdb7\" data-img-accordion-id=\"c05fdb7\" data-img-accordion-type=\"on-hover\">\n                    \n            <div class=\"eael-image-accordion-hover eael-image-accordion-item overlay-active\" style=\"background-image: url(https:\/\/pazustpriedes.lv\/wp-content\/uploads\/2024\/08\/FotoValtersPelns_web-0116.jpg); flex: 3 1 0%;\"  tabindex=\"0\">\n                <div class=\"overlay\">\n                                        <div class=\"overlay-inner  overlay-inner-show\">\n                        <h2 class=\"img-accordion-title\">Karsts kubls<\/h2>                    <\/div>\n                <\/div>\n            <\/div>\n                    \n            <div class=\"eael-image-accordion-hover eael-image-accordion-item overlay-active\" style=\"background-image: url(https:\/\/pazustpriedes.lv\/wp-content\/uploads\/2024\/08\/IMG-134-scaled.jpg); flex: 3 1 0%;\"  tabindex=\"0\">\n                <div class=\"overlay\">\n                                        <div class=\"overlay-inner  overlay-inner-show\">\n                        <h2 class=\"img-accordion-title\">Prie\u017eu pumpuru t\u0113ja<\/h2>                    <\/div>\n                <\/div>\n            <\/div>\n                    \n            <div class=\"eael-image-accordion-hover eael-image-accordion-item overlay-active\" style=\"background-image: url(https:\/\/pazustpriedes.lv\/wp-content\/uploads\/2024\/08\/Screenshot-2024-07-13-at-20.36.30.png); flex: 3 1 0%;\"  tabindex=\"0\">\n                <div class=\"overlay\">\n                                        <div class=\"overlay-inner  overlay-inner-show\">\n                        <h2 class=\"img-accordion-title\">Prie\u017eu iesk\u0101vums<\/h2>                    <\/div>\n                <\/div>\n            <\/div>\n                    \n            <div class=\"eael-image-accordion-hover eael-image-accordion-item overlay-active\" style=\"background-image: url(https:\/\/pazustpriedes.lv\/wp-content\/uploads\/2024\/08\/FotoValtersPelns_web-0009.jpg); flex: 3 1 0%;\"  tabindex=\"0\">\n                <div class=\"overlay\">\n                                        <div class=\"overlay-inner  overlay-inner-show\">\n                        <h2 class=\"img-accordion-title\">Saunas telpa<\/h2>                    <\/div>\n                <\/div>\n            <\/div>\n                    \n            <div class=\"eael-image-accordion-hover eael-image-accordion-item overlay-active\" style=\"background-image: url(https:\/\/pazustpriedes.lv\/wp-content\/uploads\/2024\/08\/Tezza-4540-scaled.jpeg); flex: 3 1 0%;\"  tabindex=\"0\">\n                <div class=\"overlay\">\n                                        <div class=\"overlay-inner  overlay-inner-show\">\n                        <h2 class=\"img-accordion-title\">Mierpilna gaisotne<\/h2>                    <\/div>\n                <\/div>\n            <\/div>\n                    \n            <div class=\"eael-image-accordion-hover eael-image-accordion-item overlay-active\" style=\"background-image: url(https:\/\/pazustpriedes.lv\/wp-content\/uploads\/2024\/08\/DSC07653-rotated.jpg); flex: 3 1 0%;\"  tabindex=\"0\">\n                <div class=\"overlay\">\n                                        <div class=\"overlay-inner  overlay-inner-show\">\n                        <h2 class=\"img-accordion-title\">\u0112terisko e\u013c\u013cu izlase<\/h2>                    <\/div>\n                <\/div>\n            <\/div>\n                    \n            <div class=\"eael-image-accordion-hover eael-image-accordion-item overlay-active\" style=\"background-image: url(https:\/\/pazustpriedes.lv\/wp-content\/uploads\/2024\/08\/FotoValtersPelns_web-0006.jpg); flex: 3 1 0%;\"  tabindex=\"0\">\n                <div class=\"overlay\">\n                                        <div class=\"overlay-inner  overlay-inner-show\">\n                        <h2 class=\"img-accordion-title\">Gongs pa\u0161izp\u0113tei<\/h2>                    <\/div>\n                <\/div>\n            <\/div>\n                    \n            <div class=\"eael-image-accordion-hover eael-image-accordion-item overlay-active\" style=\"background-image: url(https:\/\/pazustpriedes.lv\/wp-content\/uploads\/2024\/08\/FotoValtersPelns_web-0123.jpg); flex: 3 1 0%;\"  tabindex=\"0\">\n                <div class=\"overlay\">\n                                        <div class=\"overlay-inner  overlay-inner-show\">\n                        <h2 class=\"img-accordion-title\">Grila vieta\u00a0<\/h2>                    <\/div>\n                <\/div>\n            <\/div>\n                <\/div>\n        <style typr=\"text\/css\">\n                    #eael-img-accordion-c05fdb7 .eael-image-accordion-hover:hover {\n                        flex: 3 1 0% !important;\n                    }\n                    #eael-img-accordion-c05fdb7 .eael-image-accordion-hover:hover:hover .overlay-inner * {\n                        opacity: 1;\n                        visibility: visible;\n                        transform: none;\n                        transition: all .3s .3s;\n                    }\n                <\/style>\t\t\t\t<\/div>\n\t\t\t\t<\/div>\n\t\t\t\t\t<\/div>\n\t\t\t\t<\/div>\n\t\t\t\t<\/div>","protected":false},"excerpt":{"rendered":"<p>Karsts kubls Prie\u017eu pumpuru t\u0113ja Prie\u017eu iesk\u0101vums Saunas telpa Mierpilna gaisotne \u0112terisko e\u013c\u013cu izlase Gongs pa\u0161izp\u0113tei Grila vieta\u00a0 Karsts kubls Prie\u017eu pumpuru t\u0113ja Prie\u017eu iesk\u0101vums Saunas telpa Mierpilna gaisotne \u0112terisko e\u013c\u013cu izlase Gongs pa\u0161izp\u0113tei Grila vieta\u00a0<\/p>","protected":false},"author":1,"featured_media":569,"parent":0,"menu_order":0,"comment_status":"closed","ping_status":"closed","template":"elementor_header_footer","meta":{"site-sidebar-layout":"no-sidebar","site-content-layout":"page-builder","ast-global-header-display":"","ast-main-header-display":"","ast-hfb-above-header-display":"","ast-hfb-below-header-display":"","ast-hfb-mobile-header-display":"","site-post-title":"disabled","ast-breadcrumbs-content":"","ast-featured-img":"disabled","footer-sml-layout":"","theme-transparent-header-meta":"default","adv-header-id-meta":"","stick-header-meta":"","header-above-stick-meta":"","header-main-stick-meta":"","header-below-stick-meta":"","footnotes":""},"class_list":["post-1212","page","type-page","status-publish","has-post-thumbnail","hentry"],"yoast_head":"<!-- This site is optimized with the Yoast SEO plugin v24.0 - https:\/\/yoast.com\/wordpress\/plugins\/seo\/ -->\n<title>SPA - Atp\u016btas komplekss Pazust Pried\u0113s<\/title>\n<meta name=\"robots\" content=\"index, follow, max-snippet:-1, max-image-preview:large, max-video-preview:-1\" \/>\n<link rel=\"canonical\" href=\"https:\/\/pazustpriedes.lv\/en\/spa\/\" \/>\n<meta property=\"og:locale\" content=\"en_GB\" \/>\n<meta property=\"og:type\" content=\"article\" \/>\n<meta property=\"og:title\" content=\"SPA - Atp\u016btas komplekss Pazust Pried\u0113s\" \/>\n<meta property=\"og:description\" content=\"Karsts kubls Prie\u017eu pumpuru t\u0113ja Prie\u017eu iesk\u0101vums Saunas telpa Mierpilna gaisotne \u0112terisko e\u013c\u013cu izlase Gongs pa\u0161izp\u0113tei Grila vieta\u00a0 Karsts kubls Prie\u017eu pumpuru t\u0113ja Prie\u017eu iesk\u0101vums Saunas telpa Mierpilna gaisotne \u0112terisko e\u013c\u013cu izlase Gongs pa\u0161izp\u0113tei Grila vieta\u00a0\" \/>\n<meta property=\"og:url\" content=\"https:\/\/pazustpriedes.lv\/en\/spa\/\" \/>\n<meta property=\"og:site_name\" content=\"Atp\u016btas komplekss Pazust Pried\u0113s\" \/>\n<meta property=\"article:modified_time\" content=\"2025-10-05T10:38:25+00:00\" \/>\n<meta property=\"og:image\" content=\"https:\/\/pazustpriedes.lv\/wp-content\/uploads\/2023\/02\/IMG-7965.jpg\" \/>\n\t<meta property=\"og:image:width\" content=\"960\" \/>\n\t<meta property=\"og:image:height\" content=\"502\" \/>\n\t<meta property=\"og:image:type\" content=\"image\/jpeg\" \/>\n<meta name=\"twitter:card\" content=\"summary_large_image\" \/>\n<meta name=\"twitter:label1\" content=\"Estimated reading time\" \/>\n\t<meta name=\"twitter:data1\" content=\"1 minute\" \/>\n<script type=\"application\/ld+json\" class=\"yoast-schema-graph\">{\"@context\":\"https:\/\/schema.org\",\"@graph\":[{\"@type\":\"WebPage\",\"@id\":\"https:\/\/pazustpriedes.lv\/spa\/\",\"url\":\"https:\/\/pazustpriedes.lv\/spa\/\",\"name\":\"SPA - Atp\u016btas komplekss Pazust Pried\u0113s\",\"isPartOf\":{\"@id\":\"https:\/\/pazustpriedes.lv\/#website\"},\"primaryImageOfPage\":{\"@id\":\"https:\/\/pazustpriedes.lv\/spa\/#primaryimage\"},\"image\":{\"@id\":\"https:\/\/pazustpriedes.lv\/spa\/#primaryimage\"},\"thumbnailUrl\":\"https:\/\/pazustpriedes.lv\/wp-content\/uploads\/2023\/02\/IMG-7965.jpg\",\"datePublished\":\"2023-12-27T20:43:33+00:00\",\"dateModified\":\"2025-10-05T10:38:25+00:00\",\"breadcrumb\":{\"@id\":\"https:\/\/pazustpriedes.lv\/spa\/#breadcrumb\"},\"inLanguage\":\"en-GB\",\"potentialAction\":[{\"@type\":\"ReadAction\",\"target\":[\"https:\/\/pazustpriedes.lv\/spa\/\"]}]},{\"@type\":\"ImageObject\",\"inLanguage\":\"en-GB\",\"@id\":\"https:\/\/pazustpriedes.lv\/spa\/#primaryimage\",\"url\":\"https:\/\/pazustpriedes.lv\/wp-content\/uploads\/2023\/02\/IMG-7965.jpg\",\"contentUrl\":\"https:\/\/pazustpriedes.lv\/wp-content\/uploads\/2023\/02\/IMG-7965.jpg\",\"width\":960,\"height\":502},{\"@type\":\"BreadcrumbList\",\"@id\":\"https:\/\/pazustpriedes.lv\/spa\/#breadcrumb\",\"itemListElement\":[{\"@type\":\"ListItem\",\"position\":1,\"name\":\"Home\",\"item\":\"https:\/\/pazustpriedes.lv\/\"},{\"@type\":\"ListItem\",\"position\":2,\"name\":\"SPA\"}]},{\"@type\":\"WebSite\",\"@id\":\"https:\/\/pazustpriedes.lv\/#website\",\"url\":\"https:\/\/pazustpriedes.lv\/\",\"name\":\"Pazust Pried\u0113s\",\"description\":\"\",\"publisher\":{\"@id\":\"https:\/\/pazustpriedes.lv\/#organization\"},\"potentialAction\":[{\"@type\":\"SearchAction\",\"target\":{\"@type\":\"EntryPoint\",\"urlTemplate\":\"https:\/\/pazustpriedes.lv\/?s={search_term_string}\"},\"query-input\":{\"@type\":\"PropertyValueSpecification\",\"valueRequired\":true,\"valueName\":\"search_term_string\"}}],\"inLanguage\":\"en-GB\"},{\"@type\":\"Organization\",\"@id\":\"https:\/\/pazustpriedes.lv\/#organization\",\"name\":\"Pazust Pried\u0113s\",\"url\":\"https:\/\/pazustpriedes.lv\/\",\"logo\":{\"@type\":\"ImageObject\",\"inLanguage\":\"en-GB\",\"@id\":\"https:\/\/pazustpriedes.lv\/#\/schema\/logo\/image\/\",\"url\":\"https:\/\/pazustpriedes.lv\/wp-content\/uploads\/2023\/03\/PazustPriedes_logo_b-1-1.png\",\"contentUrl\":\"https:\/\/pazustpriedes.lv\/wp-content\/uploads\/2023\/03\/PazustPriedes_logo_b-1-1.png\",\"width\":2000,\"height\":2000,\"caption\":\"Pazust Pried\u0113s\"},\"image\":{\"@id\":\"https:\/\/pazustpriedes.lv\/#\/schema\/logo\/image\/\"}}]}<\/script>\n<!-- \/ Yoast SEO plugin. -->","yoast_head_json":{"title":"SPA - Atp\u016btas komplekss Pazust Pried\u0113s","robots":{"index":"index","follow":"follow","max-snippet":"max-snippet:-1","max-image-preview":"max-image-preview:large","max-video-preview":"max-video-preview:-1"},"canonical":"https:\/\/pazustpriedes.lv\/en\/spa\/","og_locale":"en_GB","og_type":"article","og_title":"SPA - Atp\u016btas komplekss Pazust Pried\u0113s","og_description":"Karsts kubls Prie\u017eu pumpuru t\u0113ja Prie\u017eu iesk\u0101vums Saunas telpa Mierpilna gaisotne \u0112terisko e\u013c\u013cu izlase Gongs pa\u0161izp\u0113tei Grila vieta\u00a0 Karsts kubls Prie\u017eu pumpuru t\u0113ja Prie\u017eu iesk\u0101vums Saunas telpa Mierpilna gaisotne \u0112terisko e\u013c\u013cu izlase Gongs pa\u0161izp\u0113tei Grila vieta\u00a0","og_url":"https:\/\/pazustpriedes.lv\/en\/spa\/","og_site_name":"Atp\u016btas komplekss Pazust Pried\u0113s","article_modified_time":"2025-10-05T10:38:25+00:00","og_image":[{"width":960,"height":502,"url":"https:\/\/pazustpriedes.lv\/wp-content\/uploads\/2023\/02\/IMG-7965.jpg","type":"image\/jpeg"}],"twitter_card":"summary_large_image","twitter_misc":{"Estimated reading time":"1 minute"},"schema":{"@context":"https:\/\/schema.org","@graph":[{"@type":"WebPage","@id":"https:\/\/pazustpriedes.lv\/spa\/","url":"https:\/\/pazustpriedes.lv\/spa\/","name":"SPA - Atp\u016btas komplekss Pazust Pried\u0113s","isPartOf":{"@id":"https:\/\/pazustpriedes.lv\/#website"},"primaryImageOfPage":{"@id":"https:\/\/pazustpriedes.lv\/spa\/#primaryimage"},"image":{"@id":"https:\/\/pazustpriedes.lv\/spa\/#primaryimage"},"thumbnailUrl":"https:\/\/pazustpriedes.lv\/wp-content\/uploads\/2023\/02\/IMG-7965.jpg","datePublished":"2023-12-27T20:43:33+00:00","dateModified":"2025-10-05T10:38:25+00:00","breadcrumb":{"@id":"https:\/\/pazustpriedes.lv\/spa\/#breadcrumb"},"inLanguage":"en-GB","potentialAction":[{"@type":"ReadAction","target":["https:\/\/pazustpriedes.lv\/spa\/"]}]},{"@type":"ImageObject","inLanguage":"en-GB","@id":"https:\/\/pazustpriedes.lv\/spa\/#primaryimage","url":"https:\/\/pazustpriedes.lv\/wp-content\/uploads\/2023\/02\/IMG-7965.jpg","contentUrl":"https:\/\/pazustpriedes.lv\/wp-content\/uploads\/2023\/02\/IMG-7965.jpg","width":960,"height":502},{"@type":"BreadcrumbList","@id":"https:\/\/pazustpriedes.lv\/spa\/#breadcrumb","itemListElement":[{"@type":"ListItem","position":1,"name":"Home","item":"https:\/\/pazustpriedes.lv\/"},{"@type":"ListItem","position":2,"name":"SPA"}]},{"@type":"WebSite","@id":"https:\/\/pazustpriedes.lv\/#website","url":"https:\/\/pazustpriedes.lv\/","name":"Pazust Pried\u0113s","description":"","publisher":{"@id":"https:\/\/pazustpriedes.lv\/#organization"},"potentialAction":[{"@type":"SearchAction","target":{"@type":"EntryPoint","urlTemplate":"https:\/\/pazustpriedes.lv\/?s={search_term_string}"},"query-input":{"@type":"PropertyValueSpecification","valueRequired":true,"valueName":"search_term_string"}}],"inLanguage":"en-GB"},{"@type":"Organization","@id":"https:\/\/pazustpriedes.lv\/#organization","name":"Pazust Pried\u0113s","url":"https:\/\/pazustpriedes.lv\/","logo":{"@type":"ImageObject","inLanguage":"en-GB","@id":"https:\/\/pazustpriedes.lv\/#\/schema\/logo\/image\/","url":"https:\/\/pazustpriedes.lv\/wp-content\/uploads\/2023\/03\/PazustPriedes_logo_b-1-1.png","contentUrl":"https:\/\/pazustpriedes.lv\/wp-content\/uploads\/2023\/03\/PazustPriedes_logo_b-1-1.png","width":2000,"height":2000,"caption":"Pazust Pried\u0113s"},"image":{"@id":"https:\/\/pazustpriedes.lv\/#\/schema\/logo\/image\/"}}]}},"_links":{"self":[{"href":"https:\/\/pazustpriedes.lv\/en\/wp-json\/wp\/v2\/pages\/1212"}],"collection":[{"href":"https:\/\/pazustpriedes.lv\/en\/wp-json\/wp\/v2\/pages"}],"about":[{"href":"https:\/\/pazustpriedes.lv\/en\/wp-json\/wp\/v2\/types\/page"}],"author":[{"embeddable":true,"href":"https:\/\/pazustpriedes.lv\/en\/wp-json\/wp\/v2\/users\/1"}],"replies":[{"embeddable":true,"href":"https:\/\/pazustpriedes.lv\/en\/wp-json\/wp\/v2\/comments?post=1212"}],"version-history":[{"count":24,"href":"https:\/\/pazustpriedes.lv\/en\/wp-json\/wp\/v2\/pages\/1212\/revisions"}],"predecessor-version":[{"id":2833,"href":"https:\/\/pazustpriedes.lv\/en\/wp-json\/wp\/v2\/pages\/1212\/revisions\/2833"}],"wp:featuredmedia":[{"embeddable":true,"href":"https:\/\/pazustpriedes.lv\/en\/wp-json\/wp\/v2\/media\/569"}],"wp:attachment":[{"href":"https:\/\/pazustpriedes.lv\/en\/wp-json\/wp\/v2\/media?parent=1212"}],"curies":[{"name":"wp","href":"https:\/\/api.w.org\/{rel}","templated":true}]}}